{"id":97,"date":"2013-02-21T22:28:46","date_gmt":"2013-02-21T21:28:46","guid":{"rendered":"http:\/\/localhost\/VUCC\/?page_id=97"},"modified":"2023-02-17T19:01:55","modified_gmt":"2023-02-17T18:01:55","slug":"mentions-legales","status":"publish","type":"page","link":"http:\/\/www.voyagesutilesencampingcar.fr\/?page_id=97","title":{"rendered":"Mentions l\u00e9gales"},"content":{"rendered":"<p>Site de l&rsquo;association VUCC &#8211; Voyages Utiles en Camping-Car.<\/p>\n<p>R\u00e9dacteur en chef : G\u00e9rard MERLE &#8211; Pr\u00e9sident<\/p>\n","protected":false},"excerpt":{"rendered":"<p>Site de l&rsquo;association VUCC &#8211; Voyages Utiles en Camping-Car. R\u00e9dacteur en chef : G\u00e9rard MERLE &#8211; Pr\u00e9sident<\/p>\n","protected":false},"author":1,"featured_media":0,"parent":0,"menu_order":0,"comment_status":"closed","ping_status":"closed","template":"template-sidebar-right.php","meta":{"footnotes":""},"class_list":["post-97","page","type-page","status-publish","hentry"],"_links":{"self":[{"href":"http:\/\/www.voyagesutilesencampingcar.fr\/index.php?rest_route=\/wp\/v2\/pages\/97","targetHints":{"allow":["GET"]}}],"collection":[{"href":"http:\/\/www.voyagesutilesencampingcar.fr\/index.php?rest_route=\/wp\/v2\/pages"}],"about":[{"href":"http:\/\/www.voyagesutilesencampingcar.fr\/index.php?rest_route=\/wp\/v2\/types\/page"}],"author":[{"embeddable":true,"href":"http:\/\/www.voyagesutilesencampingcar.fr\/index.php?rest_route=\/wp\/v2\/users\/1"}],"replies":[{"embeddable":true,"href":"http:\/\/www.voyagesutilesencampingcar.fr\/index.php?rest_route=%2Fwp%2Fv2%2Fcomments&post=97"}],"version-history":[{"count":1,"href":"http:\/\/www.voyagesutilesencampingcar.fr\/index.php?rest_route=\/wp\/v2\/pages\/97\/revisions"}],"predecessor-version":[{"id":1661,"href":"http:\/\/www.voyagesutilesencampingcar.fr\/index.php?rest_route=\/wp\/v2\/pages\/97\/revisions\/1661"}],"wp:attachment":[{"href":"http:\/\/www.voyagesutilesencampingcar.fr\/index.php?rest_route=%2Fwp%2Fv2%2Fmedia&parent=97"}],"curies":[{"name":"wp","href":"https:\/\/api.w.org\/{rel}","templated":true}]}}