{"id":933,"date":"2018-11-25T15:18:44","date_gmt":"2018-11-25T14:18:44","guid":{"rendered":"http:\/\/www.voyagesutilesencampingcar.fr\/?page_id=933"},"modified":"2023-03-27T19:36:47","modified_gmt":"2023-03-27T18:36:47","slug":"escapades-2017","status":"publish","type":"page","link":"http:\/\/www.voyagesutilesencampingcar.fr\/?page_id=933","title":{"rendered":"Escapades 2017"},"content":{"rendered":"<h4><span style=\"color: #008000;\"><strong>\u2248&gt; 2017<\/strong><\/span><\/h4>\n<p><img loading=\"lazy\" decoding=\"async\" class=\"wp-image-811 alignleft\" src=\"http:\/\/www.voyagesutilesencampingcar.fr\/wp-content\/uploads\/2017\/12\/20171115001EscapBeaujolaisBeaujeu-320x200-300x200.jpg\" alt=\"\" width=\"243\" height=\"162\" srcset=\"http:\/\/www.voyagesutilesencampingcar.fr\/wp-content\/uploads\/2017\/12\/20171115001EscapBeaujolaisBeaujeu-320x200.jpg 300w, http:\/\/www.voyagesutilesencampingcar.fr\/wp-content\/uploads\/2017\/12\/20171115001EscapBeaujolaisBeaujeu-320x200-83x55.jpg 83w, http:\/\/www.voyagesutilesencampingcar.fr\/wp-content\/uploads\/2017\/12\/20171115001EscapBeaujolaisBeaujeu-320x200-120x80.jpg 120w\" sizes=\"auto, (max-width: 243px) 100vw, 243px\" \/><strong>LE BEAUJOLAIS NOUVEAU<\/strong><\/p>\n<p><strong>Escapade en beaujolais du 15 au 19 novembre<\/strong><\/p>\n<p><strong>Propos\u00e9e par Marilou et Jean-Claude Gl\u00e9nard<\/strong><\/p>\n<p><a href=\"\/wp-content\/uploads\/2017\/12\/Beaujolais\/album\/index.html\" target=\"_blank\" rel=\"noopener\"><strong>(Voir l&rsquo;album photos)<\/strong><\/a><\/p>\n<p>Un jour une petite voix est venue nous souffler \u00e0 l\u2019oreille de venir faire la f\u00eate en Beaujolais au moment de la mise en perce du Beaujolais nouveau.<br \/>\nAlors, nous avons pris la route et rejoint les copains qui, eux aussi, avaient entendu le message.<br \/>\nNous nous sommes retrouv\u00e9s \u00e0 10 \u00e9quipages \u00e0 la f\u00eate des Sarmentelles de BEAUJEU pour le lancement des festivit\u00e9s.<br \/>\nC\u2019est alors, un verre autour du cou, que nous avons arpent\u00e9, \u00e0 la nuit tombante, les rues de BEAUJEU \u00e0 la rencontre des viticulteurs passionn\u00e9s venus nous faire d\u00e9couvrir leur nectar. Brouilly, Ch\u00e9nas, C\u00f4te de Brouilly, Chiroubles, Fleurie, Juli\u00e9nas, Morgon, Moulin \u00e0 Vent, R\u00e9gni\u00e9, Saint Amour, Beaujolais-Villages, Beaujolais, nous les avons tous go\u00fbt\u00e9s sous un froid hivernal.<br \/>\nNotre soir\u00e9e s\u2019est achev\u00e9e avec la mise en perce du Beaujolais nouveau \u00e0 minuit et un spectacle pyrotechnique pr\u00e9c\u00e9d\u00e9 d\u2019un cort\u00e8ge festif de brouettes aux sarments enflamm\u00e9s.<br \/>\nLes jours suivants ont \u00e9t\u00e9 ponctu\u00e9s de d\u00e9couvertes :<\/p>\n<ul>\n<li>Du patrimoine avec :\n<ul>\n<li>les visites guid\u00e9es de BEAUJEU, son \u00e9glise Saint Nicolas, son H\u00f4tel Dieu, son apothicairerie et de VILLEFRANCHE SUR SAONE avec ses belles maisons renaissance aux surprenantes cours int\u00e9rieures, sa coll\u00e9giale Notre Dame des Marais\u2026.et son magnifique spectacle pyrotechnique pr\u00e9c\u00e9dent la mise en perce du tonneau de Beaujolais.<\/li>\n<li>les beaux villages aux pierres dor\u00e9es, Oingt, Vaux (Clochemerle)avec son petit th\u00e9\u00e2tre, son mus\u00e9e et caveau\u2026<\/li>\n<li>la ballade p\u00e9destre sur les c\u00f4teaux du Beaujolais, d\u00e9bouchant, bien s\u00fbr, dans la cour d\u2019un ch\u00e2teau o\u00f9 nous \u00e9tions attendus pour la d\u00e9gustation de nouveaux agapes.<\/li>\n<li>Le mus\u00e9e de la vigne\u2026<\/li>\n<\/ul>\n<\/li>\n<li>Gustatives avec :\n<ul>\n<li>les caveaux de :\n<ul>\n<li>Domaine d\u2019Ouilly \u00e0 ARNAS<\/li>\n<li>Domaine Sebrirol de POUILLY LE MONIAL<\/li>\n<li>Domaine du Ch\u00e2teau de JARNIOUX<\/li>\n<li>Caveau de VAUX<\/li>\n<li>Domaine du bois de la Bosse \u00e0 SAINT ETIENNE DES OULLIERES. 3 viticulteurs nous ont re\u00e7u avec d\u00e9gustation du \u00ab machon beaujolais \u00bb.<\/li>\n<\/ul>\n<\/li>\n<li>La visite d\u2019une chocolaterie<\/li>\n<li>Des sp\u00e9cialit\u00e9s de BOBOSSE (andouillettes \u00e0 la fraise de veau tir\u00e9 \u00e0 la ficelle) pour ceux qui ont pu prolonger le s\u00e9jour.<\/li>\n<\/ul>\n<\/li>\n<\/ul>\n<p>Bref que du <strong>BONHEUR \u2026.<\/strong><\/p>\n<p>Jacky et moi avons v\u00e9cu cette escapade comme une \u00ab parenth\u00e8se enchant\u00e9e \u00bb.<br \/>\nUn grand merci au \u00ab tandem \u00bb Jean-Claude et Marylou qui ont su nous transmettre l\u2019amour de leur r\u00e9gion et ont \u00e9t\u00e9 \u00e0 nos petits soins tout au long du s\u00e9jour.<br \/>\nUn grand merci \u00e9galement \u00e0 vous, nos compagnons de route, pour votre convivialit\u00e9, votre bonne humeur ; nous avons rencontr\u00e9 de belles personnes et avons pris plaisir de bien vivre ensemble cette parenth\u00e8se.<br \/>\nAlors si un jour\u2026 cette petite voix vous susurre \u00e0 l\u2019oreille \u00ab viens faire la f\u00eate en Beaujolais \u00bb, prenez votre camping-car et allez d\u00e9couvrir cette belle r\u00e9gion accueillante aux belles valeurs humaines.<\/p>\n","protected":false},"excerpt":{"rendered":"<p>\u2248&gt; 2017 LE BEAUJOLAIS NOUVEAU Escapade en beaujolais du 15 au 19 novembre Propos\u00e9e par Marilou et Jean-Claude Gl\u00e9nard (Voir l&rsquo;album photos) Un jour une petite voix est venue nous souffler \u00e0 l\u2019oreille de venir faire la f\u00eate en Beaujolais au moment de la mise en perce du Beaujolais nouveau. Alors, nous avons pris la &hellip; <a href=\"http:\/\/www.voyagesutilesencampingcar.fr\/?page_id=933\">Continue reading <span class=\"meta-nav\">&rarr;<\/span><\/a><\/p>\n","protected":false},"author":1,"featured_media":0,"parent":537,"menu_order":0,"comment_status":"closed","ping_status":"closed","template":"template-sidebar-right.php","meta":{"footnotes":""},"class_list":["post-933","page","type-page","status-publish","hentry"],"_links":{"self":[{"href":"http:\/\/www.voyagesutilesencampingcar.fr\/index.php?rest_route=\/wp\/v2\/pages\/933","targetHints":{"allow":["GET"]}}],"collection":[{"href":"http:\/\/www.voyagesutilesencampingcar.fr\/index.php?rest_route=\/wp\/v2\/pages"}],"about":[{"href":"http:\/\/www.voyagesutilesencampingcar.fr\/index.php?rest_route=\/wp\/v2\/types\/page"}],"author":[{"embeddable":true,"href":"http:\/\/www.voyagesutilesencampingcar.fr\/index.php?rest_route=\/wp\/v2\/users\/1"}],"replies":[{"embeddable":true,"href":"http:\/\/www.voyagesutilesencampingcar.fr\/index.php?rest_route=%2Fwp%2Fv2%2Fcomments&post=933"}],"version-history":[{"count":3,"href":"http:\/\/www.voyagesutilesencampingcar.fr\/index.php?rest_route=\/wp\/v2\/pages\/933\/revisions"}],"predecessor-version":[{"id":1776,"href":"http:\/\/www.voyagesutilesencampingcar.fr\/index.php?rest_route=\/wp\/v2\/pages\/933\/revisions\/1776"}],"up":[{"embeddable":true,"href":"http:\/\/www.voyagesutilesencampingcar.fr\/index.php?rest_route=\/wp\/v2\/pages\/537"}],"wp:attachment":[{"href":"http:\/\/www.voyagesutilesencampingcar.fr\/index.php?rest_route=%2Fwp%2Fv2%2Fmedia&parent=933"}],"curies":[{"name":"wp","href":"https:\/\/api.w.org\/{rel}","templated":true}]}}