{"id":916,"date":"2018-11-24T18:26:06","date_gmt":"2018-11-24T17:26:06","guid":{"rendered":"http:\/\/www.voyagesutilesencampingcar.fr\/?page_id=916"},"modified":"2025-10-11T12:48:40","modified_gmt":"2025-10-11T11:48:40","slug":"souvenirs-2008","status":"publish","type":"page","link":"http:\/\/www.voyagesutilesencampingcar.fr\/?page_id=916","title":{"rendered":"Souvenirs 2008"},"content":{"rendered":"<h4><strong>\u2248&gt; 2008<\/strong><\/h4>\n<ul>\n<li>\n<h5><strong>Adriatique<br \/>\n<\/strong><\/h5>\n<\/li>\n<\/ul>\n<p>D\u00e9but septembre regroupement des huit \u00e9quipages, chargement du convoi de mat\u00e9riel pour nos amis de \u00ab Fran\u00e7albanie \u00bb et cap \u00e0 l\u2019Est : Italie, Slov\u00e9nie, Croatie, premi\u00e8re destination la Bosnie-Herz\u00e9govine.<\/p>\n<h5><strong>Bosnie-Herz\u00e9govine :<\/strong><\/h5>\n<p>Deux villes embl\u00e9matiques Mostar que nous visiterons en compagnie de la truculente Almira. Sarajevo et son mythique tunnel vers Ilidza seul point de passage vers l\u2019ext\u00e9rieur pour le ravitaillement et l\u2019approvisionnement en armes de la ville assi\u00e9g\u00e9e.<br \/>\nAvant de quitter la Bosnie \u00ab rando\/balade \u00bb dans la seule for\u00eat primitive d\u2019Europe : Sutjeska.<\/p>\n<h5><strong>Mont\u00e9n\u00e9gro :<\/strong><\/h5>\n<p>Le Mont\u00e9n\u00e9gro c\u2019est bien s\u00fbr les c\u00e9l\u00e8bres \u00ab Bouches de Kotor \u00bb par la route des serpentines ; le monast\u00e8re d\u2019Ostrog ; Citinje l\u2019ancienne capitale ; une escapade en Croatie pour visiter la non moins c\u00e9l\u00e8bre Dubrovnik.<br \/>\nLa nature \u00e0 Zabljac o\u00f9 selon les aspirations de chacun : rafting, marche, jeeptour de d\u00e9couverte du parc national du Dormitor sous la neige.<\/p>\n<h5><strong>Mac\u00e9doine :<\/strong><\/h5>\n<p>La capitale Skopje, sa vieille ville et son \u00ab bazar \u00bb ; la ville mus\u00e9e d\u2019Orhid et son magnifique lac du m\u00eame nom, mais aussi les r\u00e9gions de Delcevo et Pehcevo v\u00e9ritable petite Suisse locale.<\/p>\n<h5><strong>Albanie :<\/strong><\/h5>\n<p>Premi\u00e8re livraison de mat\u00e9riel dans deux orphelinats \u00e0 Shkoder et un \u00e0 Durres. Un tr\u00e8s bon accueil nous est r\u00e9serv\u00e9 par du personnel motiv\u00e9 et attentionn\u00e9 envers des enfants qui malheureusement d\u00e8s l\u2019\u00e2ge de 16 ans se retrouveront \u00e0 la rue scolaris\u00e9s mais sans formation.<br \/>\nNouvelle livraison \u00e0 Korc\u00eb, puis c\u2019est le Sud-Ouest du pays, la partie la plus touristique et la plus connue d\u2019Albanie : cote Ionienne, Butrint, Apollonia, B\u00e9rat, Girokaster\u2026\u2026\u2026..<br \/>\nL\u2019Albanie c\u2019est un r\u00e9seau routier inoubliable, nous atteignons r\u00e9guli\u00e8rement les 25 Kms\/heure de moyenne journali\u00e8re ; un pays qui a encore beaucoup \u00e0 faire pour se d\u00e9velopper et apporter du bien \u00eatre \u00e0 sa population, la corruption reste tr\u00e8s pr\u00e9sente, nous l\u2019avons fortement ressenti lors de notre p\u00e9riple.<br \/>\nNos remerciements \u00e0 \u00ab Fran\u00e7albanie \u00bb et \u00e0 Svetlana qui avec peu de moyens mais tellement de gentillesse nous ont rendu ce voyage fort agr\u00e9able.<br \/>\n__________________________________________________________________________________________________________________<\/p>\n<h4 class=\"wp-block-heading\"><span style=\"color: #008000;\"><strong>\u2248&gt; <\/strong><\/span><a href=\"http:\/\/www.voyagesutilesencampingcar.fr\/?page_id=2097\">Souvenirs 2024<\/a><strong>\u00a0\u00a0 <\/strong><span style=\"color: #008000;\"><strong> \u2248&gt; <\/strong><\/span><a href=\"http:\/\/www.voyagesutilesencampingcar.fr\/?page_id=1972\">Souvenirs 2023<\/a><strong>\u00a0\u00a0 <\/strong><span style=\"color: #008000;\"><strong>\u2248&gt; <\/strong><\/span><a href=\"http:\/\/www.voyagesutilesencampingcar.fr\/?page_id=1807\">Souvenirs 2019<\/a><strong>\u00a0\u00a0 <\/strong><span style=\"color: #008000;\"><strong>\u2248&gt; <\/strong><\/span><a href=\"http:\/\/www.voyagesutilesencampingcar.fr\/?page_id=1155\">Souvenirs 2018<\/a><\/h4>\n<h4 class=\"wp-block-heading\"><span style=\"color: #008000;\"><strong>\u00a0\u00a0\u00a0\u00a0\u00a0\u00a0\u2248&gt; <\/strong><\/span><a href=\"http:\/\/www.voyagesutilesencampingcar.fr\/?page_id=886\">Souvenirs 2017 \u00a0<\/a><span style=\"color: #008000;\"><strong>\u2248&gt; <\/strong><\/span><a href=\"http:\/\/www.voyagesutilesencampingcar.fr\/?page_id=892\">Souvenirs 2016<\/a><strong>\u00a0\u00a0 <\/strong><span style=\"color: #008000;\"><strong>\u2248&gt; <\/strong><\/span><a href=\"http:\/\/www.voyagesutilesencampingcar.fr\/?page_id=894\">Souvenirs 2015<\/a><strong>\u00a0\u00a0 <\/strong><span style=\"color: #008000;\"><strong>\u2248&gt; <\/strong><\/span><a href=\"http:\/\/www.voyagesutilesencampingcar.fr\/?page_id=896\">Souvenirs 2014<\/a><strong>\u00a0\u00a0 <\/strong><\/h4>\n<h4 class=\"wp-block-heading\"><span style=\"color: #008000;\"><strong>\u00a0\u00a0\u00a0\u00a0\u00a0\u00a0\u00a0\u00a0\u00a0\u2248&gt; <\/strong><\/span><a href=\"http:\/\/www.voyagesutilesencampingcar.fr\/?page_id=905\">Souvenirs 2013<\/a><strong>\u00a0\u00a0 <\/strong> <span style=\"color: #008000;\"><strong> \u2248&gt; <\/strong><\/span><a href=\"http:\/\/www.voyagesutilesencampingcar.fr\/?page_id=9108\">Souvenirs 2012<\/a><strong>\u00a0\u00a0 <\/strong><span style=\"color: #008000;\"><strong> \u2248&gt; <\/strong><\/span><a href=\"http:\/\/www.voyagesutilesencampingcar.fr\/?page_id=910\">Souvenirs 2011<\/a><strong>\u00a0\u00a0 <\/strong><span style=\"color: #008000;\"><strong> \u2248&gt; <\/strong><\/span><a href=\"http:\/\/www.voyagesutilesencampingcar.fr\/?page_id=912\">Souvenirs 2010<\/a><\/h4>\n<h4 class=\"wp-block-heading\"><span style=\"color: #008000;\"><strong>\u00a0\u00a0\u00a0\u00a0\u00a0\u00a0\u00a0\u00a0\u00a0\u00a0\u00a0\u00a0\u2248&gt; <\/strong><\/span><a href=\"http:\/\/www.voyagesutilesencampingcar.fr\/?page_id=914\">Souvenirs 2009<\/a><span style=\"color: #008000;\"><strong>\u00a0\u00a0\u00a0\u00a0\u00a0\u00a0\u2248&gt; <\/strong><\/span><a href=\"http:\/\/www.voyagesutilesencampingcar.fr\/?page_id=916\">Souvenirs 2008<\/a><\/h4>\n","protected":false},"excerpt":{"rendered":"<p>\u2248&gt; 2008 Adriatique D\u00e9but septembre regroupement des huit \u00e9quipages, chargement du convoi de mat\u00e9riel pour nos amis de \u00ab Fran\u00e7albanie \u00bb et cap \u00e0 l\u2019Est : Italie, Slov\u00e9nie, Croatie, premi\u00e8re destination la Bosnie-Herz\u00e9govine. Bosnie-Herz\u00e9govine : Deux villes embl\u00e9matiques Mostar que nous visiterons en compagnie de la truculente Almira. Sarajevo et son mythique tunnel vers Ilidza &hellip; <a href=\"http:\/\/www.voyagesutilesencampingcar.fr\/?page_id=916\">Continue reading <span class=\"meta-nav\">&rarr;<\/span><\/a><\/p>\n","protected":false},"author":1,"featured_media":0,"parent":119,"menu_order":0,"comment_status":"closed","ping_status":"closed","template":"template-sidebar-right.php","meta":{"footnotes":""},"class_list":["post-916","page","type-page","status-publish","hentry"],"_links":{"self":[{"href":"http:\/\/www.voyagesutilesencampingcar.fr\/index.php?rest_route=\/wp\/v2\/pages\/916","targetHints":{"allow":["GET"]}}],"collection":[{"href":"http:\/\/www.voyagesutilesencampingcar.fr\/index.php?rest_route=\/wp\/v2\/pages"}],"about":[{"href":"http:\/\/www.voyagesutilesencampingcar.fr\/index.php?rest_route=\/wp\/v2\/types\/page"}],"author":[{"embeddable":true,"href":"http:\/\/www.voyagesutilesencampingcar.fr\/index.php?rest_route=\/wp\/v2\/users\/1"}],"replies":[{"embeddable":true,"href":"http:\/\/www.voyagesutilesencampingcar.fr\/index.php?rest_route=%2Fwp%2Fv2%2Fcomments&post=916"}],"version-history":[{"count":4,"href":"http:\/\/www.voyagesutilesencampingcar.fr\/index.php?rest_route=\/wp\/v2\/pages\/916\/revisions"}],"predecessor-version":[{"id":2129,"href":"http:\/\/www.voyagesutilesencampingcar.fr\/index.php?rest_route=\/wp\/v2\/pages\/916\/revisions\/2129"}],"up":[{"embeddable":true,"href":"http:\/\/www.voyagesutilesencampingcar.fr\/index.php?rest_route=\/wp\/v2\/pages\/119"}],"wp:attachment":[{"href":"http:\/\/www.voyagesutilesencampingcar.fr\/index.php?rest_route=%2Fwp%2Fv2%2Fmedia&parent=916"}],"curies":[{"name":"wp","href":"https:\/\/api.w.org\/{rel}","templated":true}]}}