{"id":914,"date":"2018-11-24T18:23:35","date_gmt":"2018-11-24T17:23:35","guid":{"rendered":"http:\/\/www.voyagesutilesencampingcar.fr\/?page_id=914"},"modified":"2025-10-11T12:49:11","modified_gmt":"2025-10-11T11:49:11","slug":"souvenirs-2009","status":"publish","type":"page","link":"http:\/\/www.voyagesutilesencampingcar.fr\/?page_id=914","title":{"rendered":"Souvenirs 2009"},"content":{"rendered":"<h4><strong>\u2248&gt; 2009<\/strong><\/h4>\n<ul>\n<li>\n<h5><strong>Arm\u00e9nie<br \/>\n<\/strong><\/h5>\n<\/li>\n<\/ul>\n<p>Le 6 Septembre chargement des colis pour l\u2019Arm\u00e9nie. Sept \u00e9quipages pour ce p\u00e9riple en Arm\u00e9nie. Apr\u00e8s le Nord de l\u2019Italie, un petit tour en bateau sur l\u2019Adriatique, puis la Gr\u00e8ce, la Turquie et la G\u00e9orgie, nous voil\u00e0 en Arm\u00e9nie.<\/p>\n<p>D\u00e8s notre arriv\u00e9e, apr\u00e8s une approche un peu difficile, bivouac au Kari Lich, le lendemain matin d\u00e8s l\u2019aube et dans le froid ascension de l\u2019Aragatz, (3900 m\u00e8tres), histoire de se d\u00e9gourdir un peu les jambes dans la neige apr\u00e8s ces quelques jours de route.<\/p>\n<p>A Goris ville jumel\u00e9e avec Vienne, accueil tr\u00e8s chaleureux de Carmen, du centre culturel fran\u00e7ais et de la municipalit\u00e9 \u00e0 qui nous remettons le mat\u00e9riel transport\u00e9 dans le cadre de l\u2019association humanitaire Vienne\/Goris. La distribution aux enfants des familles n\u00e9cessiteuses est rigoureuse, c\u2019est un moment fort pour nous tous, heureux d\u2019avoir \u00e9t\u00e9 <b>U<\/b>tiles.<\/p>\n<p>On retiendra de ce voyage le formidable accueil des Arm\u00e9niens. \u00ab\u00a0Plong\u00e9s\u00a0\u00bb dans l\u2019ambiance d\u2019un mariage Arm\u00e9nien, repas, danse, boisson le tout en abondance, d\u00e8s notre arriv\u00e9e \u00e0 Goris. Invitation inattendue et quel festin, chez un professeur de fran\u00e7ais. Bivouac et soir\u00e9e improvis\u00e9e dans un village compl\u00e8tement perdu apr\u00e8s une route pas possible chez un boulanger fabricant du pain lavach. Kuchak\u00a0: Anahit \u00e0 notre rencontre brandissant le drapeau fran\u00e7ais et l\u00e0 encore quelle soir\u00e9e avec le directeur de l\u2019\u00e9cole, les enseignants et les \u00e9l\u00e8ves entonnant la Marseillaise\u00a0! Moments inoubliables\u00a0!<\/p>\n<p>Sur le parcours, nous avons eu la chance de visiter des grandes capitales\u00a0: Istanbul, Tbilissi, Erevan\u00a0; des villes pittoresques\u00a0: Amassya, Safranbolu \u2026\u2026\u2026.; des sites historiques\u00a0: Echmiadzin et son catholicos, Bogaskale (Hittite), Ani, Ishak Pasa\u00a0; des \u00e9glises G\u00e9orgiennes et de nombreux monast\u00e8res tous diff\u00e9rents\u00a0: Tatev, Khor Virap, Noravank, G\u00e9ghart\u2026\u2026. D\u2019acc\u00e8s parfois difficile, routes chaotiques et escarp\u00e9es, rencontres insolites (troupeaux, animaux divers\u2026..), conduite impr\u00e9visible des chauffeurs locaux, tout se m\u00e9rite\u00a0! Quelle r\u00e9compense \u00e0 l\u2019arriv\u00e9e superbe Aragats et Kari Lich\u2026..super peuple accueillant.<\/p>\n<p>Des bivouac sympas, et vari\u00e9s, de bons moments de convivialit\u00e9, superbe p\u00e9riple, des images et des souvenirs plein les yeux et le c\u0153ur, \u00e0 partager\u2026\u2026<\/p>\n<p>__________________________________________________________________________________________________________________<\/p>\n<h4 class=\"wp-block-heading\"><span style=\"color: #008000;\"><strong>\u2248&gt; <\/strong><\/span><a href=\"http:\/\/www.voyagesutilesencampingcar.fr\/?page_id=2097\">Souvenirs 2024<\/a><strong>\u00a0\u00a0 <\/strong><span style=\"color: #008000;\"><strong> \u2248&gt; <\/strong><\/span><a href=\"http:\/\/www.voyagesutilesencampingcar.fr\/?page_id=1972\">Souvenirs 2023<\/a><strong>\u00a0\u00a0 <\/strong><span style=\"color: #008000;\"><strong>\u2248&gt; <\/strong><\/span><a href=\"http:\/\/www.voyagesutilesencampingcar.fr\/?page_id=1807\">Souvenirs 2019<\/a><strong>\u00a0\u00a0 <\/strong><span style=\"color: #008000;\"><strong>\u2248&gt; <\/strong><\/span><a href=\"http:\/\/www.voyagesutilesencampingcar.fr\/?page_id=1155\">Souvenirs 2018<\/a><\/h4>\n<h4 class=\"wp-block-heading\"><span style=\"color: #008000;\"><strong>\u00a0\u00a0\u00a0\u00a0\u00a0\u00a0\u2248&gt; <\/strong><\/span><a href=\"http:\/\/www.voyagesutilesencampingcar.fr\/?page_id=886\">Souvenirs 2017 \u00a0<\/a><span style=\"color: #008000;\"><strong>\u2248&gt; <\/strong><\/span><a href=\"http:\/\/www.voyagesutilesencampingcar.fr\/?page_id=892\">Souvenirs 2016<\/a><strong>\u00a0\u00a0 <\/strong><span style=\"color: #008000;\"><strong>\u2248&gt; <\/strong><\/span><a href=\"http:\/\/www.voyagesutilesencampingcar.fr\/?page_id=894\">Souvenirs 2015<\/a><strong>\u00a0\u00a0 <\/strong><span style=\"color: #008000;\"><strong>\u2248&gt; <\/strong><\/span><a href=\"http:\/\/www.voyagesutilesencampingcar.fr\/?page_id=896\">Souvenirs 2014<\/a><strong>\u00a0\u00a0 <\/strong><\/h4>\n<h4 class=\"wp-block-heading\"><span style=\"color: #008000;\"><strong>\u00a0\u00a0\u00a0\u00a0\u00a0\u00a0\u00a0\u00a0\u00a0\u2248&gt; <\/strong><\/span><a href=\"http:\/\/www.voyagesutilesencampingcar.fr\/?page_id=905\">Souvenirs 2013<\/a><strong>\u00a0\u00a0 <\/strong> <span style=\"color: #008000;\"><strong> \u2248&gt; <\/strong><\/span><a href=\"http:\/\/www.voyagesutilesencampingcar.fr\/?page_id=9108\">Souvenirs 2012<\/a><strong>\u00a0\u00a0 <\/strong><span style=\"color: #008000;\"><strong> \u2248&gt; <\/strong><\/span><a href=\"http:\/\/www.voyagesutilesencampingcar.fr\/?page_id=910\">Souvenirs 2011<\/a><strong>\u00a0\u00a0 <\/strong><span style=\"color: #008000;\"><strong> \u2248&gt; <\/strong><\/span><a href=\"http:\/\/www.voyagesutilesencampingcar.fr\/?page_id=912\">Souvenirs 2010<\/a><\/h4>\n<h4 class=\"wp-block-heading\"><span style=\"color: #008000;\"><strong>\u00a0\u00a0\u00a0\u00a0\u00a0\u00a0\u00a0\u00a0\u00a0\u00a0\u00a0\u00a0\u2248&gt; <\/strong><\/span><a href=\"http:\/\/www.voyagesutilesencampingcar.fr\/?page_id=914\">Souvenirs 2009<\/a><span style=\"color: #008000;\"><strong>\u00a0\u00a0\u00a0\u00a0\u00a0\u00a0\u2248&gt; <\/strong><\/span><a href=\"http:\/\/www.voyagesutilesencampingcar.fr\/?page_id=916\">Souvenirs 2008<\/a><\/h4>\n","protected":false},"excerpt":{"rendered":"<p>\u2248&gt; 2009 Arm\u00e9nie Le 6 Septembre chargement des colis pour l\u2019Arm\u00e9nie. Sept \u00e9quipages pour ce p\u00e9riple en Arm\u00e9nie. Apr\u00e8s le Nord de l\u2019Italie, un petit tour en bateau sur l\u2019Adriatique, puis la Gr\u00e8ce, la Turquie et la G\u00e9orgie, nous voil\u00e0 en Arm\u00e9nie. D\u00e8s notre arriv\u00e9e, apr\u00e8s une approche un peu difficile, bivouac au Kari Lich, &hellip; <a href=\"http:\/\/www.voyagesutilesencampingcar.fr\/?page_id=914\">Continue reading <span class=\"meta-nav\">&rarr;<\/span><\/a><\/p>\n","protected":false},"author":1,"featured_media":0,"parent":119,"menu_order":0,"comment_status":"closed","ping_status":"closed","template":"template-sidebar-right.php","meta":{"footnotes":""},"class_list":["post-914","page","type-page","status-publish","hentry"],"_links":{"self":[{"href":"http:\/\/www.voyagesutilesencampingcar.fr\/index.php?rest_route=\/wp\/v2\/pages\/914","targetHints":{"allow":["GET"]}}],"collection":[{"href":"http:\/\/www.voyagesutilesencampingcar.fr\/index.php?rest_route=\/wp\/v2\/pages"}],"about":[{"href":"http:\/\/www.voyagesutilesencampingcar.fr\/index.php?rest_route=\/wp\/v2\/types\/page"}],"author":[{"embeddable":true,"href":"http:\/\/www.voyagesutilesencampingcar.fr\/index.php?rest_route=\/wp\/v2\/users\/1"}],"replies":[{"embeddable":true,"href":"http:\/\/www.voyagesutilesencampingcar.fr\/index.php?rest_route=%2Fwp%2Fv2%2Fcomments&post=914"}],"version-history":[{"count":4,"href":"http:\/\/www.voyagesutilesencampingcar.fr\/index.php?rest_route=\/wp\/v2\/pages\/914\/revisions"}],"predecessor-version":[{"id":2130,"href":"http:\/\/www.voyagesutilesencampingcar.fr\/index.php?rest_route=\/wp\/v2\/pages\/914\/revisions\/2130"}],"up":[{"embeddable":true,"href":"http:\/\/www.voyagesutilesencampingcar.fr\/index.php?rest_route=\/wp\/v2\/pages\/119"}],"wp:attachment":[{"href":"http:\/\/www.voyagesutilesencampingcar.fr\/index.php?rest_route=%2Fwp%2Fv2%2Fmedia&parent=914"}],"curies":[{"name":"wp","href":"https:\/\/api.w.org\/{rel}","templated":true}]}}