{"id":912,"date":"2018-11-24T18:20:22","date_gmt":"2018-11-24T17:20:22","guid":{"rendered":"http:\/\/www.voyagesutilesencampingcar.fr\/?page_id=912"},"modified":"2025-10-11T12:49:42","modified_gmt":"2025-10-11T11:49:42","slug":"souvenirs-2010","status":"publish","type":"page","link":"http:\/\/www.voyagesutilesencampingcar.fr\/?page_id=912","title":{"rendered":"Souvenirs 2010"},"content":{"rendered":"<h4><strong>\u2248&gt; 2010<\/strong><\/h4>\n<ul>\n<li>\n<h5><strong>Syrie &#8211; Jordanie<br \/>\n<\/strong><\/h5>\n<\/li>\n<\/ul>\n<p>En ce jour historique du 11 septembre, un groupe de sept \u00e9quipages s\u2019engage bien charg\u00e9 pour un p\u00e9riple d\u2019une cinquantaine de jours et quelques 10.000 kms.<\/p>\n<p>Apr\u00e8s une nuit de travers\u00e9e de l\u2019Adriatique nous retrouvons peu apr\u00e8s la fronti\u00e8re Albanaise notre amie Svetlana oeuvrant pour le compte de \u00ab\u00a0Fran\u00e7albanie\u00a0\u00bb qui nous conduit \u00e0 l\u2019orphelinat de Saranda o\u00f9 nous effectuons notre livraison avec l\u2019aide enthousiaste des enfants de l\u2019institution.<\/p>\n<p>Travers\u00e9e de la Turquie, nous faisons une petite halte en Cappadoce, ces paysages nous enchantent toujours, puis cap au sud.<\/p>\n<h5><strong>Syrie :<\/strong><\/h5>\n<p>L\u2019un des plus anciens et fascinants foyers de civilisations au monde. A d\u00e9couvrir absolument ne serait-ce que pour comprendre en partie nos origines et pour s\u2019assoir \u00e0 la fameuse table ronde des chevaliers. Nous d\u00e9couvrons bien s\u00fbr Damas, Alep, leurs richesses, leurs mosqu\u00e9es, leurs m\u00e9dersas\u00a0; leurs souks si anim\u00e9s.<\/p>\n<p>Bosra la brune basaltique et son th\u00e9\u00e2tre, Palmyre antique et mytique cit\u00e9 de la reine Z\u00e9nobie, mais aussi, la vall\u00e9e de l\u2019Euphrate, le d\u00e9sert et cet \u00e9tonnant march\u00e9 de Deir Er Zor.<\/p>\n<p>Pass\u00e9es les in\u00e9vitables tracasseries douani\u00e8res nous voil\u00e0 en Jordanie.<\/p>\n<h5><strong>Jordanie :<\/strong><\/h5>\n<p>Pays coinc\u00e9 entre deux mers, l\u2019une Rouge, l\u2019autre Morte, c\u2019est la charni\u00e8re entre le monde m\u00e9diterran\u00e9en et l\u2019orient.<\/p>\n<p>De nombreuses civilisations s\u2019y succ\u00e9d\u00e8rent. Elles y ont laiss\u00e9 de splendides vestiges\u00a0: la ville romaine de Jerash, la forteresse des crois\u00e9s de Kerak, les ch\u00e2teaux omeyyades du d\u00e9sert et de Lawrence d\u2019Arabie et bien s\u00fbr la merveilleuse P\u00e9tra rose creus\u00e9e dans la roche par les Nabat\u00e9ens.<\/p>\n<p>La Jordanie c\u2019est aussi\u00a0: les sites bibliques, mont N\u00e9bo, B\u00e9thanie\u2026\u2026\u2026\u00a0; Aqaba, la mer Rouge ses petits poissons multicolores et ses superbes fonds marins\u2026\u2026\u00a0; la mer Morte qui ajoutera du sel \u00e0 notre voyage et les sources chaudes d\u2019Afra qui lui donneront encore plus de chaleur.<\/p>\n<p>Nous passerons aussi deux jours et une nuit fantastiques, inoubliables nuit sous la tente et repas sorti du sable dans l\u2019\u00e9tonnant d\u00e9sert du Wadi-Rum.<\/p>\n<p>Plus tard l\u2019ouverture de notre album photos nous aidera \u00e0 garder en m\u00e9moire les souvenirs d\u2019un voyage passionnant.<\/p>\n<p>__________________________________________________________________________________________________________________<\/p>\n<h4 class=\"wp-block-heading\"><span style=\"color: #008000;\"><strong>\u2248&gt; <\/strong><\/span><a href=\"http:\/\/www.voyagesutilesencampingcar.fr\/?page_id=2097\">Souvenirs 2024<\/a><strong>\u00a0\u00a0 <\/strong><span style=\"color: #008000;\"><strong> \u2248&gt; <\/strong><\/span><a href=\"http:\/\/www.voyagesutilesencampingcar.fr\/?page_id=1972\">Souvenirs 2023<\/a><strong>\u00a0\u00a0 <\/strong><span style=\"color: #008000;\"><strong>\u2248&gt; <\/strong><\/span><a href=\"http:\/\/www.voyagesutilesencampingcar.fr\/?page_id=1807\">Souvenirs 2019<\/a><strong>\u00a0\u00a0 <\/strong><span style=\"color: #008000;\"><strong>\u2248&gt; <\/strong><\/span><a href=\"http:\/\/www.voyagesutilesencampingcar.fr\/?page_id=1155\">Souvenirs 2018<\/a><\/h4>\n<h4 class=\"wp-block-heading\"><span style=\"color: #008000;\"><strong>\u00a0\u00a0\u00a0\u00a0\u00a0\u00a0\u2248&gt; <\/strong><\/span><a href=\"http:\/\/www.voyagesutilesencampingcar.fr\/?page_id=886\">Souvenirs 2017 \u00a0<\/a><span style=\"color: #008000;\"><strong>\u2248&gt; <\/strong><\/span><a href=\"http:\/\/www.voyagesutilesencampingcar.fr\/?page_id=892\">Souvenirs 2016<\/a><strong>\u00a0\u00a0 <\/strong><span style=\"color: #008000;\"><strong>\u2248&gt; <\/strong><\/span><a href=\"http:\/\/www.voyagesutilesencampingcar.fr\/?page_id=894\">Souvenirs 2015<\/a><strong>\u00a0\u00a0 <\/strong><span style=\"color: #008000;\"><strong>\u2248&gt; <\/strong><\/span><a href=\"http:\/\/www.voyagesutilesencampingcar.fr\/?page_id=896\">Souvenirs 2014<\/a><strong>\u00a0\u00a0 <\/strong><\/h4>\n<h4 class=\"wp-block-heading\"><span style=\"color: #008000;\"><strong>\u00a0\u00a0\u00a0\u00a0\u00a0\u00a0\u00a0\u00a0\u00a0\u2248&gt; <\/strong><\/span><a href=\"http:\/\/www.voyagesutilesencampingcar.fr\/?page_id=905\">Souvenirs 2013<\/a><strong>\u00a0\u00a0 <\/strong> <span style=\"color: #008000;\"><strong> \u2248&gt; <\/strong><\/span><a href=\"http:\/\/www.voyagesutilesencampingcar.fr\/?page_id=9108\">Souvenirs 2012<\/a><strong>\u00a0\u00a0 <\/strong><span style=\"color: #008000;\"><strong> \u2248&gt; <\/strong><\/span><a href=\"http:\/\/www.voyagesutilesencampingcar.fr\/?page_id=910\">Souvenirs 2011<\/a><strong>\u00a0\u00a0 <\/strong><span style=\"color: #008000;\"><strong> \u2248&gt; <\/strong><\/span><a href=\"http:\/\/www.voyagesutilesencampingcar.fr\/?page_id=912\">Souvenirs 2010<\/a><\/h4>\n<h4 class=\"wp-block-heading\"><span style=\"color: #008000;\"><strong>\u00a0\u00a0\u00a0\u00a0\u00a0\u00a0\u00a0\u00a0\u00a0\u00a0\u00a0\u00a0\u2248&gt; <\/strong><\/span><a href=\"http:\/\/www.voyagesutilesencampingcar.fr\/?page_id=914\">Souvenirs 2009<\/a><span style=\"color: #008000;\"><strong>\u00a0\u00a0\u00a0\u00a0\u00a0\u00a0\u2248&gt; <\/strong><\/span><a href=\"http:\/\/www.voyagesutilesencampingcar.fr\/?page_id=916\">Souvenirs 2008<\/a><\/h4>\n","protected":false},"excerpt":{"rendered":"<p>\u2248&gt; 2010 Syrie &#8211; Jordanie En ce jour historique du 11 septembre, un groupe de sept \u00e9quipages s\u2019engage bien charg\u00e9 pour un p\u00e9riple d\u2019une cinquantaine de jours et quelques 10.000 kms. Apr\u00e8s une nuit de travers\u00e9e de l\u2019Adriatique nous retrouvons peu apr\u00e8s la fronti\u00e8re Albanaise notre amie Svetlana oeuvrant pour le compte de \u00ab\u00a0Fran\u00e7albanie\u00a0\u00bb qui &hellip; <a href=\"http:\/\/www.voyagesutilesencampingcar.fr\/?page_id=912\">Continue reading <span class=\"meta-nav\">&rarr;<\/span><\/a><\/p>\n","protected":false},"author":1,"featured_media":0,"parent":119,"menu_order":0,"comment_status":"closed","ping_status":"closed","template":"template-sidebar-right.php","meta":{"footnotes":""},"class_list":["post-912","page","type-page","status-publish","hentry"],"_links":{"self":[{"href":"http:\/\/www.voyagesutilesencampingcar.fr\/index.php?rest_route=\/wp\/v2\/pages\/912","targetHints":{"allow":["GET"]}}],"collection":[{"href":"http:\/\/www.voyagesutilesencampingcar.fr\/index.php?rest_route=\/wp\/v2\/pages"}],"about":[{"href":"http:\/\/www.voyagesutilesencampingcar.fr\/index.php?rest_route=\/wp\/v2\/types\/page"}],"author":[{"embeddable":true,"href":"http:\/\/www.voyagesutilesencampingcar.fr\/index.php?rest_route=\/wp\/v2\/users\/1"}],"replies":[{"embeddable":true,"href":"http:\/\/www.voyagesutilesencampingcar.fr\/index.php?rest_route=%2Fwp%2Fv2%2Fcomments&post=912"}],"version-history":[{"count":4,"href":"http:\/\/www.voyagesutilesencampingcar.fr\/index.php?rest_route=\/wp\/v2\/pages\/912\/revisions"}],"predecessor-version":[{"id":2131,"href":"http:\/\/www.voyagesutilesencampingcar.fr\/index.php?rest_route=\/wp\/v2\/pages\/912\/revisions\/2131"}],"up":[{"embeddable":true,"href":"http:\/\/www.voyagesutilesencampingcar.fr\/index.php?rest_route=\/wp\/v2\/pages\/119"}],"wp:attachment":[{"href":"http:\/\/www.voyagesutilesencampingcar.fr\/index.php?rest_route=%2Fwp%2Fv2%2Fmedia&parent=912"}],"curies":[{"name":"wp","href":"https:\/\/api.w.org\/{rel}","templated":true}]}}