{"id":910,"date":"2018-11-24T18:17:53","date_gmt":"2018-11-24T17:17:53","guid":{"rendered":"http:\/\/www.voyagesutilesencampingcar.fr\/?page_id=910"},"modified":"2025-10-11T12:50:18","modified_gmt":"2025-10-11T11:50:18","slug":"souvenirs-2011","status":"publish","type":"page","link":"http:\/\/www.voyagesutilesencampingcar.fr\/?page_id=910","title":{"rendered":"Souvenirs 2011"},"content":{"rendered":"<h4><strong>\u2248&gt; 2011<\/strong><\/h4>\n<p>&nbsp;<\/p>\n<p>En 2011,\u00a0 trois voyages \u00e9t\u00e9 pr\u00e9vus et organis\u00e9s mais deux ont pu se faire, le 3\u00e8me, vers la Mauritanie, n&rsquo;a pas r\u00e9sist\u00e9 aux probl\u00e8mes g\u00e9o-politiques de la r\u00e9gion.<\/p>\n<ul>\n<li>\n<h5><strong>Turquie<\/strong><\/h5>\n<\/li>\n<\/ul>\n<p>Le 1er septembre regroupement de tous les participants Aux environs de Lyon (aire de Bibost), soir\u00e9e pluvieuse mais \u00e0 proximit\u00e9 un auvent nous permet de prendre notre premier ap\u00e9ritif.<br \/>\nLe lendemain matin rendez vous avec les membres de l\u2019association France-Albanie pour charger 300 kgs de lait en poudre et 25 cartons de v\u00eatements pour un orphelinat de Tirana .<br \/>\nLe soir premier bivouac au col du mont cenis au bord du lac.<br \/>\nLe 2 : arriv\u00e9e a Florence pour 2 jours dans cette belle ville, bivouac a proximit\u00e9 d\u2019un arr\u00eat de bus, la pluie est au rendez vous, ce sera la derni\u00e8re avant notre retour vers l\u2019Europe.<br \/>\nLe 5 : Anc\u00f4ne, embarquement pour la travers\u00e9e de l\u2019Adriatique pour l\u2019Albanie .Arriv\u00e9e le lendemain au port de Durr\u00e9s bivouac a quelques kms en bord de plage, soleil, chaleur et baignade.<br \/>\nLe 6 : rendez vous \u00e0 l\u2019orphelinat de Tirana, d\u00e9chargement du mat\u00e8riel, visite de l\u2019\u00e9tablissement tr\u00e8s bien tenu avec un encadrement de qualit\u00e9. Bivouac dans la cours de l\u2019orphelinat et visite de la ville.<br \/>\nLe 8 : direction la Mac\u00e9doine, on trouve un bivouac au bord du lac Novi dans la cours d\u2019un hotel, toujours l e soleil et baignade, le soir repas au restaurant de l\u2019h\u00f4tel (poisson du lac).<br \/>\nLe 9 : travers\u00e9e de la mac\u00e9doine rapide pour arriver en Gr\u00e8ce, bivouac dans la nature au bord d\u2019un lac.<br \/>\nLe 10 : passage de la fronti\u00e8re Gr\u00e8ce-Turquie et bivouac en pleine nature en surplomb des rizi\u00e8res.<br \/>\nLe 11 : arriv\u00e9e \u00e0 Istanbul installation sur un parking du centre ville \u00e0 100 m de la mosqu\u00e9e bleu.<br \/>\nDu 11 au 16 : visite de cette ville de 12 millions d\u2019habitants, difficile d\u2019en d\u00e9crire les merveilles et l\u2019ambiance qui y r\u00e8gne, nous visitons la mosqu\u00e9e bleu, sainte sophie, et bien d\u2019autres, la grande citerne souterraine, les bazars une croisi\u00e8re sur le Bosphore, la ville ancienne, nous utilisons le tram, le vieux m\u00e9tro les bateaux.<br \/>\nLe 16 : nous quittons Istanbul direction Ankara la capitale, passage du pont suspendu au dessus du Bosphore entre l\u2019Europe et l\u2019Asie, circulation intense mais gr\u00e2ce \u00e0 la C.B \u00e7a se passe bien.<br \/>\nLe 18 : Ankara, ville moderne qui ne pr\u00e9sente pas un grand int\u00e9r\u00eat, bivouac au pied de la citadelle.<br \/>\nDu 19 au 23 : en Cappadoce un point fort de ce voyage, nous nous installons dans un champ de bl\u00e9 apr\u00e8s la moisson \u00e0 proximit\u00e9 du village de Cavucin tout proche de la vall\u00e9e rose et des chemin\u00e9es de f\u00e9e.<br \/>\nRando parmi ces chemin\u00e9es ,d\u00e9couverte de ce qu\u2019 \u00e9tait la vie troglodyte, habitations et chapelles d\u00e9cor\u00e9es.<br \/>\nLe premier matin vers 6 h un bruit insolite nous tire du lit, on met le nez dehors et c\u2019est un spectacle grandiose, une nu\u00e9e de montgolfi\u00e8res en cours de gonflage, j\u2019en ai compt\u00e9 49.<br \/>\nLe 24 : visite de la cit\u00e9e souterraine de Ihlsur.<br \/>\nLe 25 : Belisima ,rando dans ce canyon parsem\u00e9 de chapelles et monast\u00e8res troglodyte.<br \/>\nLe 26 : direction Konia \u00e0 Sulthanhani visite du caravans\u00e9rail. Konya bivouac sur un parking proche de l\u2019ancien couvent des derviches, visite du site et balade en ville.<br \/>\nLe 27 : A Side nous retrouvons la mer, bivouac sur un parking a 100 m de la plage, baignade et balade le long de la plage envahie par une forte pr\u00e9sence d\u2019Allemand.<br \/>\nLe 29 : Antalia, toujours autant te touristes, installation sur un parking en centre ville, visite de la vieille ville et balade en bateau le long de la cote.<br \/>\nLe 30 : Cirali bivouac en bord de mer, ouf enfin au calme pas de tourisme de masse, baignade et en fin d\u2019apr\u00e8s midi nous partons vers un site dans la montagne ou a la nuit on voit des flammes sortir du sol, c\u2019est du m\u00e9thane enflam\u00e9, c\u2019est trop difficile pour moi et a mi chemin Michelle et moi faisons demi tour.<br \/>\nLe 2 octobre Aphrodisias, ville romaine une des plus belle de Turquie, bivouac sur le parking du site.<br \/>\nLe 3 Pamukkale : quelle surprise de d\u00e9couvrir cette falaise blanche ou coule une eau chaude charg\u00e9e de calcaire qui forme des vasques d\u2019eau turquoise ou l\u2019on peut se baigner. Sur le plateau le site arch\u00e9ologique et son vaste th\u00e9\u00e2tre.<br \/>\nLe 5 : Eph\u00e8se : le soir bivouac en bord de mer a quelques kms du site, le soir repas dans la guinguette qui nous a accept\u00e9 sur son parking. Le lendemain visite de la cit\u00e9 envahie par des milliers de visiteurs.<br \/>\nLe 7 : direction la Bulgarie au passage a Edirne visite de la mosqu\u00e9e puis passage du d\u00e9troit des Dardanelles et retrouv\u00e9 l\u2019Europe.<br \/>\nDu 8 au 15 : retour par Sofia \u2013Belgrade \u2013 Zagreb \u2013 Padoue. Le temps n\u2019est plus a la chaleur .Dernier bivouac a Chamonix au pied du mont blanc ou nous admirons un coucher de soleil superbe la nuit il fait 2\u00b0.<\/p>\n<p>CONCLUSION<\/p>\n<p>La Turquie est un beau pays charg\u00e9 d\u2019histoire et des paysages surprenants.<br \/>\nAucuns probl\u00e8mes de s\u00e9curit\u00e9, bon accueil de la population.<br \/>\nBivouacs faciles aussi bien en ville que dans la nature.<br \/>\nLe ravitaillement en eau est facile il y a des fontaines partout le long des routes.<br \/>\nLe budget visites est \u00e9lev\u00e9 ainsi que le carburant.<\/p>\n<ul>\n<li>\n<h5><strong>Ukraine &#8211; Hongrie &#8211; Moldavie<br \/>\n<\/strong><\/h5>\n<\/li>\n<\/ul>\n<p>D\u00e9but Septembre regroupement des six \u00e9quipages, chargement du mat\u00e9riel\u00a0: beaucoup de fournitures scolaires et des v\u00e9los.<\/p>\n<p>Prise de la route, cap au Nord, travers\u00e9e rapide de l\u2019Allemagne et de l\u2019Autriche, premier arr\u00eat en Hongrie \u00e0 Budapest.<\/p>\n<h5><strong>Hongrie\u00a0:<\/strong><\/h5>\n<p>Halte de quelques jours pour visiter Budapest cette capitale magnifique guid\u00e9s par notre amie Betty. Nous ne quitterons pas cette ville sans avoir sacrifi\u00e9 aux traditionnels bains chauds et fait honneur \u00e0 la f\u00eate du vin.<\/p>\n<p>La Hongrie c\u2019est aussi le lac Balaton, les tr\u00e8s belles grottes d\u2019Aggtelek et les non moins belles et c\u00e9l\u00e8bres caves des vins de Tokaj.<\/p>\n<h5><strong>Ukraine\u00a0:<\/strong><\/h5>\n<p>L\u2019Ukraine c\u2019est bien s\u00fbr ce qui est connu de tous, les magnifiques d\u00f4mes de ses \u00e9glises\u00a0: sainte Sophie, saint Michel, saint Vladimir\u2026\u2026\u2026\u2026 de ses monast\u00e8res\u00a0: les Laures de Pochaiv, de Petchersk\u2026\u2026\u2026<\/p>\n<p>Mais ce sont aussi\u00a0: de magnifiques soir\u00e9es d\u2019op\u00e9ras avec des spectacles de classe internationale\u00a0; les montagnes des Carpates avec le sommet le plus \u00e9lev\u00e9 du massif le Mont Hoverla que nous avons escalad\u00e9\u00a0; les Cosaques de l\u2019\u00eele de Zaporovje\u00a0; la Crim\u00e9e, son peuple Tatars, le palais des Khans, le nid d\u2019hirondelles, le palais de la Lividia,\u2026\u2026.. les belles plages, les villes c\u00e9l\u00e8bres d\u2019Odessa, ou de S\u00e9bastopol\u2026\u2026.\u00a0; le Delta du Danube, ses canaux, ses oiseaux,\u2026\u2026.ses routes inoubliables.<\/p>\n<p>Ce sont en fait des paysages tr\u00e8s diff\u00e9rents, des peuples tr\u00e8s diff\u00e9rents, lieu de transition entre l\u2019Est et l\u2019Ouest \u00e0 mi-chemin entre les cultures orientales, slave et occidentale.<\/p>\n<h5><strong>Moldavie :<\/strong><\/h5>\n<p>Pays tr\u00e8s pauvre, peu de routes, c\u2019\u00e9tait notre objectif humanitaire. Nous avons \u00e9t\u00e9 fort bien accueillis par nos amis Thierry et Tatiana de l\u2019association \u00ab\u00a0Vent d\u2019Est\u00a0\u00bb. Nous avons livr\u00e9 tout le mat\u00e9riel que nous avions transport\u00e9 \u00e0 l\u2019\u00e9cole du petit village d\u2019Horodiste \u00e0 la fronti\u00e8re de la Transnistrie.<\/p>\n<p>__________________________________________________________________________________________________________________<\/p>\n<h4 class=\"wp-block-heading\"><span style=\"color: #008000;\"><strong>\u2248&gt; <\/strong><\/span><a href=\"http:\/\/www.voyagesutilesencampingcar.fr\/?page_id=2097\">Souvenirs 2024<\/a><strong>\u00a0\u00a0 <\/strong><span style=\"color: #008000;\"><strong> \u2248&gt; <\/strong><\/span><a href=\"http:\/\/www.voyagesutilesencampingcar.fr\/?page_id=1972\">Souvenirs 2023<\/a><strong>\u00a0\u00a0 <\/strong><span style=\"color: #008000;\"><strong>\u2248&gt; <\/strong><\/span><a href=\"http:\/\/www.voyagesutilesencampingcar.fr\/?page_id=1807\">Souvenirs 2019<\/a><strong>\u00a0\u00a0 <\/strong><span style=\"color: #008000;\"><strong>\u2248&gt; <\/strong><\/span><a href=\"http:\/\/www.voyagesutilesencampingcar.fr\/?page_id=1155\">Souvenirs 2018<\/a><\/h4>\n<h4 class=\"wp-block-heading\"><span style=\"color: #008000;\"><strong>\u00a0\u00a0\u00a0\u00a0\u00a0\u00a0\u2248&gt; <\/strong><\/span><a href=\"http:\/\/www.voyagesutilesencampingcar.fr\/?page_id=886\">Souvenirs 2017 \u00a0<\/a><span style=\"color: #008000;\"><strong>\u2248&gt; <\/strong><\/span><a href=\"http:\/\/www.voyagesutilesencampingcar.fr\/?page_id=892\">Souvenirs 2016<\/a><strong>\u00a0\u00a0 <\/strong><span style=\"color: #008000;\"><strong>\u2248&gt; <\/strong><\/span><a href=\"http:\/\/www.voyagesutilesencampingcar.fr\/?page_id=894\">Souvenirs 2015<\/a><strong>\u00a0\u00a0 <\/strong><span style=\"color: #008000;\"><strong>\u2248&gt; <\/strong><\/span><a href=\"http:\/\/www.voyagesutilesencampingcar.fr\/?page_id=896\">Souvenirs 2014<\/a><strong>\u00a0\u00a0 <\/strong><\/h4>\n<h4 class=\"wp-block-heading\"><span style=\"color: #008000;\"><strong>\u00a0\u00a0\u00a0\u00a0\u00a0\u00a0\u00a0\u00a0\u00a0\u2248&gt; <\/strong><\/span><a href=\"http:\/\/www.voyagesutilesencampingcar.fr\/?page_id=905\">Souvenirs 2013<\/a><strong>\u00a0\u00a0 <\/strong> <span style=\"color: #008000;\"><strong> \u2248&gt; <\/strong><\/span><a href=\"http:\/\/www.voyagesutilesencampingcar.fr\/?page_id=9108\">Souvenirs 2012<\/a><strong>\u00a0\u00a0 <\/strong><span style=\"color: #008000;\"><strong> \u2248&gt; <\/strong><\/span><a href=\"http:\/\/www.voyagesutilesencampingcar.fr\/?page_id=910\">Souvenirs 2011<\/a><strong>\u00a0\u00a0 <\/strong><span style=\"color: #008000;\"><strong> \u2248&gt; <\/strong><\/span><a href=\"http:\/\/www.voyagesutilesencampingcar.fr\/?page_id=912\">Souvenirs 2010<\/a><\/h4>\n<h4 class=\"wp-block-heading\"><span style=\"color: #008000;\"><strong>\u00a0\u00a0\u00a0\u00a0\u00a0\u00a0\u00a0\u00a0\u00a0\u00a0\u00a0\u00a0\u2248&gt; <\/strong><\/span><a href=\"http:\/\/www.voyagesutilesencampingcar.fr\/?page_id=914\">Souvenirs 2009<\/a><span style=\"color: #008000;\"><strong>\u00a0\u00a0\u00a0\u00a0\u00a0\u00a0\u2248&gt; <\/strong><\/span><a href=\"http:\/\/www.voyagesutilesencampingcar.fr\/?page_id=916\">Souvenirs 2008<\/a><\/h4>\n","protected":false},"excerpt":{"rendered":"<p>\u2248&gt; 2011 &nbsp; En 2011,\u00a0 trois voyages \u00e9t\u00e9 pr\u00e9vus et organis\u00e9s mais deux ont pu se faire, le 3\u00e8me, vers la Mauritanie, n&rsquo;a pas r\u00e9sist\u00e9 aux probl\u00e8mes g\u00e9o-politiques de la r\u00e9gion. Turquie Le 1er septembre regroupement de tous les participants Aux environs de Lyon (aire de Bibost), soir\u00e9e pluvieuse mais \u00e0 proximit\u00e9 un auvent nous &hellip; <a href=\"http:\/\/www.voyagesutilesencampingcar.fr\/?page_id=910\">Continue reading <span class=\"meta-nav\">&rarr;<\/span><\/a><\/p>\n","protected":false},"author":1,"featured_media":0,"parent":119,"menu_order":0,"comment_status":"closed","ping_status":"closed","template":"template-sidebar-right.php","meta":{"footnotes":""},"class_list":["post-910","page","type-page","status-publish","hentry"],"_links":{"self":[{"href":"http:\/\/www.voyagesutilesencampingcar.fr\/index.php?rest_route=\/wp\/v2\/pages\/910","targetHints":{"allow":["GET"]}}],"collection":[{"href":"http:\/\/www.voyagesutilesencampingcar.fr\/index.php?rest_route=\/wp\/v2\/pages"}],"about":[{"href":"http:\/\/www.voyagesutilesencampingcar.fr\/index.php?rest_route=\/wp\/v2\/types\/page"}],"author":[{"embeddable":true,"href":"http:\/\/www.voyagesutilesencampingcar.fr\/index.php?rest_route=\/wp\/v2\/users\/1"}],"replies":[{"embeddable":true,"href":"http:\/\/www.voyagesutilesencampingcar.fr\/index.php?rest_route=%2Fwp%2Fv2%2Fcomments&post=910"}],"version-history":[{"count":3,"href":"http:\/\/www.voyagesutilesencampingcar.fr\/index.php?rest_route=\/wp\/v2\/pages\/910\/revisions"}],"predecessor-version":[{"id":2132,"href":"http:\/\/www.voyagesutilesencampingcar.fr\/index.php?rest_route=\/wp\/v2\/pages\/910\/revisions\/2132"}],"up":[{"embeddable":true,"href":"http:\/\/www.voyagesutilesencampingcar.fr\/index.php?rest_route=\/wp\/v2\/pages\/119"}],"wp:attachment":[{"href":"http:\/\/www.voyagesutilesencampingcar.fr\/index.php?rest_route=%2Fwp%2Fv2%2Fmedia&parent=910"}],"curies":[{"name":"wp","href":"https:\/\/api.w.org\/{rel}","templated":true}]}}