{"id":905,"date":"2018-11-24T18:09:49","date_gmt":"2018-11-24T17:09:49","guid":{"rendered":"http:\/\/www.voyagesutilesencampingcar.fr\/?page_id=905"},"modified":"2025-10-11T12:51:25","modified_gmt":"2025-10-11T11:51:25","slug":"souvenirs-2013","status":"publish","type":"page","link":"http:\/\/www.voyagesutilesencampingcar.fr\/?page_id=905","title":{"rendered":"Souvenirs 2013"},"content":{"rendered":"<h4><strong>\u2248&gt; 2013<\/strong><\/h4>\n<ul>\n<li>\n<h5><strong>Chypre<\/strong><\/h5>\n<\/li>\n<\/ul>\n<p>Compte-rendu en deux parties pour ce voyage propos\u00e9 par Jean-Claude et Marilou.<\/p>\n<p>&#8211; <strong>Un petit mot d\u2019un nouvel \u00e9quipage.<\/strong><\/p>\n<p>Nouveaux voyageurs \u2013 premier voyage ; nous sommes les \u00ab petits bleus \u00bb, plac\u00e9s sous la protection et le regard bienveillant des \u00ab routards \u00bb .<\/p>\n<p>Six \u00e9quipages pour cette premi\u00e8re visite de Chypre.<\/p>\n<p>Nous d\u00e9couvrons la n\u00e9cessit\u00e9 absolue de la CiBi et du GPS dans un voyage de groupe, afin d\u2019organiser au mieux le convoi pour la travers\u00e9e de villes (rod\u00e9o \u00e0 Istanbul), le stationnement, le carburant, les pauses, les toilettes, l\u2019eau, tout cela sans y consacrer trop de temps\u2026 C\u2019est donc avec l\u2019exp\u00e9rience des uns et l\u2019apprentissage pr\u00e8s des autres que nous d\u00e9couvrons ce qu\u2019est un voyage en convoi, ses exigences, ses contraintes et aussi ses surprises.<\/p>\n<p>Pour nous personnellement, nous n\u2019avons probablement pas suffisamment pr\u00e9par\u00e9 le voyage (doc, carnets et autres&#8230;), c\u2019est pourquoi, nous avons eu le sentiment de ne pas \u00eatre \u00ab acteur \u00bb mais \u00ab consommateur \u00bb du voyage.<br \/>\nProposer un voyage, c\u2019est le pr\u00e9parer avec beaucoup de recherches, de contacts, d\u2019\u00e9nergie et de s\u00e9rieux. C\u2019est ce qu\u2019\u00e0 fait notre organisateur (et sa pr\u00e9cieuse collaboratrice) avec beaucoup de strat\u00e9gie et de diplomatie afin de satisfaire chaque \u00e9quipage.<\/p>\n<p>La difficult\u00e9 d\u2019organiser une telle aventure vaut d\u2019\u00eatre soulign\u00e9e car rien ne peut \u00eatre laiss\u00e9 au hasard : savoir r\u00e9pondre au besoin du pays \u00e0 visiter, choisir la p\u00e9riode (hors p\u00e9riode touristique favorisant le d\u00e9placement), d\u00e9terminer le co\u00fbt, etc. \u2026 dans un timing coh\u00e9rent et harmonieux, parfois avec quelques surprises (horaires d\u2019ouverture ou sites ferm\u00e9s). Mais heureusement, notre organisateur a pens\u00e9 \u00e0 tout, il nous a concoct\u00e9 quelques belles randonn\u00e9es, quelques moments personnels (montgolfi\u00e8re, chameau, d\u00e9gustations, baignades), le tout favoris\u00e9 par une excellente m\u00e9t\u00e9o. Une difficult\u00e9 majeure s\u2019est pr\u00e9sent\u00e9e \u00e0 nous, la langue et l\u2019\u00e9criture (grec), mais la population est tr\u00e8s accueillante, pr\u00eate \u00e0 nous aider, nous accompagner, avec beaucoup de courtoisie (surprenant \u00e0 nos yeux de fran\u00e7ais \u00ab rousp\u00e9teur \u00bb). Nous ressentons souvent une double curiosit\u00e9 bienveillante, la notre bien s\u00fbr, face \u00e0 celle des populations rencontr\u00e9es, souvent impressionn\u00e9es par le passage de six camping-cars, ce qui est tr\u00e8s exceptionnel. L\u2019acc\u00e8s \u00e0 Chypre Nord semblait \u00e0 tous impossible.<\/p>\n<p>Un peu ignorants face \u00e0 des visites de sites choisis, nous pouvons dire que la pr\u00e9sence d\u2019un guide nous a parfois manqu\u00e9. Ce qui n\u2019a pas emp\u00each\u00e9 la d\u00e9couverte de lieux magnifiques et grandioses gr\u00e2ce \u00e0 l\u2019accompagnement pr\u00e9cieux de MariLou dans ses lectures et traductions.<\/p>\n<p>Nous n\u2019avons pas oubli\u00e9 la mission de VUCC, qui gr\u00e2ce aux dons de diff\u00e9rents \u00e9tablissements, entreprises, familles, a permis d\u2019offrir draps, linge de toilette, v\u00eatements, chaussures (adultes et enfants), poudre de lait, jeux, que nous avons achemin\u00e9s vers plusieurs associations et structures d\u2019accueil de personnes \u00e2g\u00e9es d\u00e9pendantes.<\/p>\n<p>Lors de ces \u00e9changes chaleureux, nos interlocuteurs chypriotes ont remerci\u00e9 les g\u00e9n\u00e9reux donateurs, nous assurant du bon usage \u00e0 venir.<\/p>\n<p>Apr\u00e8s l\u2019entr\u00e9e en mati\u00e8re par la Turquie, nous avons d\u00e9couvert deux \u00ab Chypre \u00bb : 2 cultures de r\u00e9f\u00e9rence (turque et grecque), 2 religions fortes, 2modes de vie, 2 niveaux de vie. Aujourd\u2019hui le poids de l\u2019histoire est toujours tr\u00e8s pr\u00e9sent dans les esprits, une jeunesse consciente du v\u00e9cu de ses proches affiche l\u2019espoir face \u00e0 cette cassure violente de son pays.<\/p>\n<p>La pr\u00e9sence de cette fronti\u00e8re (\u00ab ligne verte \u00bb) nous a profond\u00e9ment marqu\u00e9.<\/p>\n<p>Pr\u00e9cisons quelques bons moments, d\u00e9gustations ou autres, qui nous ont fait un peu oublier la poussi\u00e8re, les difficult\u00e9s de circulation, la signal\u00e9tique routi\u00e8re un peu fantaisiste, et m\u00eame la police tr\u00e8s discr\u00e8te semble-t-il.<br \/>\nNous avons encore de nombreux r\u00e9flexes de routard \u00e0 acqu\u00e9rir (info CiBi, recherches de bivouacs etc \u2026), mais la solidarit\u00e9, la tol\u00e9rance, l\u2019indulgence des uns envers les autres, le d\u00e9sir de faire partager ses connaissances, ont fait que la convivialit\u00e9 exprim\u00e9e, sans obligation, soit quotidienne dans l\u2019organisation de la journ\u00e9e (partage de l\u2019ap\u00e9ro, caf\u00e9, m\u00e9canique, traduction, pr\u00e9sentation de papiers, etc.).<\/p>\n<p>Nous remercions les vrais routards qui ont su maintenir la coh\u00e9sion de l\u2019\u00e9quipe.<br \/>\nEn dehors des avaries des uns et des autres, nous avons su faire la f\u00eate.<br \/>\nLa pr\u00e9sence et l\u2019accompagnement du groupe, nous ont permis d\u2019 \u00e9valuer nos exp\u00e9riences de camping-caristes en collectif au cours de situations que nous n\u2019avions jamais exp\u00e9riment\u00e9 seuls.<\/p>\n<p>Lorsque le retour s\u2019amorce, la nostalgie s\u2019installe, le tout envelopp\u00e9 de ciel gris, arros\u00e9 de ( zibania ) quelques gouttes de pluie\u2026 Au revoir Chypre et Turquie. Bonjour la France.<br \/>\nMerci \u00e0 Jean-Claude et Marilou et aux autres.<\/p>\n<p>&#8211; <strong>Le mot de l&rsquo;accompagnateur<\/strong><\/p>\n<p>Apr\u00e8s une petite croisi\u00e8re en partie nocturne sur l&rsquo;Adriatique, nous avons d\u00e9barqu\u00e9 \u00e0 Igoumenitsa pour une travers\u00e9e rapide de la Gr\u00e8ce.<\/p>\n<p>Notre maxi transit en Turquie a commenc\u00e9 par une visite d&rsquo;Istanbul avec ses palais, ses mosqu\u00e9es et son activit\u00e9 bouillonnante. Ensuite, c&rsquo;est la Cappadoce qui nous a accueillis pour quelques jours, le temps de nous promener entre les chemin\u00e9es de f\u00e9es et les villages troglodytiques, avec une inoubliable ascension en montgolfi\u00e8re pour certains, et un diner spectacle anim\u00e9 de danses folkloriques et de derviches tourneurs.<\/p>\n<p>Au sud, gr\u00e2ce \u00e0 un ferry polluant et pas toujours \u00e0 l&rsquo;heure, nous mettons pieds sur l&rsquo;ile de Chypre. Nous d\u00e9butons par la visite de la p\u00e9ninsule des Karpas, du ch\u00e2teau de Kantara jusqu&rsquo;au monast\u00e8re Apostolos Andr\u00e9a, puis descente sur la cit\u00e9 fortifi\u00e9e de Famagoute. Nous avons d\u00fb revenir sur Nicosie pour passer du nord au sud avant de descendre dans le parc naturel de Cap Grecko o\u00f9 nous avons pu nous d\u00e9gourdir les jambes. Ensuite retour vers l&rsquo;ouest avec une visite de la ville des palmiers de Larnaka, puis la r\u00e9gion de Limassol et le site de Kourion au sud apr\u00e8s avoir fait une incursion dans les \u00ab villages rouges \u00bb et le monast\u00e8re de Stavrovourni. Puis, cap sur Pafos, et vir\u00e9e sur Coral Bay et Lara Beach, o\u00f9 nous comptions voir des tortues, mais en vain . Nous marchons quand m\u00eame dans les gorges d&rsquo;Avgas et traversons les bananeraies. Nous remontons ensuite sur la p\u00e9ninsule d&rsquo;Akamas jusqu&rsquo;aux bains d&rsquo;Aphrodite (qui nous tombe sur la t\u00eate), pour une petite randonn\u00e9e. Cap sur les montagnes du Troodos en passant par la vall\u00e9e des c\u00e8dres et le monast\u00e8re de Kikkou o\u00f9 nos ch\u00e8res accompagnatrices n&rsquo;ont pas \u00e9t\u00e9 admises . Nous nous baladons d&rsquo;\u00e9glises en monast\u00e8res perch\u00e9s comme dans la vall\u00e9e de Sol\u00e9a ou Marathasa. Une d\u00e9gustation de vin nous ravigote dans une cave \u00e0 Kyperounda. Apr\u00e8s avoir respir\u00e9 l&rsquo;air des montagnes, retour sur Nicosie (Lefcosia) pour la visite de la capitale et nous terminons la visite de l&rsquo;\u00eele par la partie nord ouest de la baie de Morfou jusqu&rsquo;au ch\u00e2teau d&rsquo; Hilarion.<\/p>\n<p>Les livraisons se sont d\u00e9roul\u00e9es \u00e0 Pafos et Nicosie. Un grand merci \u00e0 tous nos donateurs et \u00e0 l\u2019association des familles de Limas (Rh\u00f4ne) qui nous a remis draps, serviettes de toilette\u2026qui sont maintenant en service dans la maison de retraite de Geroskipou o\u00f9 nous avons \u00e9t\u00e9 chaleureusement re\u00e7us par le Maire et aupr\u00e8s des familles de \u00ab One dream, one wish \u00bb de Nicosie.<\/p>\n<p>Pour tromper la nostalgie de la \u00ab remont\u00e9e \u00bb, nous avons fait halte pr\u00e8s des Chim\u00e8res de Yarnatas, des belles cascades de calcaire de Pamukkale et du site arch\u00e9ologique de Bergama.<\/p>\n<p>Un merci particulier \u00e0 Anne et Patricia \u00e0 Istanbul, Mehmet en Cappadoce, Demetra et la famille d&rsquo;Andr\u00e9as \u00e0 Pafos, Berna, Maro,Julien et notre guide si touchante \u00e0 Nicosie, Monsieur Papavassiliou \u00e0 Limassol ainsi que la famille de Turca sur le retour et tous ceux que nous avons rencontr\u00e9s sur les lieux de bivouac<\/p>\n<p>La bonne ambiance g\u00e9n\u00e9rale et l&rsquo;exp\u00e9rience des \u201cvieux routards\u201d m&rsquo;ont permis d&rsquo;organiser et de mener \u00e0 bien ce premier voyage avec grand plaisir.<\/p>\n<p>Merci \u00e0 tous<br \/>\nJean Claude<\/p>\n<ul>\n<li>\n<h5><strong>Pays Baltes et Scandinavie<\/strong><\/h5>\n<\/li>\n<\/ul>\n<p>Compte-rendu en deux parties pour ce voyages propos\u00e9 par Georges.<\/p>\n<p>&#8211; <strong>Un petit mot d\u2019un nouvel \u00e9quipage.<\/strong><\/p>\n<p>Nous garderons pleins de bons souvenirs de ce grand p\u00e9riple dans le nord de l\u2019europe, on en redemande si possible\u2026parce que nous nous sommes \u00ab\u00a0r\u00e9gal\u00e9s\u00a0\u00bb.<\/p>\n<p>Chaque jour, chaque ville, chaque site nous a apport\u00e9 quelque chose (\u00e0 part la p\u00eache qui a \u00e9t\u00e9 d\u00e9cevante) .<\/p>\n<p>De courtes phrases nous reviennent\u00a0: \u00ab\u00a0au feux\u00a0\u00bb de Marie Th\u00e9r\u00e8se et Lydie , \u00ab\u00a0regroupez vous\u00a0\u00bb de Georges (\u00e0 la CB) sans oublier Paul et Pierre toujours pr\u00e9venant. La course aux boutiques, n\u2019est-ce pas Ren\u00e9e\u00a0? et les grognements de Miko\u2026<\/p>\n<p>N\u2019oublions pas Annette, amatrice aussi de magasins comme les autres, et Guy gardien \u00abde la paix\u00bb d\u2019Ulla et un peu farceur aussi.<\/p>\n<p>Impossible d\u2019oublier Simone et Jean que nous avons suivis \u00ab\u00e0 la trace\u00bb en bon 5<sup>i\u00e8me<\/sup> du groupe.<\/p>\n<p>Notre souvenir ira aussi \u00e0 Suzanne tellement d\u00e9vou\u00e9e et agr\u00e9able durant notre court s\u00e9jour \u00e0 Trakai, les services de son mari Richard, photographe amateur, toujours souriant.<\/p>\n<p>Bien s\u00fbr nous avons apport\u00e9 des mat\u00e9riels \u00e0 Vilnius, un accueil cordial et un moment inoubliable.<\/p>\n<p>Nous sommes d\u00e9j\u00e0 dans l\u2019attente de nouveaux projets et d\u2019une prochaine rencontre.<\/p>\n<p>Nous faisons \u00e0 tous la bise du matin.<\/p>\n<p><em>\u00a0Michelle et Jean-Claude GAUTHIER<\/em><\/p>\n<p><strong>&#8211; Le tour de la mer Baltique\u00a0( juin-juillet 2013\u00a0)<\/strong><\/p>\n<p>Un voyage plac\u00e9 sous le signe de la nature et de la \u00abbernache\u00bb (palmip\u00e8de apparent\u00e9 aux oies et rencontr\u00e9 \u00e0 de nombreuses reprises).<\/p>\n<p>Nous avons visit\u00e9 les grandes agglom\u00e9rations\u00a0 de la Baltique mais aussi les petits ports et nous avons emprunt\u00e9 les routes \u00e9troites, et les tunnels, des fjords norv\u00e9giens.<\/p>\n<p>Le soleil \u00e9tait quelquefois en vacances et l\u2019ap\u00e9ritif quotidien, ou presque, se prenait souvent avec la doudoune.<\/p>\n<p>Des moments forts \u00e0 Vilnius au d\u00e9chargement du mat\u00e9riel destin\u00e9 \u00e0 l\u2019orphelinat et chez Suzanne \u00e0 Traka\u00ee qui nous a accueillie avec beaucoup de joie et avec qui nous avons partag\u00e9 le plaisir de cette rencontre.<\/p>\n<p>Les journ\u00e9es \u00e0 St Petersbourg nous ont laiss\u00e9es des souvenirs de rues anim\u00e9es, de riches mus\u00e9es, d\u2019\u00e9glises magnifiques\u2026.et de march\u00e9s attrayants.<\/p>\n<p>La travers\u00e9e entre la Finlande et la Su\u00e8de s\u2019est effectu\u00e9e sous le soleil, au milieu des iles du golfe de Botnie, c\u2019\u00e9tait magique.<\/p>\n<p>La nature dans ces pays du nord est un attrait important, mais nous avons aussi aim\u00e9 les richesses culturelles de Stockholm, les vieux quartiers et le mus\u00e9e \u00abVasa\u00bb, Oslo et le parc Vigeland.<\/p>\n<p>Les r\u00e9gion du Bohuslan et du lac Malaren en Su\u00e8de ont \u00e9t\u00e9 appr\u00e9ci\u00e9es mais aussi notre \u00e9tape sur le Gota canal.<\/p>\n<p>La Norv\u00e8ge est un pays de montagnes mais la mer est partout pr\u00e9sente, les nombreux ferry, les glaciers et la vertigineuse route des trolls nous ont enchant\u00e9s.<\/p>\n<p>Au final 11500kms dans de bonnes conditions, avec un groupe sympathique et d\u00e9sireux de profiter au maximum de ces d\u00e9couvertes malgr\u00e9 les trolls souvent rencontr\u00e9s\u2026heureusement, Miko et Ulla assuraient notre s\u00e9curit\u00e9.<\/p>\n<p>A noter \u00e9galement quelques tentatives de p\u00eache mal r\u00e9compens\u00e9es.<\/p>\n<p>Hormis une m\u00e9t\u00e9o un peu fraiche, un beau voyage dans ces pays nordiques qui sont vraiment \u00e0 d\u00e9couvrir.<\/p>\n<p><em>Georges<\/em><\/p>\n<p>__________________________________________________________________________________________________________________<\/p>\n<h4 class=\"wp-block-heading\"><span style=\"color: #008000;\"><strong>\u2248&gt; <\/strong><\/span><a href=\"http:\/\/www.voyagesutilesencampingcar.fr\/?page_id=2097\">Souvenirs 2024<\/a><strong>\u00a0\u00a0 <\/strong><span style=\"color: #008000;\"><strong> \u2248&gt; <\/strong><\/span><a href=\"http:\/\/www.voyagesutilesencampingcar.fr\/?page_id=1972\">Souvenirs 2023<\/a><strong>\u00a0\u00a0 <\/strong><span style=\"color: #008000;\"><strong>\u2248&gt; <\/strong><\/span><a href=\"http:\/\/www.voyagesutilesencampingcar.fr\/?page_id=1807\">Souvenirs 2019<\/a><strong>\u00a0\u00a0 <\/strong><span style=\"color: #008000;\"><strong>\u2248&gt; <\/strong><\/span><a href=\"http:\/\/www.voyagesutilesencampingcar.fr\/?page_id=1155\">Souvenirs 2018<\/a><\/h4>\n<h4 class=\"wp-block-heading\"><span style=\"color: #008000;\"><strong>\u00a0\u00a0\u00a0\u00a0\u00a0\u00a0\u2248&gt; <\/strong><\/span><a href=\"http:\/\/www.voyagesutilesencampingcar.fr\/?page_id=886\">Souvenirs 2017 \u00a0<\/a><span style=\"color: #008000;\"><strong>\u2248&gt; <\/strong><\/span><a href=\"http:\/\/www.voyagesutilesencampingcar.fr\/?page_id=892\">Souvenirs 2016<\/a><strong>\u00a0\u00a0 <\/strong><span style=\"color: #008000;\"><strong>\u2248&gt; <\/strong><\/span><a href=\"http:\/\/www.voyagesutilesencampingcar.fr\/?page_id=894\">Souvenirs 2015<\/a><strong>\u00a0\u00a0 <\/strong><span style=\"color: #008000;\"><strong>\u2248&gt; <\/strong><\/span><a href=\"http:\/\/www.voyagesutilesencampingcar.fr\/?page_id=896\">Souvenirs 2014<\/a><strong>\u00a0\u00a0 <\/strong><\/h4>\n<h4 class=\"wp-block-heading\"><span style=\"color: #008000;\"><strong>\u00a0\u00a0\u00a0\u00a0\u00a0\u00a0\u00a0\u00a0\u00a0\u2248&gt; <\/strong><\/span><a href=\"http:\/\/www.voyagesutilesencampingcar.fr\/?page_id=905\">Souvenirs 2013<\/a><strong>\u00a0\u00a0 <\/strong> <span style=\"color: #008000;\"><strong> \u2248&gt; <\/strong><\/span><a href=\"http:\/\/www.voyagesutilesencampingcar.fr\/?page_id=9108\">Souvenirs 2012<\/a><strong>\u00a0\u00a0 <\/strong><span style=\"color: #008000;\"><strong> \u2248&gt; <\/strong><\/span><a href=\"http:\/\/www.voyagesutilesencampingcar.fr\/?page_id=910\">Souvenirs 2011<\/a><strong>\u00a0\u00a0 <\/strong><span style=\"color: #008000;\"><strong> \u2248&gt; <\/strong><\/span><a href=\"http:\/\/www.voyagesutilesencampingcar.fr\/?page_id=912\">Souvenirs 2010<\/a><\/h4>\n<h4 class=\"wp-block-heading\"><span style=\"color: #008000;\"><strong>\u00a0\u00a0\u00a0\u00a0\u00a0\u00a0\u00a0\u00a0\u00a0\u00a0\u00a0\u00a0\u2248&gt; <\/strong><\/span><a href=\"http:\/\/www.voyagesutilesencampingcar.fr\/?page_id=914\">Souvenirs 2009<\/a><span style=\"color: #008000;\"><strong>\u00a0\u00a0\u00a0\u00a0\u00a0\u00a0\u2248&gt; <\/strong><\/span><a href=\"http:\/\/www.voyagesutilesencampingcar.fr\/?page_id=916\">Souvenirs 2008<\/a><\/h4>\n","protected":false},"excerpt":{"rendered":"<p>\u2248&gt; 2013 Chypre Compte-rendu en deux parties pour ce voyage propos\u00e9 par Jean-Claude et Marilou. &#8211; Un petit mot d\u2019un nouvel \u00e9quipage. Nouveaux voyageurs \u2013 premier voyage ; nous sommes les \u00ab petits bleus \u00bb, plac\u00e9s sous la protection et le regard bienveillant des \u00ab routards \u00bb . Six \u00e9quipages pour cette premi\u00e8re visite de &hellip; <a href=\"http:\/\/www.voyagesutilesencampingcar.fr\/?page_id=905\">Continue reading <span class=\"meta-nav\">&rarr;<\/span><\/a><\/p>\n","protected":false},"author":1,"featured_media":0,"parent":119,"menu_order":0,"comment_status":"closed","ping_status":"closed","template":"template-sidebar-right.php","meta":{"footnotes":""},"class_list":["post-905","page","type-page","status-publish","hentry"],"_links":{"self":[{"href":"http:\/\/www.voyagesutilesencampingcar.fr\/index.php?rest_route=\/wp\/v2\/pages\/905","targetHints":{"allow":["GET"]}}],"collection":[{"href":"http:\/\/www.voyagesutilesencampingcar.fr\/index.php?rest_route=\/wp\/v2\/pages"}],"about":[{"href":"http:\/\/www.voyagesutilesencampingcar.fr\/index.php?rest_route=\/wp\/v2\/types\/page"}],"author":[{"embeddable":true,"href":"http:\/\/www.voyagesutilesencampingcar.fr\/index.php?rest_route=\/wp\/v2\/users\/1"}],"replies":[{"embeddable":true,"href":"http:\/\/www.voyagesutilesencampingcar.fr\/index.php?rest_route=%2Fwp%2Fv2%2Fcomments&post=905"}],"version-history":[{"count":2,"href":"http:\/\/www.voyagesutilesencampingcar.fr\/index.php?rest_route=\/wp\/v2\/pages\/905\/revisions"}],"predecessor-version":[{"id":2134,"href":"http:\/\/www.voyagesutilesencampingcar.fr\/index.php?rest_route=\/wp\/v2\/pages\/905\/revisions\/2134"}],"up":[{"embeddable":true,"href":"http:\/\/www.voyagesutilesencampingcar.fr\/index.php?rest_route=\/wp\/v2\/pages\/119"}],"wp:attachment":[{"href":"http:\/\/www.voyagesutilesencampingcar.fr\/index.php?rest_route=%2Fwp%2Fv2%2Fmedia&parent=905"}],"curies":[{"name":"wp","href":"https:\/\/api.w.org\/{rel}","templated":true}]}}