{"id":892,"date":"2018-11-24T17:59:30","date_gmt":"2018-11-24T16:59:30","guid":{"rendered":"http:\/\/www.voyagesutilesencampingcar.fr\/?page_id=892"},"modified":"2025-10-11T12:53:28","modified_gmt":"2025-10-11T11:53:28","slug":"souvenirs-2016","status":"publish","type":"page","link":"http:\/\/www.voyagesutilesencampingcar.fr\/?page_id=892","title":{"rendered":"Souvenirs 2016"},"content":{"rendered":"<p><span style=\"color: #008000;\"><strong>\u2248&gt; 2016<\/strong><\/span><\/p>\n<ul>\n<li>\n<h5><strong><span style=\"text-decoration: underline; color: #339966;\">G\u00e9orgie &#8211; Arm\u00e9nie<\/span><\/strong><\/h5>\n<\/li>\n<\/ul>\n<p>&#8211; <strong>Les impressions de \u00ab\u00a0nouveaux voyageurs VUCC\u00a0\u00bb<\/strong><\/p>\n<p style=\"text-align: justify;\"><a href=\"http:\/\/www.voyagesutilesencampingcar.fr\/wp-content\/uploads\/2013\/02\/DSC_5599-eleves-a-l-ecole-apprenant-le-francaisa-Kuchak.jpg\"><img loading=\"lazy\" decoding=\"async\" class=\"wp-image-736 alignleft\" src=\"http:\/\/www.voyagesutilesencampingcar.fr\/wp-content\/uploads\/2013\/02\/DSC_5599-eleves-a-l-ecole-apprenant-le-francaisa-Kuchak-300x199.jpg\" alt=\"dsc_5599-eleves-a-l-ecole-apprenant-le-francaisa-kuchak\" width=\"148\" height=\"98\" srcset=\"http:\/\/www.voyagesutilesencampingcar.fr\/wp-content\/uploads\/2013\/02\/DSC_5599-eleves-a-l-ecole-apprenant-le-francaisa-Kuchak-300x199.jpg 300w, http:\/\/www.voyagesutilesencampingcar.fr\/wp-content\/uploads\/2013\/02\/DSC_5599-eleves-a-l-ecole-apprenant-le-francaisa-Kuchak-83x55.jpg 83w, http:\/\/www.voyagesutilesencampingcar.fr\/wp-content\/uploads\/2013\/02\/DSC_5599-eleves-a-l-ecole-apprenant-le-francaisa-Kuchak-120x80.jpg 120w, http:\/\/www.voyagesutilesencampingcar.fr\/wp-content\/uploads\/2013\/02\/DSC_5599-eleves-a-l-ecole-apprenant-le-francaisa-Kuchak.jpg 314w\" sizes=\"auto, (max-width: 148px) 100vw, 148px\" \/><\/a>Bien que voyageur en camping-car de longue date, c\u2019est la premi\u00e8re fois que nous faisions un voyage dans le cadre VUCC, c&rsquo;est-\u00e0-dire un voyage agr\u00e9able et utile \u00e0 la fois.<\/p>\n<p style=\"text-align: justify;\">Le voyage pour la G\u00e9orgie et l\u2019Arm\u00e9nie a \u00e9t\u00e9 pr\u00e9par\u00e9 avec beaucoup de soin et tr\u00e8s d\u00e9taill\u00e9 par nos deux accompagnateurs Jacques et Jacky. Le programme nous a \u00e9t\u00e9 communiqu\u00e9 suffisamment t\u00f4t pour se pr\u00e9parer, au moyen d\u2019un road-book.<\/p>\n<p style=\"text-align: justify;\">Pour des raisons imp\u00e9rieuses, Jacques a d\u00fb annuler sa participation et c\u2019est donc cinq \u00e9quipages qui ont pris le d\u00e9part depuis Margerie Chantagret, lieu de stockage du chargement, chez H\u00e9l\u00e8ne et Bernard. Jacky a donc \u00e9t\u00e9 notre seul accompagnateur.<\/p>\n<p style=\"text-align: justify;\">Rouler en convoi, m\u00eame assez court, demande une certaine accoutumance, notamment en prenant en compte les habitudes de conduite de celui qui est devant, comme g\u00e9rer les distances ou ne pas oublier celui qui est derri\u00e8re. A notre avis, cela a \u00e9t\u00e9 acquis d\u00e8s les premi\u00e8res centaines de kilom\u00e8tres, vers Anc\u00f4ne, lieu d\u2019embarquement pour Igoumenista.<\/p>\n<p style=\"text-align: justify;\">La travers\u00e9e de la Gr\u00e8ce fut tr\u00e8s rapide, en deux jours. Une petite baignade de bon matin en mer Eg\u00e9e \u00e0 Fanari, juste avant de reprendre la route, \u00e7a remet en forme !<\/p>\n<p style=\"text-align: justify;\">La travers\u00e9e de la Turquie fut r\u00e9alis\u00e9e en prenant, d\u2019un commun accord, les routes nationales plut\u00f4t que les autoroutes. Les routes longeant la Mer Noire sont principalement \u00e0 quatre voies, mais avec le probl\u00e8me de la travers\u00e9e des centres villes. En effet les villes de cette r\u00e9gion sont des m\u00e9gapoles et la circulation tr\u00e8s dense avec de nombreux feux rouges nous ont notablement ralenti. Nous avons quand m\u00eame pu tenir le programme du road-book mais au prix de longues heures de conduite.<\/p>\n<p style=\"text-align: justify;\">La journ\u00e9e de repos \u00e0 Batoumi fut bienvenue. Bien que le camping annonc\u00e9 n\u2019en fut pas un (le jardin botanique n\u2019a pas de camping) nous avons pu nous reposer et faire les pleins d\u2019eau, lessives, &#8230;<\/p>\n<p style=\"text-align: justify;\">Pour la suite, nous avons travers\u00e9 la G\u00e9orgie en faisant connaissance avec ses \u00ab routes secondaires \u00bb dont l\u2019\u00e9tat est proche de pistes r\u00e9serv\u00e9es aux 4&#215;4, \u00e0 la vitesse moyenne de 10 km\/h !<\/p>\n<p style=\"text-align: justify;\">Les paysages sont magnifiques et l\u2019accueil tr\u00e8s chaleureux, \u00e0 chaque arr\u00eat. Que ce soit en G\u00e9orgie ou en Arm\u00e9nie nous avons \u00e9t\u00e9 tr\u00e8s souvent convi\u00e9s \u00e0 partager un caf\u00e9 avec g\u00e2teaux, fruits, voire un repas (le pop du monast\u00e8re du lac de Paravani, des habitants de Harish Maralish, &#8230; ). De nombreuses rencontres ont beaucoup enrichi ce voyage.<\/p>\n<p style=\"text-align: justify;\">La partie \u00ab Utile \u00bb fut accomplie conform\u00e9ment aux pr\u00e9visions. L\u2019accueil encore une fois fut tr\u00e8s chaleureux : \u00e0 Ashotsk par S\u0153ur No\u00eblle et P\u00e8re Mario, \u00e0 Goris par Carmen, \u00e0 Tbilissi par Mzia, et plus particuli\u00e8rement pour nous, \u00e0 Kuchac par Anahit et Shoghik. L\u2019accueil de leurs jeunes \u00e9l\u00e8ves francophiles, et la passion qu\u2019a Anahit pour notre pays, dans ce petit village, ont \u00e9t\u00e9 assez \u00e9mouvants, surtout loin de chez nous.<\/p>\n<p style=\"text-align: justify;\">L\u2019\u00e9tat des routes, les bivouacs tr\u00e8s heureux et moins heureux, les quelques ennuis m\u00e9caniques , les passages de fronti\u00e8res, ont soud\u00e9 le groupe et n\u2019ont pas emp\u00each\u00e9 de \u00ab franches rigolades \u00bb. En tant que nouveaux , nous ne sommes pas trop intervenu sur le plan de route, ne voulant pas perturber un programme si longuement pr\u00e9par\u00e9 par les accompagnateurs, m\u00eame si parfois nous nous sentions un peu trop encadr\u00e9s.<\/p>\n<p style=\"text-align: justify;\">Merci \u00e0 Jacky et V\u00e9ronique pour la pr\u00e9paration du voyage et les bivouacs \u00ab miraculeux ?\u00bb<\/p>\n<p style=\"text-align: justify;\">Merci \u00e0 Alain et Jeannine pour leur accueil dans leur grand CC les soirs de pluie pour l\u2019ap\u00e9ro.<\/p>\n<p style=\"text-align: justify;\">Merci \u00e0 Maryse et \u00e0 Louis pour sa bonne humeur et ses imitations du \u00ab muezzin \u00bb<\/p>\n<p style=\"text-align: justify;\">Et surtout merci \u00e0 H\u00e9l\u00e8ne et son \u00ab assistant \u00bb Bernard pour leurs longues heures pass\u00e9es \u00e0 mettre \u00e0 jour le blog.<\/p>\n<p style=\"text-align: justify;\">En conclusion, ce fut un tr\u00e8s beau voyage.<\/p>\n<p style=\"text-align: justify;\">Marc &amp; Eliane<\/p>\n<p>&#8211; <strong>Le mot de l&rsquo;accompagnateur<br \/>\n<\/strong><\/p>\n<p style=\"text-align: left;\"><a href=\"http:\/\/www.voyagesutilesencampingcar.fr\/wp-content\/uploads\/2013\/02\/David_Gareji.jpg\"><img loading=\"lazy\" decoding=\"async\" class=\" wp-image-733 alignleft\" src=\"http:\/\/www.voyagesutilesencampingcar.fr\/wp-content\/uploads\/2013\/02\/David_Gareji-300x199.jpg\" alt=\"david_gareji\" width=\"175\" height=\"116\" srcset=\"http:\/\/www.voyagesutilesencampingcar.fr\/wp-content\/uploads\/2013\/02\/David_Gareji-300x199.jpg 300w, http:\/\/www.voyagesutilesencampingcar.fr\/wp-content\/uploads\/2013\/02\/David_Gareji-83x55.jpg 83w, http:\/\/www.voyagesutilesencampingcar.fr\/wp-content\/uploads\/2013\/02\/David_Gareji-120x80.jpg 120w, http:\/\/www.voyagesutilesencampingcar.fr\/wp-content\/uploads\/2013\/02\/David_Gareji.jpg 314w\" sizes=\"auto, (max-width: 175px) 100vw, 175px\" \/><\/a>Nous sommes un couple \u00ab primo acc\u00e9dant \u00bb au r\u00f4le \u00ab d\u2019accompagnateurs \u00bb, nous avons eu le souci permanent de r\u00e9aliser une pr\u00e9paration suffisante afin de ne pas avoir trop de surprises d\u00e9sagr\u00e9ables sur place mais nous avons eu aussi un ensemble de craintes d\u2019avoir pu n\u00e9gliger certains aspects d\u2019un tel projet.<\/p>\n<p style=\"text-align: justify;\">Notre objectif \u00e9tait de nous approprier le maximum d\u2019\u00e9l\u00e9ments de ces 2 pays : L\u2019ARMENIE et LA GEORGIE<\/p>\n<p style=\"text-align: justify;\">Seuls les participants auront la capacit\u00e9 d\u2019apporter leurs avis \u00e0 la lumi\u00e8re de leurs attentes personnelles.<\/p>\n<p style=\"text-align: justify;\">Ce que nous pouvons exprimer, nous, le couple V\u00e9ronique Jacky, c\u2019est qu\u2019apr\u00e8s l\u2019annonce de l\u2019abandon de Fabienne et Jacques, co-pr\u00e9parateurs de ce projet la barre nous semblait bien haute.<\/p>\n<p style=\"text-align: justify;\">Forts du plan \u00e9tabli \u00e0 quatre \u00ab Vuccistes \u00bb et en RESPECT pour ce travail, nous nous sommes attach\u00e9s \u00e0 respecter les \u00e9tapes de ce plan en adaptant ce projet de voyage aux \u00e9v\u00e9nements et contraintes non pr\u00e9visibles.<\/p>\n<p style=\"text-align: justify;\">La raison du th\u00e8me de visites \u00ab les monast\u00e8res \u00bb est bien plus touristique qu\u2019historique ou religieux.<\/p>\n<p style=\"text-align: justify;\">En effet tous ces lieux s\u2019inscrivent \u00ab toujours \u00bb dans un parcours jalonn\u00e9 de multiples paysages et qui sont tous dans des lieux diff\u00e9rents, in\u00e9dits et splendides.<\/p>\n<p style=\"text-align: justify;\">La deuxi\u00e8me raison majeure de la r\u00e9alisation maximale de ce plan de voyage tenait au fait qu\u2019un retour sur ces lieux \u00e0 5.000 kms de la France ne sera pas tr\u00e8s facile et pour nous personnellement il n\u2019y aura pas un deuxi\u00e8me voyage possible dans ces pays.<\/p>\n<p style=\"text-align: justify;\">Les villes, les villages, la campagne, la montagne nous ont offert un spectacle permanent mais surtout une capacit\u00e9 de rencontres spontan\u00e9es avec les populations \u2026<\/p>\n<p style=\"text-align: justify;\">Une place de march\u00e9, un village, une demande de renseignements, un bivouac ont toujours donn\u00e9 la preuve de la qualit\u00e9 d\u2019accueil des Arm\u00e9niens et G\u00e9orgiens.<\/p>\n<p style=\"text-align: justify;\">Les trois lieux de livraison ont \u00e9t\u00e9 des occasions d\u2019\u00e9changes tr\u00e8s forts dans la continuit\u00e9 des contacts \u00e9tablis par les \u00e9quipages VUCC qui nous ont pr\u00e9c\u00e9d\u00e9s.<\/p>\n<p style=\"text-align: justify;\">Cette ann\u00e9e encore nous avons livr\u00e9 \u00e0 l\u2019h\u00f4pital d\u2019ASTOCH, \u00e0 l\u2019\u00e9cole de KUCHAK o\u00f9 le plaisir des enfants de recevoir 2 \u00e9quipements maillots shorts pour des \u00e9quipes de foot se traduisait sur les visages et au centre social de GORIS.<\/p>\n<p style=\"text-align: justify;\">S\u2019il est \u00e0 citer plusieurs lieux magiques travers\u00e9s :<\/p>\n<ul style=\"text-align: justify;\">\n<li>le site de David Garedja en G\u00e9orgie,<\/li>\n<li>la descente vers Meghri avec les paysages montagneux splendides et l\u2019Iran en toile de fond<\/li>\n<li>la route vers Kazbegui et les montagnes du grand Caucase \u00e0 6 kms de la fronti\u00e8re russe<\/li>\n<li>la ville de Tbilissi.<\/li>\n<li>Etc \u2026\u2026..<\/li>\n<\/ul>\n<p style=\"text-align: justify;\">En ce qui nous concerne, l\u2019aventure humaine v\u00e9cue avec le groupe, les rencontres inattendues, les paysages fabuleux font de ce voyage un moment unique qui restera grav\u00e9 dans nos m\u00e9moires et nous renforce dans cette envie de poursuivre ce r\u00f4le d\u2019accompagnateurs.<\/p>\n<ul>\n<li>\n<h5><strong><span style=\"text-decoration: underline; color: #339966;\">La Roumanie<br \/>\n<\/span><\/strong><\/h5>\n<\/li>\n<\/ul>\n<p>&#8211; <strong>Le mot d&rsquo;un \u00e9quipage<\/strong><\/p>\n<p style=\"text-align: justify;\"><img loading=\"lazy\" decoding=\"async\" class=\"wp-image-722 alignleft\" src=\"http:\/\/www.voyagesutilesencampingcar.fr\/wp-content\/uploads\/2013\/02\/CRAnnie-300x169.jpg\" alt=\"crannie\" width=\"172\" height=\"97\" srcset=\"http:\/\/www.voyagesutilesencampingcar.fr\/wp-content\/uploads\/2013\/02\/CRAnnie-300x169.jpg 300w, http:\/\/www.voyagesutilesencampingcar.fr\/wp-content\/uploads\/2013\/02\/CRAnnie.jpg 1024w, http:\/\/www.voyagesutilesencampingcar.fr\/wp-content\/uploads\/2013\/02\/CRAnnie-98x55.jpg 98w\" sizes=\"auto, (max-width: 172px) 100vw, 172px\" \/>Le 25 Ao\u00fbt 2016 apr\u00e8s un petit-d\u00e9jeuner offert par Madame Mullat de SOLIDARITE SEBIS ROUMANIE, sous un soleil ardent, nous partons pour la Roumanie ; Les camping-cars r\u00e9vis\u00e9s \u00e0 neuf, rutilants et bien pleins.<\/p>\n<p style=\"text-align: justify;\">Au premier bivouac, les consignes habituelles sont rappel\u00e9es sans oublier le briefing du soir. Et c\u2019est apr\u00e8s une halte pour visiter Budapest que notre convoi passe sans souci la fronti\u00e8re Roumaine.<\/p>\n<p style=\"text-align: justify;\">A Dej, nous retrouvons nos amis du 2<sup>\u00e8me<\/sup> voyage pour livrer les colis ; un repas typique nous est offert avec une bouteille \u00ab d\u2019eau nationale \u00bb. Le lendemain, avant de reprendre la route et de perdre un \u00e9quipage (cela \u00e9t\u00e9 pr\u00e9vu), notre chef cuisinier nous compose un plat digne d\u2019un 3* ; nous lui devons un grand merci.<\/p>\n<p style=\"text-align: justify;\">Des \u00e9glises en bois, le cimeti\u00e8re joyeux, des \u00e9glises et monast\u00e8res plus beaux les uns que les autres se visitent toujours de bon pied et bon \u0153il, sans oublier les ch\u00e2teaux et surtout celui de Dracula accessible par un escalier de 1480 marches que nous gravissons en petites foul\u00e9es !!<\/p>\n<p style=\"text-align: justify;\">Nos journ\u00e9es sont biens remplies : petit train, volcan de boue, mines de sel, palais, citadelles, sans oublier les restaurants et les petites douceurs.<\/p>\n<p style=\"text-align: justify;\">Il faut aussi \u00e9voquer une nuit en pleine campagne, o\u00f9 tous les camping-cars sont secou\u00e9s. Au petit matin, toutes les hypoth\u00e8ses fusent : les vaches qui se frottent, des petits plaisantins et m\u00eame le passage d\u2019ours car nous sommes dans leur r\u00e9gion\u2026et bien non c\u2019est un TREMBLEMENT DE TERRE !<\/p>\n<p style=\"text-align: justify;\">Un autre jour, un dimanche de halte obligatoire (un camping-car en panne) certains taquinent le poisson sans beaucoup de succ\u00e8s, tendit que d\u2019autres sortent les boules et le soir au briefing nos p\u00eacheurs occasionnels parlent d\u2019une p\u00eache miraculeuse : beaucoup de gros poissons, de quoi r\u00e9galer tous nos camping caristes !!! Mais heureusement, nous sommes toujours d\u2019accord pour d\u00e9couvrir la cuisine locale, et se faire des petits restos.<\/p>\n<p style=\"text-align: justify;\">C\u2019est au d\u00e9tour d\u2019un bivouac que nous rencontrons le Maire de Stei qui parle fran\u00e7ais. Un rendez-vous est pris, et le jour venu nous sommes accueillis \u00e0 la mairie puis dans une \u00e9cole o\u00f9 le fran\u00e7ais est enseign\u00e9. Leur sens de l\u2019hospitalit\u00e9, leurs d\u00e9licates attentions, (une petite fille a appris en deux jours une chanson en fran\u00e7ais, d\u2019autres avaient pr\u00e9par\u00e9 une chor\u00e9graphie) les sp\u00e9cialit\u00e9s culinaires sur les tables, les cadeaux (vin, g\u00e2teaux, livre\u2026) et surtout les \u00e9changes, sont des moments tr\u00e8s forts en \u00e9motions.<\/p>\n<p style=\"text-align: justify;\">Sur la fin du voyage un peu de pluie, mais cela n\u2019a pas entrav\u00e9 notre ardeur : La croisi\u00e8re sur le delta du Danube nous a permis d\u2019admirer de nombreuses esp\u00e8ces d\u2019oiseaux, emmitoufl\u00e9s comme en plein hiver et malgr\u00e9 les peurs de certains, la bonne humeur est de mise.<\/p>\n<p style=\"text-align: justify;\">Un soir que nous avons un peu de temps, nous sortons les boules, la d\u00e9cision est prise \u00e0 l\u2019unanimit\u00e9 de jouer les femmes contre les hommes, je vous laisse deviner qui a gagn\u00e9 !!!<\/p>\n<p style=\"text-align: justify;\">Sur le chemin du retour, nous faisons quelques haltes en Slov\u00e9nie mais la date du fin du voyage approche, il faut reprendre le chemin de la France ; Les camping-cars plus l\u00e9gers, tr\u00e8s sales, nous un peu fatigu\u00e9s et le mauvais temps s\u2019installant (il neige et nous ne pouvons pas passer le col du Mont-Cenis) nous nous s\u00e9parons avec un projet de rencontre pour revoir les photos et se rem\u00e9morer les bons moments pass\u00e9s ensemble.<\/p>\n<p style=\"text-align: justify;\">Malgr\u00e9 les pannes plus ou moins importantes de chaque Camping-car ; l\u2019entraide et la solidarit\u00e9 ont toujours \u00e9t\u00e9 pr\u00e9sentes. Merci \u00e0 notre Ministre des finances qui a toujours g\u00e9r\u00e9 le budget collectif avec rigueur et bonne humeur. Merci aussi \u00e0 notre M\u00e8re poule qui ne cesse de nous compter afin de ne pas perdre une \u00ab ouaille \u00bb, et au\u00ab Chef \u00bb qui chaque matin, toujours de bon pied et \u00ab bon \u0153il \u00bb nous permet de d\u00e9couvrir la Roumanie et de passer ensemble des moments inoubliables.<\/p>\n<p style=\"text-align: justify;\">Annie et Jacques.<\/p>\n<p style=\"text-align: justify;\">&#8211; <strong>Le mot de l&rsquo;accompagnateur : Jean-Claude<br \/>\n<\/strong><\/p>\n<p style=\"text-align: left;\"><img loading=\"lazy\" decoding=\"async\" class=\"size-full wp-image-723 alignleft\" src=\"http:\/\/www.voyagesutilesencampingcar.fr\/wp-content\/uploads\/2013\/02\/CRJeanClaude.jpg\" alt=\"crjeanclaude\" width=\"136\" height=\"116\" srcset=\"http:\/\/www.voyagesutilesencampingcar.fr\/wp-content\/uploads\/2013\/02\/CRJeanClaude.jpg 136w, http:\/\/www.voyagesutilesencampingcar.fr\/wp-content\/uploads\/2013\/02\/CRJeanClaude-64x55.jpg 64w\" sizes=\"auto, (max-width: 136px) 100vw, 136px\" \/>J\u2019ai \u00e9t\u00e9 vampiris\u00e9 par un super voyage dans le pays de Dracula (nous avons visit\u00e9 au moins 3 ch\u00e2teaux o\u00f9 il vivait ?) c\u2019est un peu une ann\u00e9e qui nous file entre les doigts et heureusement, on se quitte en se demandant o\u00f9 va-t-on l\u2019ann\u00e9e suivante ?<\/p>\n<p style=\"text-align: justify;\">Ce sont 9 \u00e9quipages qui, le 24 ao\u00fbt, sont re\u00e7us comme des rois \u00e0 Veauche (42) par Madame Mulat et Monsieur Laurent responsables de l\u2019association \u00ab Sebis Roumanie \u00bb Notre mission cette ann\u00e9e \u00e9tait de livrer des colis \u00e0 Dej une petite ville de Roumanie d\u2019environ 32000 habitants au nord de la Transylvanie. Les 9 camping-cars \u00e9taient de nouveau tous r\u00e9unis dans le camping de DEJ pour la livraison des v\u00eatements, fauteuils roulants et fournitures diverses que nous avions tous r\u00e9colt\u00e9s aupr\u00e8s de nos connaissances*. Encore une fois l\u2019excellent accueil que nous a r\u00e9serv\u00e9 l\u2019association \u00ab Mutuala France Roumanie (AMUS)\u00bb, repr\u00e9sent\u00e9e par son pr\u00e9sident Monsieur Attila Fuleki, et son \u00e9quipe nous a grandement remerci\u00e9 pour l\u2019action de VUCC. Cette association se charge de la distribution de la livraison et s\u2019occupe aussi de \u00abl\u2019\u00e9cole Postliceala Louis Pasteur Campina \u00bb qui forme du personnel de sant\u00e9.<\/p>\n<p style=\"text-align: justify;\">Nous nous sommes ensuite s\u00e9par\u00e9s en deux groupes, Pierre accompagnant un voyage plus court. Pour nous, ce f\u00fbt 50 jours dans de magnifiques paysages toujours diff\u00e9rents.<\/p>\n<p style=\"text-align: justify;\">J\u2019ai aim\u00e9, le fait que tous les \u00e9quipages prennent \u00e0 tour de r\u00f4le le commandement du convoi et ce, avec GPS, tablettes ou cartes routi\u00e8res pour suivre les routes inscrites sur le roadbook, pas toujours faciles \u00e0 trouver ou \u00e0 emprunter .<\/p>\n<p style=\"text-align: justify;\">J\u2019ai aim\u00e9 les visites de tous ces sites remarquables que nous avions pr\u00e9vu de voir.<\/p>\n<p style=\"text-align: justify;\">J\u2019ai aim\u00e9 la rencontre avec Monsieur le Maire de Stei qui nous a organis\u00e9 la visite de sa ville et de son \u00e9cole, \u00e0 laquelle nous avons laiss\u00e9 quelques fournitures scolaires que nous avions et une enveloppe contenant une somme cons\u00e9quente, d\u00e9cid\u00e9e en commun, pour l\u2019achat d\u2019autres fournitures.<\/p>\n<p style=\"text-align: justify;\">J\u2019ai aim\u00e9 l\u2019aide apport\u00e9e spontan\u00e9ment par tous lorsqu\u2019un de nous avait un probl\u00e8me m\u00e9canique. Chaque \u00e9quipage en a b\u00e9n\u00e9fici\u00e9.<\/p>\n<p style=\"text-align: justify;\">J\u2019ai aim\u00e9 les journ\u00e9es de repos, pr\u00e9vues, ou forc\u00e9es \u00e0 cause de probl\u00e8mes m\u00e9caniques, pendant lesquelles certains nous ont montr\u00e9 leur virtuosit\u00e9 \u00e0 la p\u00eache (demandez la taille des poissons !) \u00e0 la p\u00e9tanque ou \u00e0 la pr\u00e9paration des repas pris en commun depuis la corv\u00e9e de bois jusqu\u2019\u00e0 la pr\u00e9paration des c\u00e8pes achet\u00e9s \u00e0 une personne du coin.<\/p>\n<p style=\"text-align: justify;\">J\u2019ai moins aim\u00e9, je dois le dire, les petites phrases \u00e9mises sous le coup de la nervosit\u00e9, qui blessent sans le vouloir et remplacent pour quelque temps notre super-entente par une politesse froide et d\u00e9sagr\u00e9able qui a engendr\u00e9 un malaise pour l\u2019ensemble des participants. Nous voyageons en groupe d\u2019une dizaine de personnes qui, pendant une cinquantaine de jours sont venues pour se d\u00e9tendre, visiter et partager un agr\u00e9able s\u00e9jour entre amis. Alors il n\u2019y a pas de place pour ces r\u00e9flexions que l\u2019on regrette aussit\u00f4t lanc\u00e9es. Pensez-y pour votre prochain voyage !!!<\/p>\n<p style=\"text-align: justify;\">Cet apart\u00e9 qui, je pense, devait \u00eatre fait, ne refl\u00e8te en rien l\u2019excellent \u00e9tat d\u2019esprit qui a r\u00e9gn\u00e9 pendant les 95% de ce voyage qui me laissera beaucoup de bons moments en m\u00e9moire et de magnifiques photos plein la t\u00eate.<\/p>\n<p style=\"text-align: justify;\">Au prochain voyage !<\/p>\n<p style=\"text-align: justify;\"><em>*Suite aux intemp\u00e9ries, le stock de l\u2019association Sebis Roumanie que nous devions transporter, a \u00e9t\u00e9 d\u00e9truit, toute l\u2019\u00e9quipe VUCC a mis la main \u00e0 la p\u00e2te et a r\u00e9colt\u00e9 plus de 500 kg de mat\u00e9riel.<\/em><\/p>\n<p style=\"text-align: justify;\">Jean Claude.<\/p>\n<p>__________________________________________________________________________________________________________________<\/p>\n<h4 class=\"wp-block-heading\"><span style=\"color: #008000;\"><strong>\u2248&gt; <\/strong><\/span><a href=\"http:\/\/www.voyagesutilesencampingcar.fr\/?page_id=2097\">Souvenirs 2024<\/a><strong>\u00a0\u00a0 <\/strong><span style=\"color: #008000;\"><strong> \u2248&gt; <\/strong><\/span><a href=\"http:\/\/www.voyagesutilesencampingcar.fr\/?page_id=1972\">Souvenirs 2023<\/a><strong>\u00a0\u00a0 <\/strong><span style=\"color: #008000;\"><strong>\u2248&gt; <\/strong><\/span><a href=\"http:\/\/www.voyagesutilesencampingcar.fr\/?page_id=1807\">Souvenirs 2019<\/a><strong>\u00a0\u00a0 <\/strong><span style=\"color: #008000;\"><strong>\u2248&gt; <\/strong><\/span><a href=\"http:\/\/www.voyagesutilesencampingcar.fr\/?page_id=1155\">Souvenirs 2018<\/a><\/h4>\n<h4 class=\"wp-block-heading\"><span style=\"color: #008000;\"><strong>\u00a0\u00a0\u00a0\u00a0\u00a0\u00a0\u2248&gt; <\/strong><\/span><a href=\"http:\/\/www.voyagesutilesencampingcar.fr\/?page_id=886\">Souvenirs 2017 \u00a0<\/a><span style=\"color: #008000;\"><strong>\u2248&gt; <\/strong><\/span><a href=\"http:\/\/www.voyagesutilesencampingcar.fr\/?page_id=892\">Souvenirs 2016<\/a><strong>\u00a0\u00a0 <\/strong><span style=\"color: #008000;\"><strong>\u2248&gt; <\/strong><\/span><a href=\"http:\/\/www.voyagesutilesencampingcar.fr\/?page_id=894\">Souvenirs 2015<\/a><strong>\u00a0\u00a0 <\/strong><span style=\"color: #008000;\"><strong>\u2248&gt; <\/strong><\/span><a href=\"http:\/\/www.voyagesutilesencampingcar.fr\/?page_id=896\">Souvenirs 2014<\/a><strong>\u00a0\u00a0 <\/strong><\/h4>\n<h4 class=\"wp-block-heading\"><span style=\"color: #008000;\"><strong>\u00a0\u00a0\u00a0\u00a0\u00a0\u00a0\u00a0\u00a0\u00a0\u2248&gt; <\/strong><\/span><a href=\"http:\/\/www.voyagesutilesencampingcar.fr\/?page_id=905\">Souvenirs 2013<\/a><strong>\u00a0\u00a0 <\/strong> <span style=\"color: #008000;\"><strong> \u2248&gt; <\/strong><\/span><a href=\"http:\/\/www.voyagesutilesencampingcar.fr\/?page_id=9108\">Souvenirs 2012<\/a><strong>\u00a0\u00a0 <\/strong><span style=\"color: #008000;\"><strong> \u2248&gt; <\/strong><\/span><a href=\"http:\/\/www.voyagesutilesencampingcar.fr\/?page_id=910\">Souvenirs 2011<\/a><strong>\u00a0\u00a0 <\/strong><span style=\"color: #008000;\"><strong> \u2248&gt; <\/strong><\/span><a href=\"http:\/\/www.voyagesutilesencampingcar.fr\/?page_id=912\">Souvenirs 2010<\/a><\/h4>\n<h4 class=\"wp-block-heading\"><span style=\"color: #008000;\"><strong>\u00a0\u00a0\u00a0\u00a0\u00a0\u00a0\u00a0\u00a0\u00a0\u00a0\u00a0\u00a0\u2248&gt; <\/strong><\/span><a href=\"http:\/\/www.voyagesutilesencampingcar.fr\/?page_id=914\">Souvenirs 2009<\/a><span style=\"color: #008000;\"><strong>\u00a0\u00a0\u00a0\u00a0\u00a0\u00a0\u2248&gt; <\/strong><\/span><a href=\"http:\/\/www.voyagesutilesencampingcar.fr\/?page_id=916\">Souvenirs 2008<\/a><\/h4>\n","protected":false},"excerpt":{"rendered":"<p>\u2248&gt; 2016 G\u00e9orgie &#8211; Arm\u00e9nie &#8211; Les impressions de \u00ab\u00a0nouveaux voyageurs VUCC\u00a0\u00bb Bien que voyageur en camping-car de longue date, c\u2019est la premi\u00e8re fois que nous faisions un voyage dans le cadre VUCC, c&rsquo;est-\u00e0-dire un voyage agr\u00e9able et utile \u00e0 la fois. Le voyage pour la G\u00e9orgie et l\u2019Arm\u00e9nie a \u00e9t\u00e9 pr\u00e9par\u00e9 avec beaucoup de &hellip; <a href=\"http:\/\/www.voyagesutilesencampingcar.fr\/?page_id=892\">Continue reading <span class=\"meta-nav\">&rarr;<\/span><\/a><\/p>\n","protected":false},"author":1,"featured_media":0,"parent":119,"menu_order":0,"comment_status":"closed","ping_status":"closed","template":"template-sidebar-right.php","meta":{"footnotes":""},"class_list":["post-892","page","type-page","status-publish","hentry"],"_links":{"self":[{"href":"http:\/\/www.voyagesutilesencampingcar.fr\/index.php?rest_route=\/wp\/v2\/pages\/892","targetHints":{"allow":["GET"]}}],"collection":[{"href":"http:\/\/www.voyagesutilesencampingcar.fr\/index.php?rest_route=\/wp\/v2\/pages"}],"about":[{"href":"http:\/\/www.voyagesutilesencampingcar.fr\/index.php?rest_route=\/wp\/v2\/types\/page"}],"author":[{"embeddable":true,"href":"http:\/\/www.voyagesutilesencampingcar.fr\/index.php?rest_route=\/wp\/v2\/users\/1"}],"replies":[{"embeddable":true,"href":"http:\/\/www.voyagesutilesencampingcar.fr\/index.php?rest_route=%2Fwp%2Fv2%2Fcomments&post=892"}],"version-history":[{"count":3,"href":"http:\/\/www.voyagesutilesencampingcar.fr\/index.php?rest_route=\/wp\/v2\/pages\/892\/revisions"}],"predecessor-version":[{"id":2137,"href":"http:\/\/www.voyagesutilesencampingcar.fr\/index.php?rest_route=\/wp\/v2\/pages\/892\/revisions\/2137"}],"up":[{"embeddable":true,"href":"http:\/\/www.voyagesutilesencampingcar.fr\/index.php?rest_route=\/wp\/v2\/pages\/119"}],"wp:attachment":[{"href":"http:\/\/www.voyagesutilesencampingcar.fr\/index.php?rest_route=%2Fwp%2Fv2%2Fmedia&parent=892"}],"curies":[{"name":"wp","href":"https:\/\/api.w.org\/{rel}","templated":true}]}}