{"id":537,"date":"2015-06-01T15:20:12","date_gmt":"2015-06-01T14:20:12","guid":{"rendered":"http:\/\/www.voyagesutilesencampingcar.fr\/?page_id=537"},"modified":"2025-01-11T18:25:42","modified_gmt":"2025-01-11T17:25:42","slug":"escapades-2","status":"publish","type":"page","link":"http:\/\/www.voyagesutilesencampingcar.fr\/?page_id=537","title":{"rendered":"Escapades 2023"},"content":{"rendered":"\n<h4 class=\"wp-block-heading\"><span style=\"color: #008000;\"><strong>\u2248&gt; 2023<\/strong><\/span><\/h4>\n\n\n\n<p><\/p>\n\n\n\n<p><\/p>\n\n\n\n<ul class=\"wp-block-list\">\n<li><strong>Le massif du Vercors<\/strong><\/li>\n<\/ul>\n\n\n\n<figure class=\"wp-block-image\"><img loading=\"lazy\" decoding=\"async\" width=\"75\" height=\"95\" src=\"http:\/\/www.voyagesutilesencampingcar.fr\/wp-content\/uploads\/2021\/04\/logo.jpg\" alt=\"\" class=\"wp-image-1417\" srcset=\"http:\/\/www.voyagesutilesencampingcar.fr\/wp-content\/uploads\/2021\/04\/logo.jpg 75w, http:\/\/www.voyagesutilesencampingcar.fr\/wp-content\/uploads\/2021\/04\/logo-43x55.jpg 43w\" sizes=\"auto, (max-width: 75px) 100vw, 75px\" \/><\/figure>\n\n\n\n<figure class=\"wp-block-image\"><img loading=\"lazy\" decoding=\"async\" width=\"300\" height=\"132\" src=\"http:\/\/www.voyagesutilesencampingcar.fr\/wp-content\/uploads\/2021\/04\/aiguille-300x132.jpg\" alt=\"\" class=\"wp-image-1420\" srcset=\"http:\/\/www.voyagesutilesencampingcar.fr\/wp-content\/uploads\/2021\/04\/aiguille-300x132.jpg 300w, http:\/\/www.voyagesutilesencampingcar.fr\/wp-content\/uploads\/2021\/04\/aiguille-125x55.jpg 125w, http:\/\/www.voyagesutilesencampingcar.fr\/wp-content\/uploads\/2021\/04\/aiguille.jpg 339w\" sizes=\"auto, (max-width: 300px) 100vw, 300px\" \/><\/figure>\n\n\n\n<p>&nbsp;<\/p>\n\n\n\n<p><strong>Nicole et G\u00e9rard Merle<\/strong> vous proposent de d\u00e9couvrir le massif du Vercors.<\/p>\n\n\n\n<p>Le <strong>Vercors,<\/strong> class\u00e9 \u00ab <strong>Parc naturel r\u00e9gional<\/strong> \u00bb, est un vaste massif calcaire de moyenne montagne entre l&rsquo;Is\u00e8re et la Dr\u00f4me, \u00e0 l&rsquo;ouest de la capitale des Alpes Grenoble. Il s&rsquo;\u00e9tage des 1200 m de son grand plateau en partie basse jusqu&rsquo;aux 2341m du Grand Veymont, son point culminant.<\/p>\n\n\n\n<p>Nous aborderons tous les aspects caract\u00e9ristiques de cette r\u00e9gion :<\/p>\n\n\n\n<ul class=\"wp-block-list\">\n<li>la g\u00e9ologie avec les grottes (Choranche), les rivi\u00e8res, les combes (Laval) et les ravins (la Bourne) &#8230;<\/li>\n\n\n\n<li>l&rsquo;histoire, marqu\u00e9e par la r\u00e9sistance lors de la seconde guerre mondiale notamment \u00e0 Vassieux en Vercors, \u00e0 La Chapelle en Vercors &#8230;<\/li>\n\n\n\n<li>le patrimoine avec Villard de Lans, Pont en Royans &#8230;<\/li>\n\n\n\n<li>la nature et la randonn\u00e9e (facile) avec le col du Rousset, Fond d&rsquo;Urle, &#8230;<\/li>\n\n\n\n<li>la gastronomie locale, le bleu du Vercors &#8230;<\/li>\n<\/ul>\n\n\n<div class=\"wp-block-image\">\n<figure class=\"alignleft\"><img loading=\"lazy\" decoding=\"async\" width=\"275\" height=\"183\" src=\"http:\/\/www.voyagesutilesencampingcar.fr\/wp-content\/uploads\/2021\/04\/combe-laval.jpg\" alt=\"\" class=\"wp-image-1419\" srcset=\"http:\/\/www.voyagesutilesencampingcar.fr\/wp-content\/uploads\/2021\/04\/combe-laval.jpg 275w, http:\/\/www.voyagesutilesencampingcar.fr\/wp-content\/uploads\/2021\/04\/combe-laval-83x55.jpg 83w, http:\/\/www.voyagesutilesencampingcar.fr\/wp-content\/uploads\/2021\/04\/combe-laval-120x80.jpg 120w\" sizes=\"auto, (max-width: 275px) 100vw, 275px\" \/><\/figure>\n<\/div>\n\n\n<p>Limit\u00e9e \u00e0 un petit groupe de 6 camping-cars (accompagnateur compris), notre escapade empruntera des routes de montagne, parfois \u00e9troites, dot\u00e9es de nombreux tunnels, pour certaines \u00e0 flanc de falaise et avec des restrictions de circulation (hauteur limit\u00e9e \u00e0 3,5 m et poids limit\u00e9 \u00e0 3,5t).<\/p>\n\n\n\n<p>Pour 9 &nbsp;jours et moins de 200 kms, nous vous proposons de nous retrouver le <span style=\"color: #FF0000;\"><strong>7 mai 2023 \u00e0 Lans en Vercors<\/strong><\/span>.<\/p>\n\n\n\n<p>Le budget par \u00e9quipage (visites, stationnements, restaurant) sera compris entre &nbsp;150\u20ac et 200\u20ac . Les \u00e9tapes se feront pour la plupart sur des aires de service parfois payantes ou des campings donc pas de souci pour les services.<\/p>\n\n\n\n<p>Renseignements et inscription aupr\u00e8s de Nicole et G\u00e9rard <a href=\"mailto:genimerle@laposte.net\">genimerle@laposte.net<\/a> ou 0476407471 <span style=\"color: #FF0000;\"><strong>avant le 6 avril 2023<\/strong><\/span>. (Un ch\u00e8que d&rsquo;acompte de 50\u20ac sera demand\u00e9 \u00e0 l&rsquo;inscription).<\/p>\n","protected":false},"excerpt":{"rendered":"<p>\u2248&gt; 2023 &nbsp; Nicole et G\u00e9rard Merle vous proposent de d\u00e9couvrir le massif du Vercors. Le Vercors, class\u00e9 \u00ab Parc naturel r\u00e9gional \u00bb, est un vaste massif calcaire de moyenne montagne entre l&rsquo;Is\u00e8re et la Dr\u00f4me, \u00e0 l&rsquo;ouest de la capitale des Alpes Grenoble. Il s&rsquo;\u00e9tage des 1200 m de son grand plateau en partie &hellip; <a href=\"http:\/\/www.voyagesutilesencampingcar.fr\/?page_id=537\">Continue reading <span class=\"meta-nav\">&rarr;<\/span><\/a><\/p>\n","protected":false},"author":1,"featured_media":0,"parent":0,"menu_order":0,"comment_status":"closed","ping_status":"closed","template":"template-sidebar-right.php","meta":{"footnotes":""},"class_list":["post-537","page","type-page","status-publish","hentry"],"_links":{"self":[{"href":"http:\/\/www.voyagesutilesencampingcar.fr\/index.php?rest_route=\/wp\/v2\/pages\/537","targetHints":{"allow":["GET"]}}],"collection":[{"href":"http:\/\/www.voyagesutilesencampingcar.fr\/index.php?rest_route=\/wp\/v2\/pages"}],"about":[{"href":"http:\/\/www.voyagesutilesencampingcar.fr\/index.php?rest_route=\/wp\/v2\/types\/page"}],"author":[{"embeddable":true,"href":"http:\/\/www.voyagesutilesencampingcar.fr\/index.php?rest_route=\/wp\/v2\/users\/1"}],"replies":[{"embeddable":true,"href":"http:\/\/www.voyagesutilesencampingcar.fr\/index.php?rest_route=%2Fwp%2Fv2%2Fcomments&post=537"}],"version-history":[{"count":219,"href":"http:\/\/www.voyagesutilesencampingcar.fr\/index.php?rest_route=\/wp\/v2\/pages\/537\/revisions"}],"predecessor-version":[{"id":1933,"href":"http:\/\/www.voyagesutilesencampingcar.fr\/index.php?rest_route=\/wp\/v2\/pages\/537\/revisions\/1933"}],"wp:attachment":[{"href":"http:\/\/www.voyagesutilesencampingcar.fr\/index.php?rest_route=%2Fwp%2Fv2%2Fmedia&parent=537"}],"curies":[{"name":"wp","href":"https:\/\/api.w.org\/{rel}","templated":true}]}}