{"id":5,"date":"2013-02-10T19:42:34","date_gmt":"2013-02-10T18:42:34","guid":{"rendered":"http:\/\/localhost\/VUCC\/?page_id=2"},"modified":"2023-02-20T10:39:01","modified_gmt":"2023-02-20T09:39:01","slug":"page-d-exemple-2","status":"publish","type":"page","link":"http:\/\/www.voyagesutilesencampingcar.fr\/","title":{"rendered":"Bienvenue"},"content":{"rendered":"<p style=\"text-align: left;\">VUCC est une association regroupant des personnes d\u00e9sirant pratiquer le tourisme en camping-car dans le respect des sites et souhaitant contribuer, pendant leurs voyages, \u00e0 un geste de solidarit\u00e9 en transportant du mat\u00e9riel \u00e0 destination d&rsquo;une association, d&rsquo;un h\u00f4pital, d&rsquo;un orphelinat, &#8230; ou en participant \u00e0 des actions dans le cadre des activit\u00e9s d&rsquo;une association humanitaire locale.<\/p>\n<p style=\"text-align: justify;\" lang=\"\">Ces voyages, \u00e0 vocation humanitaire, sont g\u00e9n\u00e9ralement organis\u00e9s en convoi de plusieurs camping-cars, il suffit de pr\u00e9voir un peu d&rsquo;espace dans son v\u00e9hicule pour charger le mat\u00e9riel collect\u00e9, et pendant le voyage nous profitons des visites touristiques et des \u00e9changes avec les populations.<\/p>\n<p style=\"text-align: justify;\" lang=\"\">Le but de cette association est aussi d&rsquo;entretenir la convivialit\u00e9s entre ses membres afin de favoriser les voyages entre amis.<\/p>\n<p style=\"text-align: justify;\" lang=\"\">Qui sont ces voyageurs soucieux de \u00ab\u00a0donner du bonheur tout en s&rsquo;en donnant\u00a0\u00bb? Des personnes comme vous et nous, venues de tous les horizons socio-professionnels et retrait\u00e9s mais tout aussi g\u00e9n\u00e9ralement conscients d&rsquo;\u00eatre des \u00ab\u00a0nantis\u00a0\u00bb en regard des situations difficiles dans lesquelles sont plong\u00e9es des millions de personnes \u00e0 travers le monde.<\/p>\n<p style=\"text-align: justify;\" lang=\"\">Notre geste ne r\u00e9soudra pas toute les mis\u00e8res, mais les sourires et l&rsquo;accueil \u00e0 nos points de d\u00e9chargement nous font chaud au c\u0153ur.<\/p>\n<h2 style=\"text-align: center;\"><em><span style=\"color: #008000;\">Si vous souhaitez nous rejoindre, n&rsquo;h\u00e9sitez pas \u00e0 <a title=\"Contact\" href=\"http:\/\/www.voyagesutilesencampingcar.fr\/?page_id=21\">nous contacter<\/a> !<\/span><\/em><\/h2>\n","protected":false},"excerpt":{"rendered":"<p>VUCC est une association regroupant des personnes d\u00e9sirant pratiquer le tourisme en camping-car dans le respect des sites et souhaitant contribuer, pendant leurs voyages, \u00e0 un geste de solidarit\u00e9 en transportant du mat\u00e9riel \u00e0 destination d&rsquo;une association, d&rsquo;un h\u00f4pital, d&rsquo;un orphelinat, &#8230; ou en participant \u00e0 des actions dans le cadre des activit\u00e9s d&rsquo;une association &hellip; <a href=\"http:\/\/www.voyagesutilesencampingcar.fr\/\">Continue reading <span class=\"meta-nav\">&rarr;<\/span><\/a><\/p>\n","protected":false},"author":1,"featured_media":0,"parent":0,"menu_order":0,"comment_status":"closed","ping_status":"closed","template":"","meta":{"footnotes":""},"class_list":["post-5","page","type-page","status-publish","hentry"],"_links":{"self":[{"href":"http:\/\/www.voyagesutilesencampingcar.fr\/index.php?rest_route=\/wp\/v2\/pages\/5","targetHints":{"allow":["GET"]}}],"collection":[{"href":"http:\/\/www.voyagesutilesencampingcar.fr\/index.php?rest_route=\/wp\/v2\/pages"}],"about":[{"href":"http:\/\/www.voyagesutilesencampingcar.fr\/index.php?rest_route=\/wp\/v2\/types\/page"}],"author":[{"embeddable":true,"href":"http:\/\/www.voyagesutilesencampingcar.fr\/index.php?rest_route=\/wp\/v2\/users\/1"}],"replies":[{"embeddable":true,"href":"http:\/\/www.voyagesutilesencampingcar.fr\/index.php?rest_route=%2Fwp%2Fv2%2Fcomments&post=5"}],"version-history":[{"count":21,"href":"http:\/\/www.voyagesutilesencampingcar.fr\/index.php?rest_route=\/wp\/v2\/pages\/5\/revisions"}],"predecessor-version":[{"id":1686,"href":"http:\/\/www.voyagesutilesencampingcar.fr\/index.php?rest_route=\/wp\/v2\/pages\/5\/revisions\/1686"}],"wp:attachment":[{"href":"http:\/\/www.voyagesutilesencampingcar.fr\/index.php?rest_route=%2Fwp%2Fv2%2Fmedia&parent=5"}],"curies":[{"name":"wp","href":"https:\/\/api.w.org\/{rel}","templated":true}]}}