{"id":388,"date":"2013-12-02T16:07:46","date_gmt":"2013-12-02T15:07:46","guid":{"rendered":"http:\/\/www.voyagesutilesencampingcar.fr\/?page_id=388"},"modified":"2025-12-11T19:06:25","modified_gmt":"2025-12-11T18:06:25","slug":"presentation-des-voyages-2023-2","status":"publish","type":"page","link":"http:\/\/www.voyagesutilesencampingcar.fr\/?page_id=388","title":{"rendered":"En pr\u00e9paration"},"content":{"rendered":"<p><span style=\"color: #008000;\"><strong>\u2248&gt; 2026 <\/strong><\/span><\/p>\n<ul>\n<li>\n<h5><span style=\"text-decoration: underline; color: #339966;\"><strong>LE PORTUGAL<br \/>\n<\/strong><\/span><\/h5>\n<\/li>\n<\/ul>\n<p style=\"text-align: justify;\">Voyage propos\u00e9 par Mich\u00e8le et Jean Louis Guyonnet. Genevi\u00e8ve et Jean Claude COLLANGETTE.<\/p>\n<p style=\"text-align: justify;\">Il sera limit\u00e9 \u00e0 6 \u00e9quipages.<\/p>\n<p>Le U reste \u00e0 d\u00e9finir. Nous avons pris contact avec Mme Elisabeth association \u00ab des Ailes pour le Portugal \u00bb.<\/p>\n<p>Nous proposons la d\u00e9couverte de !a c\u00f4te Atlantique espagnole jusqu&rsquo;\u00e0 Saint Jacques de Compostelle.<\/p>\n<p>Le Portugal jusqu&rsquo;\u00e0 Faro et le retour se fera par la Mythique route N2.<\/p>\n<p>D\u00e9part de Mont de Marsan le19 Aout 2026 et retour le 7 Octobre.<\/p>\n<p>Le voyage devrait parcourir environ 5500km pour un co\u00fbt estim\u00e9 de 3300\u20ac.<\/p>\n<ul>\n<li>\n<h5><span style=\"text-decoration: underline; color: #339966;\"><strong>LA GEORGIE ET L&rsquo;ARMENIE Pays du CAUCASE<br \/>\n<\/strong><\/span><\/h5>\n<\/li>\n<\/ul>\n<p style=\"text-align: justify;\">Monique et Robert MENICHON proposaient d\u2019aller d\u00e9couvrir les beaut\u00e9s du CAUCASE principalement la G\u00c9ORGIE et L\u2019ARM\u00c9NIE mais ce voyage ne se fera pas faute de participants !<\/p>\n<p>Merci \u00e0 Monique et \u00e0 Robert pour leur investissement et leur travail.<\/p>\n<p>Peut-\u00eatre pour 2027 ?<\/p>\n","protected":false},"excerpt":{"rendered":"<p>\u2248&gt; 2026 LE PORTUGAL Voyage propos\u00e9 par Mich\u00e8le et Jean Louis Guyonnet. Genevi\u00e8ve et Jean Claude COLLANGETTE. Il sera limit\u00e9 \u00e0 6 \u00e9quipages. Le U reste \u00e0 d\u00e9finir. Nous avons pris contact avec Mme Elisabeth association \u00ab des Ailes pour le Portugal \u00bb. Nous proposons la d\u00e9couverte de !a c\u00f4te Atlantique espagnole jusqu&rsquo;\u00e0 Saint Jacques &hellip; <a href=\"http:\/\/www.voyagesutilesencampingcar.fr\/?page_id=388\">Continue reading <span class=\"meta-nav\">&rarr;<\/span><\/a><\/p>\n","protected":false},"author":1,"featured_media":0,"parent":0,"menu_order":0,"comment_status":"closed","ping_status":"closed","template":"template-sidebar-right.php","meta":{"footnotes":""},"class_list":["post-388","page","type-page","status-publish","hentry"],"_links":{"self":[{"href":"http:\/\/www.voyagesutilesencampingcar.fr\/index.php?rest_route=\/wp\/v2\/pages\/388","targetHints":{"allow":["GET"]}}],"collection":[{"href":"http:\/\/www.voyagesutilesencampingcar.fr\/index.php?rest_route=\/wp\/v2\/pages"}],"about":[{"href":"http:\/\/www.voyagesutilesencampingcar.fr\/index.php?rest_route=\/wp\/v2\/types\/page"}],"author":[{"embeddable":true,"href":"http:\/\/www.voyagesutilesencampingcar.fr\/index.php?rest_route=\/wp\/v2\/users\/1"}],"replies":[{"embeddable":true,"href":"http:\/\/www.voyagesutilesencampingcar.fr\/index.php?rest_route=%2Fwp%2Fv2%2Fcomments&post=388"}],"version-history":[{"count":135,"href":"http:\/\/www.voyagesutilesencampingcar.fr\/index.php?rest_route=\/wp\/v2\/pages\/388\/revisions"}],"predecessor-version":[{"id":2166,"href":"http:\/\/www.voyagesutilesencampingcar.fr\/index.php?rest_route=\/wp\/v2\/pages\/388\/revisions\/2166"}],"wp:attachment":[{"href":"http:\/\/www.voyagesutilesencampingcar.fr\/index.php?rest_route=%2Fwp%2Fv2%2Fmedia&parent=388"}],"curies":[{"name":"wp","href":"https:\/\/api.w.org\/{rel}","templated":true}]}}