{"id":31,"date":"2013-02-14T17:00:40","date_gmt":"2013-02-14T16:00:40","guid":{"rendered":"http:\/\/localhost\/VUCC\/?page_id=31"},"modified":"2024-04-08T18:36:56","modified_gmt":"2024-04-08T17:36:56","slug":"liens","status":"publish","type":"page","link":"http:\/\/www.voyagesutilesencampingcar.fr\/?page_id=31","title":{"rendered":"Liens"},"content":{"rendered":"<p>Quelques liens vers des sites web qui ont retenu notre attention mais nous ne pouvons \u00eatre tenus pour responsables des informations publi\u00e9es sur ces sites.<\/p>\n<ul>\n<li>Le <a title=\"Helene Beaulaigue\" href=\"http:\/\/armenie2016.canalblog.com\/\" target=\"_blank\" rel=\"noopener noreferrer\">blog<\/a> de H\u00e9l\u00e8ne Beaulaigue qui nous fait vivre le voyage en Arm\u00e9nie<\/li>\n<\/ul>\n<ul>\n<li>Le <a title=\"Fran\u00e7ois Michallon\" href=\"http:\/\/brigittefrancois.jimdo.com\/\" target=\"_blank\" rel=\"noopener noreferrer\">blog<\/a> de Brigitte et Fran\u00e7ois Michallon<\/li>\n<\/ul>\n<ul>\n<li>Le <a title=\"Herv\u00e9 Pech\" href=\"http:\/\/herve811.jimdo.com\" target=\"_blank\" rel=\"noopener noreferrer\">blog<\/a> de Josette et Herv\u00e9 Pech<\/li>\n<\/ul>\n<ul>\n<li>L&rsquo;association <a title=\"Vent d'Est\" href=\"https:\/\/vent-dest.org\/qui-sommes-nous\/\" target=\"_blank\" rel=\"noopener noreferrer\">Vent d&rsquo;Est<\/a>, qui intervient essentiellement en Moldavie.<\/li>\n<\/ul>\n<ul>\n<li class=\"gmail_default\">Le reportage de GeOptimiste sur le site CampingCarTV<\/li>\n<\/ul>\n<p style=\"padding-left: 60px; text-align: justify;\">Depuis le site Web :\u00a0<a href=\"https:\/\/deref-gmx.fr\/mail\/client\/2NJ0pBSUbso\/dereferrer\/?redirectUrl=https%3A%2F%2Fcampingcar.tv%2Femissions-tv%2F\" target=\"_blank\" rel=\"noopener noreferrer\">https:\/\/campingcar.tv\/emissions-tv\/<\/a><br \/>\nDepuis YouTube :\u00a0<a href=\"https:\/\/www.youtube.com\/watch?v=QW29lXHVKiU\" target=\"_blank\" rel=\"noopener noreferrer\">https:\/\/www.youtube.com\/channel\/UCZQjMVw_oZuW_EVpcd0fhKQ<\/a><br \/>\nDepuis Facebook :\u00a0<a href=\"https:\/\/www.facebook.com\/LeGeOptimiste\/\" target=\"_blank\" rel=\"noopener noreferrer\">https:\/\/www.facebook.com\/LeGeOptimiste\/<\/a><\/p>\n<p><img loading=\"lazy\" decoding=\"async\" class=\"alignright\" src=\"https:\/\/docs.google.com\/uc?export=download&amp;id=1sZZKaPgK015wsoExzfi72D7LkotxTBDu&amp;revid=0B21O6K1vPFdedDNYbmcrZDdWQktZMnJ6K3Fwa3QxK0I1WDdrPQ\" width=\"204\" height=\"56\" \/><\/p>\n","protected":false},"excerpt":{"rendered":"<p>Quelques liens vers des sites web qui ont retenu notre attention mais nous ne pouvons \u00eatre tenus pour responsables des informations publi\u00e9es sur ces sites. Le blog de H\u00e9l\u00e8ne Beaulaigue qui nous fait vivre le voyage en Arm\u00e9nie Le blog de Brigitte et Fran\u00e7ois Michallon Le blog de Josette et Herv\u00e9 Pech L&rsquo;association Vent d&rsquo;Est, &hellip; <a href=\"http:\/\/www.voyagesutilesencampingcar.fr\/?page_id=31\">Continue reading <span class=\"meta-nav\">&rarr;<\/span><\/a><\/p>\n","protected":false},"author":1,"featured_media":0,"parent":0,"menu_order":0,"comment_status":"closed","ping_status":"closed","template":"template-sidebar-right.php","meta":{"footnotes":""},"class_list":["post-31","page","type-page","status-publish","hentry"],"_links":{"self":[{"href":"http:\/\/www.voyagesutilesencampingcar.fr\/index.php?rest_route=\/wp\/v2\/pages\/31","targetHints":{"allow":["GET"]}}],"collection":[{"href":"http:\/\/www.voyagesutilesencampingcar.fr\/index.php?rest_route=\/wp\/v2\/pages"}],"about":[{"href":"http:\/\/www.voyagesutilesencampingcar.fr\/index.php?rest_route=\/wp\/v2\/types\/page"}],"author":[{"embeddable":true,"href":"http:\/\/www.voyagesutilesencampingcar.fr\/index.php?rest_route=\/wp\/v2\/users\/1"}],"replies":[{"embeddable":true,"href":"http:\/\/www.voyagesutilesencampingcar.fr\/index.php?rest_route=%2Fwp%2Fv2%2Fcomments&post=31"}],"version-history":[{"count":20,"href":"http:\/\/www.voyagesutilesencampingcar.fr\/index.php?rest_route=\/wp\/v2\/pages\/31\/revisions"}],"predecessor-version":[{"id":1852,"href":"http:\/\/www.voyagesutilesencampingcar.fr\/index.php?rest_route=\/wp\/v2\/pages\/31\/revisions\/1852"}],"wp:attachment":[{"href":"http:\/\/www.voyagesutilesencampingcar.fr\/index.php?rest_route=%2Fwp%2Fv2%2Fmedia&parent=31"}],"curies":[{"name":"wp","href":"https:\/\/api.w.org\/{rel}","templated":true}]}}