{"id":2097,"date":"2025-10-10T17:13:02","date_gmt":"2025-10-10T16:13:02","guid":{"rendered":"http:\/\/www.voyagesutilesencampingcar.fr\/?page_id=2097"},"modified":"2025-10-11T12:56:40","modified_gmt":"2025-10-11T11:56:40","slug":"souvenirs","status":"publish","type":"page","link":"http:\/\/www.voyagesutilesencampingcar.fr\/?page_id=2097","title":{"rendered":"Souvenirs 2024"},"content":{"rendered":"<p><span style=\"text-decoration: underline; color: #339966;\"><strong>\u2248&gt; 2024 <\/strong><\/span><\/p>\n<ul>\n<li><span style=\"text-decoration: underline; color: #339966;\"><strong>Escapade en Pays de Saumur<\/strong><\/span><\/li>\n<\/ul>\n<p>Un diaporama photo <strong><a href=\"http:\/\/www.voyagesutilesencampingcar.fr\/?page_id=2030\" target=\"_blank\" rel=\"noopener\">\u00e0 voir ici<\/a><\/strong><\/p>\n<p>et une vid\u00e9o film\u00e9e et mont\u00e9e par Robert M\u00e9nichon mais publi\u00e9e en 3 parties <strong><a href=\"https:\/\/youtu.be\/A6PXrRIWn7U\" target=\"_blank\" rel=\"noopener\">Partie 1<\/a><\/strong>\u00a0 &#8211;\u00a0 <strong><a href=\"https:\/\/youtu.be\/0lBlsoJ6QW8\" target=\"_blank\" rel=\"noopener\">Partie 2<\/a><\/strong>\u00a0 &#8211;\u00a0 <strong><a href=\"https:\/\/youtu.be\/0eSxz50dgWE\" target=\"_blank\" rel=\"noopener\">Partie 3<\/a><\/strong><\/p>\n<ul>\n<li><span style=\"text-decoration: underline; color: #339966;\"><strong>Les Pays Baltes<\/strong><\/span><\/li>\n<\/ul>\n<p><a href=\".\/wp-content\/uploads\/2025\/01\/Presse.jpg\" target=\"_blank\" rel=\"noopener\"><img loading=\"lazy\" decoding=\"async\" class=\"size-medium wp-image-2060 target=_blank aligncenter\" src=\"http:\/\/www.voyagesutilesencampingcar.fr\/wp-content\/uploads\/2025\/01\/Presse-300x142.jpg\" alt=\"\" width=\"300\" height=\"142\" srcset=\"http:\/\/www.voyagesutilesencampingcar.fr\/wp-content\/uploads\/2025\/01\/Presse-300x142.jpg 300w, http:\/\/www.voyagesutilesencampingcar.fr\/wp-content\/uploads\/2025\/01\/Presse-1024x484.jpg 1024w, http:\/\/www.voyagesutilesencampingcar.fr\/wp-content\/uploads\/2025\/01\/Presse-768x363.jpg 768w, http:\/\/www.voyagesutilesencampingcar.fr\/wp-content\/uploads\/2025\/01\/Presse-1536x726.jpg 1536w, http:\/\/www.voyagesutilesencampingcar.fr\/wp-content\/uploads\/2025\/01\/Presse.jpg 1600w\" sizes=\"auto, (max-width: 300px) 100vw, 300px\" \/><\/a><br \/>\n<strong>==&gt; Le compte-rendu des participants<\/strong><\/p>\n<p><img loading=\"lazy\" decoding=\"async\" class=\"size-medium wp-image-1985 alignleft\" src=\"http:\/\/www.voyagesutilesencampingcar.fr\/wp-content\/uploads\/2025\/01\/4-Pays-Baltes-320x200-1-300x169.jpg\" alt=\"\" width=\"300\" height=\"169\" srcset=\"http:\/\/www.voyagesutilesencampingcar.fr\/wp-content\/uploads\/2025\/01\/4-Pays-Baltes-320x200-1-300x169.jpg 300w, http:\/\/www.voyagesutilesencampingcar.fr\/wp-content\/uploads\/2025\/01\/4-Pays-Baltes-320x200-1.jpg 320w\" sizes=\"auto, (max-width: 300px) 100vw, 300px\" \/>Nous venons d\u2019achever le voyage VUCC d\u2019environ 7 semaines aux Pays Baltes du 12 mai au 06 juillet 2024 au d\u00e9part de la fronti\u00e8re franco-allemande. Le but de ce voyage \u00e9tait de livrer des v\u00eatements, des produits d\u2019hygi\u00e8ne et des jouets aux familles ukrainiennes sous la bienveillance de Suzanne \u00e0 Trakai, lieu de livraison des nombreux colis, o\u00f9 nous avons d\u00e9gust\u00e9 des produits typiquement lituaniens. Les v\u00eatements \u00e9taient principalement neufs et confi\u00e9s par une association de Bressuire en Vend\u00e9e (via Jacky&amp;V\u00e9ronique).<\/p>\n<p>Malheureusement, nous n\u2019avons pas pu assister \u00e0 la distribution de tous ses effets, les b\u00e9n\u00e9voles \u00e9tant r\u00e9quisitionn\u00e9s pour la f\u00eate du village.<\/p>\n<p>Pour ce voyage, nous \u00e9tions 5 \u00e9quipages au d\u00e9part et avons fait confiance \u00e0 Robert et Jacky qui malheureusement a d\u00fb nous quitter pr\u00e9matur\u00e9ment suite \u00e0 un probl\u00e8me m\u00e9canique. L\u2019itin\u00e9raire propos\u00e9 nous a permis de d\u00e9couvrir ces pays sur un peu plus de 8000 km : la Tch\u00e9quie, la Pologne, la Lituanie, la Lettonie et l\u2019Estonie \u00e0 travers leurs capitales et leurs grandes villes. Les nombreuses visites nous ont permis de d\u00e9couvrir les us et coutumes ainsi que la gastronomie et l\u2019architecture des pays travers\u00e9s.<\/p>\n<p>Pour certains sites pr\u00e9vus au programme, nous avons pris un ferry afin de nous rendre sur l\u2019Ile de Saarema via l\u2019\u00eele de Muhu au sud de Tallinn (Estonie) ainsi qu\u2019un bac pour la presqu\u2019\u00eele de Nida au d\u00e9part de Klaip\u00e8da (Lituanie).<br \/>\nBien qu\u2019ayant eu principalement du beau temps, la descente des gorges de Dunajec en Pologne et la balade en bateau dans la baie de Tallinn en Estonie ont \u00e9t\u00e9 annul\u00e9es du fait d\u2019une m\u00e9t\u00e9o capricieuse.<\/p>\n<p>Deux jours avant la fin du voyage, un \u00e9quipage a pr\u00e9f\u00e9r\u00e9 quitter le groupe ayant d\u00e8s le d\u00e9part difficilement adh\u00e9r\u00e9 aux contraintes de voyager en convoi, d\u2019\u00eatre souvent ensemble et sous la contrainte d\u2019un accompagnateur.<\/p>\n<p>Malgr\u00e9 tout, la bonne harmonie du reste du groupe a su r\u00e9sist\u00e9 et nous avons pass\u00e9 d\u2019excellents moments lors des visites, aux restaurants et notamment lors des parties de p\u00e9tanque.<\/p>\n<p>Pour l\u2019occasion les 150 \u20ac de budget allou\u00e9s aux groupes de voyage ont \u00e9t\u00e9 utilis\u00e9s pour l\u2019achat de sous-v\u00eatements neufs en compl\u00e9ment des cartons.<\/p>\n<p>Beaucoup de photos, de films et de beaux souvenirs et le sentiment d\u2019avoir fait un voyage UTILE et m\u00e9morable.<\/p>\n<p>Merci encore \u00e0 Monique et Robert.<\/p>\n<p>Laura et Patrick<img loading=\"lazy\" decoding=\"async\" class=\"size-medium wp-image-1986 aligncenter\" src=\"http:\/\/www.voyagesutilesencampingcar.fr\/wp-content\/uploads\/2025\/01\/3-Pays-Baltes-320x200-1-300x135.jpg\" alt=\"\" width=\"300\" height=\"135\" srcset=\"http:\/\/www.voyagesutilesencampingcar.fr\/wp-content\/uploads\/2025\/01\/3-Pays-Baltes-320x200-1-300x135.jpg 300w, http:\/\/www.voyagesutilesencampingcar.fr\/wp-content\/uploads\/2025\/01\/3-Pays-Baltes-320x200-1.jpg 320w\" sizes=\"auto, (max-width: 300px) 100vw, 300px\" \/><\/p>\n<p><strong>==&gt; le compte-rendu des organisateurs<\/strong><br \/>\n<img loading=\"lazy\" decoding=\"async\" class=\"size-medium wp-image-2000 alignleft\" src=\"http:\/\/www.voyagesutilesencampingcar.fr\/wp-content\/uploads\/2025\/01\/01-169x300.jpg\" alt=\"\" width=\"169\" height=\"300\" srcset=\"http:\/\/www.voyagesutilesencampingcar.fr\/wp-content\/uploads\/2025\/01\/01-169x300.jpg 169w, http:\/\/www.voyagesutilesencampingcar.fr\/wp-content\/uploads\/2025\/01\/01-576x1024.jpg 576w, http:\/\/www.voyagesutilesencampingcar.fr\/wp-content\/uploads\/2025\/01\/01-768x1365.jpg 768w, http:\/\/www.voyagesutilesencampingcar.fr\/wp-content\/uploads\/2025\/01\/01-864x1536.jpg 864w, http:\/\/www.voyagesutilesencampingcar.fr\/wp-content\/uploads\/2025\/01\/01-1152x2048.jpg 1152w, http:\/\/www.voyagesutilesencampingcar.fr\/wp-content\/uploads\/2025\/01\/01-scaled.jpg 1440w\" sizes=\"auto, (max-width: 169px) 100vw, 169px\" \/>Le 13 mai 2024 nous partons 5 \u00e9quipages pour un p\u00e9riple de 8500 km dans les pays Baltes.<\/p>\n<p>Un peu stress\u00e9s car c\u2019est notre premier voyage en temps qu\u2019accompagnateurs.<\/p>\n<p>Apr\u00e8s une travers\u00e9e rapide de l\u2019Allemagne nous rentrons dans le vif du sujet en R\u00e9publique Tch\u00e8que.<\/p>\n<p>Nous visitons la tr\u00e8s jolie station thermale de Karlowy-Vary et la capitale Prague avec son c\u00e9l\u00e8bre pont Saint Charles.<br \/>\nNous poursuivons notre parcours vers la Pologne par les visites des villes de Duszniki, \u015awidnica et sa magnifique \u00e9glise en bois de la Paix, pour ensuite nous diriger vers Wroclaw et Krakow ancienne capitale de la Pologne o\u00f9 une guide nous attend pour la visite de cette ville historique.<\/p>\n<p>En nous dirigeant vers Krakow nous perdons un \u00e9quipage le moteur du camping-car de V\u00e9ronique et Jacky a rendu l&rsquo;\u00e2me et avec beaucoup de difficult\u00e9s ils se feront rapatrier sur la France.<\/p>\n<p>Nous poursuivons notre p\u00e9riple par la visite des mines de sel de Wieliczka pour poursuivre vers Zakopane et Lublin pour la visite tr\u00e8s \u00e9mouvante du camp d\u2019extermination de Majdanek.<\/p>\n<p>Puis nous visitons la capitale de la Pologne Varsovie ville de contrastes, partag\u00e9e entre ses gratte-ciel et sa vieille ville historique, pour ensuite nous diriger vers la Lituanie et les villes de Druskininkai et Trakai o\u00f9 nous attend Suzanne pour notre livraison \u00ab Utile \u00bb<\/p>\n<p>Accueil chaleureux chez Suzanne o\u00f9 nous d\u00e9chargeons notre cargaison, celle-ci se chargera de la distribution pour les associations de la r\u00e9gion et Ukrainienne.<\/p>\n<p>Nous poursuivons notre route vers la tr\u00e8s jolie ville de Vilnius capitale de la Lituanie la plus grande vieille ville d&rsquo;Europe centrale, pour ensuite nous rendre \u00e0 Palus\u00e9, et le parc national d&rsquo;Auk\u0161taitija.<\/p>\n<p>Nous traverserons la partie Est de la Lettonie par les villes de Daugavpils, Kraslava, Aglona, R\u0113zekne et Tartu.<br \/>\nNous arrivons en Estonie pour explorer les villes de Alatskivi, Kuremae et Sillamae proche de la fronti\u00e8re Russe et point culminant de notre voyage.<\/p>\n<p>Nous continuons notre route vers la capitale de l\u2019Estonie la magnifique ville de Tallin connu pour son centre m\u00e9di\u00e9val parmi les mieux pr\u00e9serv\u00e9s d\u2019Europe pour ensuite prendre le ferry qui nous emm\u00e8nera sur l\u2019ile Muhu et Saarema.<\/p>\n<p>Ballade dans les marais du parc national de Soomaa pour ensuite nous diriger vers Riga la tr\u00e8s jolie capitale de la Lettonie , une ville magnifique autant pour son architecture que pour sa position g\u00e9ographique.<\/p>\n<p>La route nous emm\u00e8ne vers Pilsrundale, Ventspils, \u0160iauliai et sa colline aux croix, le parc de Zemaitija, Palanga et Klaip\u0117da.<\/p>\n<p>Nous contournerons l\u2019enclave de Kaliningrad.<\/p>\n<p>Nous empruntons le ferry pour nous rendre sur la presqu\u2019ile de Neringa et les dunes de Nida.<\/p>\n<p>Poursuite de notre p\u00e9riple vers Kauna et retour en Pologne pour la visite du repaire du loup (QJ de Hitler).<\/p>\n<p>Apr\u00e8s la visite de la ville de Gdansk nous nous dirigeons vers Torun, Pozna\u0144 et son Rynek ainsi que Mi\u0119dzyrzecz pour la visite du syst\u00e8me d\u00e9fensif d\u2019Hitler.<\/p>\n<p>Nous finirons notre voyage par la visite du fameux Palais de Sanssouci de Postdam.<\/p>\n<p>Pour finir on a d\u00e9couvert une nature des plus sauvages et trois capitales gorg\u00e9es d\u2019histoires. Des for\u00eats \u00e0 perte de vue, de magnifiques lacs, des marais et \u00eeles du littoral balte dans une des r\u00e9gions les plus recul\u00e9es d&rsquo;Europe.<\/p>\n<p>Ce p\u00e9riple fut riche de d\u00e9couvertes. Certes nous avons visit\u00e9 beaucoup d\u2019\u00e9glises, de monast\u00e8res, de monuments, de ch\u00e2teaux mais c\u2019est le reflet d\u2019un pays.<\/p>\n<p>Nous avons eu beaucoup de plaisir \u00e0 organiser ce voyage malgr\u00e9 les difficult\u00e9s \u00e0 \u00e9tablir des contacts et \u00e0 d\u00e9terminer notre partie \u00ab Utile \u00bb, mais une fois que Jacky nous a trouv\u00e9 la solution tout ne fut que satisfaction.<\/p>\n<p>Petit B\u00e9mol quand m\u00eame la bonne harmonie du groupe a un peu souffert du comportement parfois difficile de certains mais cela n\u2019a pas emp\u00each\u00e9 de profiter pleinement de ce voyage.<\/p>\n<p>En conclusion nous sommes enchant\u00e9s de cette premi\u00e8re exp\u00e9rience comme accompagnateurs qui en appellerons d\u2019autres mais cette fois en choisissant bien nos \u00e9quipages.<\/p>\n<p>Monique et Robert<img loading=\"lazy\" decoding=\"async\" class=\"size-medium wp-image-1988 aligncenter\" src=\"http:\/\/www.voyagesutilesencampingcar.fr\/wp-content\/uploads\/2025\/01\/2-Pays-Baltes-320x200-1-300x135.jpg\" alt=\"\" width=\"300\" height=\"135\" srcset=\"http:\/\/www.voyagesutilesencampingcar.fr\/wp-content\/uploads\/2025\/01\/2-Pays-Baltes-320x200-1-300x135.jpg 300w, http:\/\/www.voyagesutilesencampingcar.fr\/wp-content\/uploads\/2025\/01\/2-Pays-Baltes-320x200-1.jpg 320w\" sizes=\"auto, (max-width: 300px) 100vw, 300px\" \/><\/p>\n<p>__________________________________________________________________________________________________________________<\/p>\n<h4 class=\"wp-block-heading\"><span style=\"color: #008000;\"><strong>\u2248&gt; <\/strong><\/span><a href=\"http:\/\/www.voyagesutilesencampingcar.fr\/?page_id=2097\">Souvenirs 2024<\/a><strong>\u00a0\u00a0 <\/strong><span style=\"color: #008000;\"><strong> \u2248&gt; <\/strong><\/span><a href=\"http:\/\/www.voyagesutilesencampingcar.fr\/?page_id=1972\">Souvenirs 2023<\/a><strong>\u00a0\u00a0 <\/strong><span style=\"color: #008000;\"><strong>\u2248&gt; <\/strong><\/span><a href=\"http:\/\/www.voyagesutilesencampingcar.fr\/?page_id=1807\">Souvenirs 2019<\/a><strong>\u00a0\u00a0 <\/strong><span style=\"color: #008000;\"><strong>\u2248&gt; <\/strong><\/span><a href=\"http:\/\/www.voyagesutilesencampingcar.fr\/?page_id=1155\">Souvenirs 2018<\/a><\/h4>\n<h4 class=\"wp-block-heading\"><span style=\"color: #008000;\"><strong>\u00a0\u00a0\u00a0\u00a0\u00a0\u00a0\u2248&gt; <\/strong><\/span><a href=\"http:\/\/www.voyagesutilesencampingcar.fr\/?page_id=886\">Souvenirs 2017 \u00a0<\/a><span style=\"color: #008000;\"><strong>\u2248&gt; <\/strong><\/span><a href=\"http:\/\/www.voyagesutilesencampingcar.fr\/?page_id=892\">Souvenirs 2016<\/a><strong>\u00a0\u00a0 <\/strong><span style=\"color: #008000;\"><strong>\u2248&gt; <\/strong><\/span><a href=\"http:\/\/www.voyagesutilesencampingcar.fr\/?page_id=894\">Souvenirs 2015<\/a><strong>\u00a0\u00a0 <\/strong><span style=\"color: #008000;\"><strong>\u2248&gt; <\/strong><\/span><a href=\"http:\/\/www.voyagesutilesencampingcar.fr\/?page_id=896\">Souvenirs 2014<\/a><strong>\u00a0\u00a0 <\/strong><\/h4>\n<h4 class=\"wp-block-heading\"><span style=\"color: #008000;\"><strong>\u00a0\u00a0\u00a0\u00a0\u00a0\u00a0\u00a0\u00a0\u00a0\u2248&gt; <\/strong><\/span><a href=\"http:\/\/www.voyagesutilesencampingcar.fr\/?page_id=905\">Souvenirs 2013<\/a><strong>\u00a0\u00a0 <\/strong> <span style=\"color: #008000;\"><strong> \u2248&gt; <\/strong><\/span><a href=\"http:\/\/www.voyagesutilesencampingcar.fr\/?page_id=9108\">Souvenirs 2012<\/a><strong>\u00a0\u00a0 <\/strong><span style=\"color: #008000;\"><strong> \u2248&gt; <\/strong><\/span><a href=\"http:\/\/www.voyagesutilesencampingcar.fr\/?page_id=910\">Souvenirs 2011<\/a><strong>\u00a0\u00a0 <\/strong><span style=\"color: #008000;\"><strong> \u2248&gt; <\/strong><\/span><a href=\"http:\/\/www.voyagesutilesencampingcar.fr\/?page_id=912\">Souvenirs 2010<\/a><\/h4>\n<h4 class=\"wp-block-heading\"><span style=\"color: #008000;\"><strong>\u00a0\u00a0\u00a0\u00a0\u00a0\u00a0\u00a0\u00a0\u00a0\u00a0\u00a0\u00a0\u2248&gt; <\/strong><\/span><a href=\"http:\/\/www.voyagesutilesencampingcar.fr\/?page_id=914\">Souvenirs 2009<\/a><span style=\"color: #008000;\"><strong>\u00a0\u00a0\u00a0\u00a0\u00a0\u00a0\u2248&gt; <\/strong><\/span><a href=\"http:\/\/www.voyagesutilesencampingcar.fr\/?page_id=916\">Souvenirs 2008<\/a><\/h4>\n","protected":false},"excerpt":{"rendered":"<p>\u2248&gt; 2024 Escapade en Pays de Saumur Un diaporama photo \u00e0 voir ici et une vid\u00e9o film\u00e9e et mont\u00e9e par Robert M\u00e9nichon mais publi\u00e9e en 3 parties Partie 1\u00a0 &#8211;\u00a0 Partie 2\u00a0 &#8211;\u00a0 Partie 3 Les Pays Baltes ==&gt; Le compte-rendu des participants Nous venons d\u2019achever le voyage VUCC d\u2019environ 7 semaines aux Pays Baltes &hellip; <a href=\"http:\/\/www.voyagesutilesencampingcar.fr\/?page_id=2097\">Continue reading <span class=\"meta-nav\">&rarr;<\/span><\/a><\/p>\n","protected":false},"author":1,"featured_media":0,"parent":119,"menu_order":0,"comment_status":"closed","ping_status":"closed","template":"template-sidebar-right.php","meta":{"footnotes":""},"class_list":["post-2097","page","type-page","status-publish","hentry"],"_links":{"self":[{"href":"http:\/\/www.voyagesutilesencampingcar.fr\/index.php?rest_route=\/wp\/v2\/pages\/2097","targetHints":{"allow":["GET"]}}],"collection":[{"href":"http:\/\/www.voyagesutilesencampingcar.fr\/index.php?rest_route=\/wp\/v2\/pages"}],"about":[{"href":"http:\/\/www.voyagesutilesencampingcar.fr\/index.php?rest_route=\/wp\/v2\/types\/page"}],"author":[{"embeddable":true,"href":"http:\/\/www.voyagesutilesencampingcar.fr\/index.php?rest_route=\/wp\/v2\/users\/1"}],"replies":[{"embeddable":true,"href":"http:\/\/www.voyagesutilesencampingcar.fr\/index.php?rest_route=%2Fwp%2Fv2%2Fcomments&post=2097"}],"version-history":[{"count":11,"href":"http:\/\/www.voyagesutilesencampingcar.fr\/index.php?rest_route=\/wp\/v2\/pages\/2097\/revisions"}],"predecessor-version":[{"id":2142,"href":"http:\/\/www.voyagesutilesencampingcar.fr\/index.php?rest_route=\/wp\/v2\/pages\/2097\/revisions\/2142"}],"up":[{"embeddable":true,"href":"http:\/\/www.voyagesutilesencampingcar.fr\/index.php?rest_route=\/wp\/v2\/pages\/119"}],"wp:attachment":[{"href":"http:\/\/www.voyagesutilesencampingcar.fr\/index.php?rest_route=%2Fwp%2Fv2%2Fmedia&parent=2097"}],"curies":[{"name":"wp","href":"https:\/\/api.w.org\/{rel}","templated":true}]}}