{"id":1921,"date":"2025-01-11T18:07:36","date_gmt":"2025-01-11T17:07:36","guid":{"rendered":"http:\/\/www.voyagesutilesencampingcar.fr\/?page_id=1921"},"modified":"2025-01-11T18:21:21","modified_gmt":"2025-01-11T17:21:21","slug":"escapades-3","status":"publish","type":"page","link":"http:\/\/www.voyagesutilesencampingcar.fr\/?page_id=1921","title":{"rendered":"Escapades 2024"},"content":{"rendered":"\n<h4 class=\"wp-block-heading\"><span style=\"color: #008000;\"><strong>\u2248> 2024<\/strong><\/span><\/h4>\n\n\n<p><\/p>\n\n\n\n<p><\/p>\n\n \n\n<ul class=\"wp-block-list\">\n<li><strong>La VIEILLE CATALOGNE<\/strong><\/li>\n<\/ul>\n\n\n<p><strong>Mich\u00e8le et Alain RIUS<\/strong> vous emm\u00e8nent d\u00e9couvrir la Vieille Catalogne de la c\u00f4te occitane fran\u00e7aise jusqu\u2019en Espagne du 4 au 11 mai <\/p>\n\n\n<p><\/p>\n\n\n\n<ul class=\"wp-block-list\">\n<li><strong>Les Lavandes en Provence<\/strong><\/li>\n<\/ul>\n\n\n\n<p><strong>Marie MUCK<\/strong> vous propose de d\u00e9couvrir la provence et sa lavande du 24 juin au 4 juillet <\/p>\n\n\n\n<ul class=\"wp-block-list\">\n<li><strong>Le Pays de SAUMUR<\/strong><\/li>\n<\/ul>\n\n\n<p><strong>V\u00e9ronique et Jacky Gauthier et Maryl\u00e8ne et Jean Claude DURET<\/strong> vous proposent de parcourir le Saumurois en Pays de Loire du 4 au 14 septembre <\/p>\n\n\n<p><\/p>\n\n\n\n<ul class=\"wp-block-list\">\n<li><strong>Le Beaujolais nouveau<\/strong><\/li>\n<\/ul>\n\n\n<p><strong>Mireille SAGE et Jean-Claude GLENARD<\/strong> organisent la d\u00e9sormais traditionnelle f\u00eate du Beaujolais Nouveau lors des Sarmentelles autour du 15 novembre <\/p>\n\n\n<p><\/p>\n","protected":false},"excerpt":{"rendered":"<p>\u2248> 2024 Mich\u00e8le et Alain RIUS vous emm\u00e8nent d\u00e9couvrir la Vieille Catalogne de la c\u00f4te occitane fran\u00e7aise jusqu\u2019en Espagne du 4 au 11 mai Marie MUCK vous propose de d\u00e9couvrir la provence et sa lavande du 24 juin au 4 juillet V\u00e9ronique et Jacky Gauthier et Maryl\u00e8ne et Jean Claude DURET vous proposent de parcourir &hellip; <a href=\"http:\/\/www.voyagesutilesencampingcar.fr\/?page_id=1921\">Continue reading <span class=\"meta-nav\">&rarr;<\/span><\/a><\/p>\n","protected":false},"author":1,"featured_media":0,"parent":0,"menu_order":0,"comment_status":"closed","ping_status":"closed","template":"template-sidebar-right.php","meta":{"footnotes":""},"class_list":["post-1921","page","type-page","status-publish","hentry"],"_links":{"self":[{"href":"http:\/\/www.voyagesutilesencampingcar.fr\/index.php?rest_route=\/wp\/v2\/pages\/1921","targetHints":{"allow":["GET"]}}],"collection":[{"href":"http:\/\/www.voyagesutilesencampingcar.fr\/index.php?rest_route=\/wp\/v2\/pages"}],"about":[{"href":"http:\/\/www.voyagesutilesencampingcar.fr\/index.php?rest_route=\/wp\/v2\/types\/page"}],"author":[{"embeddable":true,"href":"http:\/\/www.voyagesutilesencampingcar.fr\/index.php?rest_route=\/wp\/v2\/users\/1"}],"replies":[{"embeddable":true,"href":"http:\/\/www.voyagesutilesencampingcar.fr\/index.php?rest_route=%2Fwp%2Fv2%2Fcomments&post=1921"}],"version-history":[{"count":2,"href":"http:\/\/www.voyagesutilesencampingcar.fr\/index.php?rest_route=\/wp\/v2\/pages\/1921\/revisions"}],"predecessor-version":[{"id":1930,"href":"http:\/\/www.voyagesutilesencampingcar.fr\/index.php?rest_route=\/wp\/v2\/pages\/1921\/revisions\/1930"}],"wp:attachment":[{"href":"http:\/\/www.voyagesutilesencampingcar.fr\/index.php?rest_route=%2Fwp%2Fv2%2Fmedia&parent=1921"}],"curies":[{"name":"wp","href":"https:\/\/api.w.org\/{rel}","templated":true}]}}