{"id":1830,"date":"2024-03-24T18:27:52","date_gmt":"2024-03-24T17:27:52","guid":{"rendered":"http:\/\/www.voyagesutilesencampingcar.fr\/?page_id=1830"},"modified":"2025-01-11T19:16:47","modified_gmt":"2025-01-11T18:16:47","slug":"escapades","status":"publish","type":"page","link":"http:\/\/www.voyagesutilesencampingcar.fr\/?page_id=1830","title":{"rendered":"Escapades"},"content":{"rendered":"\n<h4 class=\"wp-block-heading\"><span style=\"color: #008000;\"><strong>\u2248&gt; 2025<\/strong><\/span><\/h4>\n\n\n\n<p><\/p>\n\n\n\n<p><\/p>\n\n\n\n<ul class=\"wp-block-list\">\n<li><strong>La VIEILLE CATALOGNE<\/strong><\/li>\n<\/ul>\n\n\n\n<p><strong>Mich\u00e8le et Alain RIUS<\/strong> nous emm\u00e8nent d\u00e9couvrir la Vieille Catalogne de la c\u00f4te occitane fran\u00e7aise jusqu\u2019en Espagne.<\/p>\n\n\n<p>Notre escapade en catalogne cuv\u00e9e 2025 d\u00e9butera \u00e0 TAUTAVEL PARKING 42.81514 2.74409.<\/p>\n<p>(Les pleins et les vides devront \u00eatre r\u00e9alis\u00e9s avant votre arriv\u00e9e)<\/p>\n<p>Nous commencerons par la d\u00e9couverte du Mus\u00e9e de la Pr\u00e9histoire suivie d\u2019une petite marche vers les gorges (4 \u00e0 5 kms) et un passage vers les ruines du Ch\u00e2teau.<\/p>\n<p>Nous prendrons ensuite la direction de la fronti\u00e8re espagnole LA JONQUEIRA.<\/p>\n<p>Puis les villes de BESALU, FIGUERAS avec visite du Mus\u00e9e \u00ab\u00a0SALVADOR DALI\u00a0\u00bb<\/p>\n<p>\u00ab\u00a0La vieille ville\u00a0\u00bb de GIRONA fera partie d\u2019une balade propice \u00e0 la d\u00e9couverte de cette belle ville.<\/p>\n<p>Puis la ville de VIC, et direction RIPOLL pour la visite du Monast\u00e8re.<\/p>\n<p>A RIBES de FRAZER promenade en train \u00e0 cr\u00e9maill\u00e8re et monast\u00e8re de NURIA.<\/p>\n<p>Une journ\u00e9e \u00e0 SAUN JOAN DE LAS ABADESSES<\/p>\n<p>Puis visite de CAMPRONDON petit village de montagne altitude de 900 m.<\/p>\n<p>Nous reprendrons la direction de la France par le passage du col d\u2019ARES altitude 1600 m.<\/p>\n<p>A PRAT DE MOLLO visite de la ville fortifi\u00e9e et du CHATEAU (\u00e9poque VAUBAN).<\/p>\n<p>Voici de mani\u00e8re succincte le programme que nous partagerons ensemble avec des variantes possibles selon le temps du moment.<\/p>\n<p>==&gt; Cette escapade de 6 \u00e9quipages (5+1) se d\u00e9roulera <strong>d\u00e9but mai pour une quinzaine de jours<\/strong>.<\/p>\n\n\n<ul class=\"wp-block-list\">\n<li><strong>La Bourgogne<\/strong><\/li>\n<\/ul>\n\n\n\n<p><strong>Monique et Robert MENICHON<\/strong> nous proposent de d\u00e9couvrir la Bourgogne du <strong>21 au 30 juin 2025.<\/strong><\/p>\n\n\n<p>Notre ballade commencera par la visite de quelques villages Auxois parmi les plus beaux de la r\u00e9gion puis nous continuerons par Dijon capitale des ducs de Bourgogne pour ensuite emprunter la fameuse route des grands crus de Bourgogne en passant par Gevrey-Chambertin, Clos-Vougeot, Nuits-Saint-Georges, Beaune pour finir notre p\u00e9riple \u00e0 Santenay.<\/p>\n<p>Tout le long de notre escapade nous visiterons avec des guides locaux des lieux c\u00e9l\u00e8bres et d\u2019autres un peu moins mais originaux ou insolites.<\/p>\n<p>Nous en profiterons pour d\u00e9couvrir la gastronomie locale et pour visiter quelques exploitations et fabriques de produits r\u00e9gionaux sans oublier bien s\u00fbr la d\u00e9gustation des fameux vins de Bourgogne (avec mod\u00e9ration bien s\u00fbr)<\/p>\n<p>Limit\u00e9e \u00e0 un groupe de 10 camping-cars (accompagnateur compris).<\/p>\n\n\n<ul class=\"wp-block-list\">\n<li><strong>Le Cantal<\/strong><\/li>\n<\/ul>\n\n\n\n<p><strong>Marie-Th\u00e9 et Paul RAISON, Georgette MOREAU et Jean CHARRETIER<\/strong> nous proposent de d\u00e9couvrir le Cantal<strong>.<\/strong><\/p>\n\n\n<p>Dans ce beau d\u00e9partement la nature est REINE, chaque kilom\u00e8tre nous apportera des paysages toujours diff\u00e9rents.<\/p>\n<p>Les monts du Cantal sont multiples mais nous nous arr\u00eaterons au point culminant qu\u2019est le LIORAN.<\/p>\n<p>Au fil de nos routes nous profiterons des sp\u00e9cialit\u00e9s locales les fromages Cantal ou\/et Salers et St Nectaire<\/p>\n<p>A RIOM ES MONTAGNE haut lieu de la transformation de la Gentiane (la vrai) nous d\u00e9couvrirons et d\u00e9gusterons\u00a0 la fabrication traditionnelle de la \u2026\u2026\u2026\u2026<\/p>\n<p>Les villes d\u2019AURILAC, SAINT FLOURS \u2026etc\u2026.seront des temps de pause et de visite.<\/p>\n<p>La p\u00e9riode que nous proposons va du <strong>14 JUIN au 21 JUIN<\/strong> pour 4 ou 5 camping-cars.<\/p>\n\n<ul class=\"wp-block-list\">\n<li><strong>L&rsquo;Ard\u00e8che et le Gard<\/strong><\/li>\n<\/ul>\n\n\n\n<p><strong>Ren\u00e9e et George ROBIN<\/strong> nous proposent un p\u00e9riple dans l&rsquo;Ad\u00e8che et le Gard du 2 au 12 juin<strong>.<\/strong><\/p>\n\n<P>Nous vous ferons d\u00e9couvrir les vieux villages, le patrimoine historique et les\nsp\u00e9cialit\u00e9s de l\u2019agriculture.<\/p>\n<p>Nous ne manquerons pas les merveilles de la grotte Chauvet 2, le pont du Gard et la bambouseraie d\u2019Anduze.<\/p>\n<p>Nous dominerons les gorges de l\u2019Ard\u00e8che et nous rencontrerons un exploitant agricole \u00e9leveur de ch\u00e8vres mais qui est aussi camping-cariste.<\/p>\n<p>C\u2019est une r\u00e9gion rurale sur le flan Est de l\u2019Auvergne o\u00f9 le tourisme, la vigne, les vers \u00e0 soie\net la ch\u00e2taigne font toujours vivre une partie de la population.<\/p>\n<p>Les frais \u00e0 pr\u00e9voir sont de l\u2019ordre de 200 euros par personne.<\/p>\n<p>Les candidatures seront re\u00e7ues jusqu\u2019\u00e0 l\u2019\u00e9ch\u00e9ance sans ordre de priorit\u00e9 pour un groupe de 6 v\u00e9hicules y compris l\u2019accompagnateur.<\/p>\n \n<p style=\"text-align: center;\">____________________________________________________________<\/p>\n<h4><span style=\"color: #008000;\"><strong>\u2248&gt; <\/strong><\/span><a href=\"http:\/\/www.voyagesutilesencampingcar.fr\/?page_id=1921\">Escapades 2024<\/a><strong>\u00a0\u00a0 <\/strong><span style=\"color: #008000;\"><strong> \u2248&gt; <\/strong><\/span><a href=\"http:\/\/www.voyagesutilesencampingcar.fr\/?page_id=537\">Escapades 2023<\/a><strong>\u00a0\u00a0 <\/strong><span style=\"color: #008000;\"><strong>\u2248&gt; <\/strong><\/span><a href=\"http:\/\/www.voyagesutilesencampingcar.fr\/?page_id=1715\">Escapades 2022<\/a><strong>\u00a0\u00a0 <\/strong><span style=\"color: #008000;\"><strong>\u2248&gt; <\/strong><\/span><a href=\"http:\/\/www.voyagesutilesencampingcar.fr\/?page_id=1531\">Escapades 2021<\/a><\/h4>\n<h4><span style=\"color: #008000;\"><strong>\u00a0\u00a0\u00a0\u00a0\u00a0\u00a0\u00a0<\/strong><\/span><span style=\"color: #008000;\"><strong>\u2248&gt; <\/strong><\/span><a href=\"http:\/\/www.voyagesutilesencampingcar.fr\/?page_id=1357\">Escapades 2019<\/a><strong>\u00a0\u00a0 <\/strong><span style=\"color: #008000;\"><strong>\u2248&gt; <\/strong><\/span><a href=\"http:\/\/www.voyagesutilesencampingcar.fr\/?page_id=931\">Escapades 2018<\/a><strong>\u00a0\u00a0 <\/strong><span style=\"color: #008000;\"><strong>\u2248&gt; <\/strong><\/span><a href=\"http:\/\/www.voyagesutilesencampingcar.fr\/?page_id=933\">Escapades 2017<\/a><span style=\"color: #008000;\"><strong>\u00a0\u00a0 \u2248&gt; <\/strong><\/span><a href=\"http:\/\/www.voyagesutilesencampingcar.fr\/?page_id=935\">Escapades 2016\u00b2<\/a><\/h4>","protected":false},"excerpt":{"rendered":"<p>\u2248&gt; 2025 Mich\u00e8le et Alain RIUS nous emm\u00e8nent d\u00e9couvrir la Vieille Catalogne de la c\u00f4te occitane fran\u00e7aise jusqu\u2019en Espagne. Notre escapade en catalogne cuv\u00e9e 2025 d\u00e9butera \u00e0 TAUTAVEL PARKING 42.81514 2.74409. (Les pleins et les vides devront \u00eatre r\u00e9alis\u00e9s avant votre arriv\u00e9e) Nous commencerons par la d\u00e9couverte du Mus\u00e9e de la Pr\u00e9histoire suivie d\u2019une petite &hellip; <a href=\"http:\/\/www.voyagesutilesencampingcar.fr\/?page_id=1830\">Continue reading <span class=\"meta-nav\">&rarr;<\/span><\/a><\/p>\n","protected":false},"author":1,"featured_media":0,"parent":0,"menu_order":0,"comment_status":"closed","ping_status":"closed","template":"template-sidebar-right.php","meta":{"footnotes":""},"class_list":["post-1830","page","type-page","status-publish","hentry"],"_links":{"self":[{"href":"http:\/\/www.voyagesutilesencampingcar.fr\/index.php?rest_route=\/wp\/v2\/pages\/1830","targetHints":{"allow":["GET"]}}],"collection":[{"href":"http:\/\/www.voyagesutilesencampingcar.fr\/index.php?rest_route=\/wp\/v2\/pages"}],"about":[{"href":"http:\/\/www.voyagesutilesencampingcar.fr\/index.php?rest_route=\/wp\/v2\/types\/page"}],"author":[{"embeddable":true,"href":"http:\/\/www.voyagesutilesencampingcar.fr\/index.php?rest_route=\/wp\/v2\/users\/1"}],"replies":[{"embeddable":true,"href":"http:\/\/www.voyagesutilesencampingcar.fr\/index.php?rest_route=%2Fwp%2Fv2%2Fcomments&post=1830"}],"version-history":[{"count":45,"href":"http:\/\/www.voyagesutilesencampingcar.fr\/index.php?rest_route=\/wp\/v2\/pages\/1830\/revisions"}],"predecessor-version":[{"id":1971,"href":"http:\/\/www.voyagesutilesencampingcar.fr\/index.php?rest_route=\/wp\/v2\/pages\/1830\/revisions\/1971"}],"wp:attachment":[{"href":"http:\/\/www.voyagesutilesencampingcar.fr\/index.php?rest_route=%2Fwp%2Fv2%2Fmedia&parent=1830"}],"curies":[{"name":"wp","href":"https:\/\/api.w.org\/{rel}","templated":true}]}}