{"id":1807,"date":"2023-11-08T17:22:41","date_gmt":"2023-11-08T16:22:41","guid":{"rendered":"http:\/\/www.voyagesutilesencampingcar.fr\/?page_id=1807"},"modified":"2025-10-11T12:55:19","modified_gmt":"2025-10-11T11:55:19","slug":"souvenirs-2019","status":"publish","type":"page","link":"http:\/\/www.voyagesutilesencampingcar.fr\/?page_id=1807","title":{"rendered":"Souvenirs 2019"},"content":{"rendered":"<p><span style=\"color: #008000;\"><strong>\u2248&gt; 2019<\/strong><\/span><\/p>\n<ul>\n<li>\n<h5><strong><span style=\"text-decoration: underline; color: #339966;\">MONTENEGRO ALBANIE MACEDOINE<\/span><\/strong><\/h5>\n<\/li>\n<\/ul>\n<p>Quelques propos des accompagnateurs.<\/p>\n<p style=\"text-align: justify;\">Nous avons voyag\u00e9 presque 9 semaines. C\u2019est un voyage qui se voulait \u00ab\u00a0classique des pays de l\u2019Est\u00a0\u00bb puisque d\u00e9j\u00e0 r\u00e9alis\u00e9 par de nombreux groupes VUCC\u2026.<\/p>\n<p style=\"text-align: justify;\">De classique dans ses destinations, ce voyage a \u00e9t\u00e9 pour tous les participants, \u00e9tonnant, surprenant, riche en paysages inattendus et en rencontres multiples\u2026<\/p>\n<p style=\"text-align: justify;\">Nous avions, comme presque toujours, pour nous, les accompagnateurs, choisi l\u2019option de Ni autoroute, Ni Ferry et le moins de \u00ab nationales \u00bb possible\u00a0 pour pouvoir ressentir au plus proche la vie des populations.<\/p>\n<p style=\"text-align: justify;\">Nous n\u2019avons pas eu \u00e0 le regretter. A l\u2019instar de nos r\u00e9gions fran\u00e7aises qui se r\u00e9v\u00e8lent ainsi, nous avons pratiqu\u00e9 des routes de traverses (le nord de la Bosnie Herz\u00e9govine, du Mont\u00e9n\u00e9gro et Nord et Est de l\u2019Albanie) et d\u00e9couvert, admir\u00e9, et bivouaqu\u00e9 au milieu de paysages inattendus, merveilleux et insolites. Nous avons, avec l\u2019aide des signets, dompt\u00e9 nos GPS. Ces parcours que l\u2019on nous pr\u00e9disait jalonn\u00e9s de routes ex\u00e9crables, de contr\u00e9es recul\u00e9es et \u00e0 risque se sont r\u00e9v\u00e9l\u00e9s en routes relativement praticables et agr\u00e9ables o\u00f9 les villages et bourgades travers\u00e9s nous ont offert la rencontre de population toujours agr\u00e9able, affable et enclin \u00e0 toujours partager. Un d\u00e9calage bien \u00e9loign\u00e9 de nos visions franco-fran\u00e7aises puisque, \u00e0 aucun moment, nous avons ressenti le danger.<\/p>\n<p style=\"text-align: justify;\">Les villes ou les lieux dits touristiques nous ont r\u00e9v\u00e9l\u00e9 parfois des situations plus complexes et des surprises \u00e9piques. Nos valeurs fran\u00e7aises ont \u00e9t\u00e9 bouscul\u00e9es.<\/p>\n<p>Notre groupe qui \u00e9tait compos\u00e9 de 7 \u00e9quipages dont 2 co-accompagnateurs nous a offert une ambiance toujours positive malgr\u00e9 la diversit\u00e9 des temp\u00e9raments. Les valeurs d\u00e9velopp\u00e9es qui ont anim\u00e9 le groupe furent :<\/p>\n<ul>\n<li style=\"text-align: justify;\">RESPECT il n\u2019y a pas eu de doute, tous et chacun ont eu leur place et les diff\u00e9rences ont \u00e9t\u00e9 richesse.<\/li>\n<\/ul>\n<ul>\n<li style=\"text-align: justify;\">PARTICIPATION tous les \u00e9quipages ont pratiqu\u00e9 la conduite du convoi. L\u2019appr\u00e9hension pour certains a laiss\u00e9 place au plaisir au point de ne pas vouloir oublier son tour\u00a0!<\/li>\n<\/ul>\n<ul>\n<li style=\"text-align: justify;\">ATTENTION \u00e0 l\u2019autre\u2026. De multiples faits, petites attentions et gestes ont jalonn\u00e9 nos journ\u00e9es, nos partages du soir au bivouac faisant que tous et individuellement nous en avons eu le b\u00e9n\u00e9fice. Aujourd\u2019hui on dit que nous avons jou\u00e9 \u00ab gagnant, gagnant \u00bb.<\/li>\n<\/ul>\n<p style=\"text-align: justify;\">Chaque petit pas s\u2019additionnait pour construire cette vie de groupe, active, tol\u00e9rante et participative.\u00a0 Nous avions dans notre \u00ab AUBERGE ESPAGNOLE \u00bb \u2026\u2026\u2026 des acteurs, pas de consommateur\u2026.<\/p>\n<p style=\"text-align: justify;\">Y avait-il des anciens VUCC\u00a0? Y avait-il de nouveaux VUCC\u00a0? \u2026\u2026 Il y avait 7 \u00e9quipages impliqu\u00e9s dans la vie du groupe.<\/p>\n<p style=\"text-align: justify;\">Pour ce qui est du U de Utile, nous avons livr\u00e9 au comit\u00e9 local de la CROIX ROUGE Bosniaque \u00e0 KONJAC, v\u00eatements, petit mat\u00e9riel et fournitures m\u00e9dicales, fournitures scolaires, pour le compte d\u2019une association fran\u00e7aise ACTION D\u2019ORIENT.<\/p>\n<p style=\"text-align: justify;\">L\u2019objectif a \u00e9t\u00e9 atteint quoique de mauvaises donn\u00e9es ne nous ont pas permis de rencontrer les personnes pr\u00e9vues dont une qui parlait anglais.<\/p>\n<p style=\"text-align: justify;\">Ce sont des membres Bosniaques de la Croix Rouge qui, au dernier moment, nous ont re\u00e7us mais qui ne parlait que Bosniaque\u00a0! leur gentillesse n\u2019est pas en cause mais l\u2019\u00e9change nous a manqu\u00e9.<\/p>\n<p style=\"text-align: justify;\">Notre voyage retour a naturellement long\u00e9 la c\u00f4te Adriatique, sans autoroute, nous avons savour\u00e9 les charmants paysages et panorama qui jalonnent cette c\u00f4te.<\/p>\n<p style=\"text-align: justify;\">Un petit passage par Venise et le lac majeur avant de nous s\u00e9parer aux abords du lac Leman\u00a0; chacun retournant vers ses pr\u00e9occupations personnelles que nous avions mises en suspend quelques semaines, en un mot, nous avons v\u00e9cu selon l\u2019expression \u00ab\u00a0QUE DU BONHEUR\u00a0\u00bb.<\/p>\n<p style=\"text-align: justify;\">Encore MERCI \u00e0 ce groupe pour sa p\u00e9tillance, sa bonne humeur, sa bienveillance au b\u00e9n\u00e9fice de tous. Nous avons, gr\u00e2ce \u00e0 vous, passer un merveilleux moment en vos compagnies et cela nous booste pour proposer pour les ann\u00e9es \u00e0 venir d\u2019autres destinations.<\/p>\n<p style=\"text-align: justify;\">Soyons Garants et Acteurs de ces comportements qui sont (ou devraient \u00eatre) LA VRAI MARQUE DE V.U.C.C.<\/p>\n<p>V\u00e9ronique et Jacky GAUTHIER\u00a0\u00a0\u00a0\u00a0\u00a0\u00a0\u00a0\u00a0\u00a0\u00a0\u00a0\u00a0\u00a0\u00a0\u00a0\u00a0\u00a0\u00a0\u00a0\u00a0\u00a0 Mich\u00e8le et Jean-Louis GUYONNET<\/p>\n<ul>\n<li>\n<h5><strong><span style=\"text-decoration: underline; color: #339966;\">ITALIE<\/span><\/strong><\/h5>\n<\/li>\n<\/ul>\n<p>&#8211; <strong>Les impressions d&rsquo;un 1er couple de nouveaux voyageurs<br \/>\n<\/strong><\/p>\n<p lang=\"\" align=\"justify\">Notre premier voyage VUCC vient de se terminer. Il \u00e9tait en Italie, essentiellement la Toscane et les Abruzzes, du 29 ao\u00fbt au 02 octobre.<\/p>\n<p lang=\"\" align=\"justify\">Nous sommes partis confiants avec Alain qui nous avait concoct\u00e9 un \u00ab\u00a0road book\u00a0\u00bb ainsi qu&rsquo;un livre contenant chaque arr\u00eat, point GPS, cartographie et m\u00eame avait-il pens\u00e9 \u00e0 un peu de place libre pour nos \u00e9critures personnelles.<\/p>\n<p lang=\"\" align=\"justify\">Brigitte, son \u00e9pouse, fut le lien pr\u00e9cieux avec Rocca di Papa et Rosanna ainsi que Rita, deux professeurs de fran\u00e7ais qui nous ont accueilli pour notre partie \u00ab\u00a0utile\u00a0\u00bb et qui nous ont fait visiter leur ville et nous ont conduit aupr\u00e8s des S\u0153urs pour les ordinateurs ainsi qu&rsquo;au centre des r\u00e9fugi\u00e9s pour donner les affaires d&rsquo;\u00e9cole aux enfants.<\/p>\n<p lang=\"\" align=\"justify\">Ces instants pass\u00e9s \u00e0 Rocca di Papa furent intenses en \u00e9motion, et le voyage en g\u00e9n\u00e9ral a \u00e9t\u00e9 tip-top par ailleurs, Brigitte et Alain avaient pens\u00e9 \u00e0 tout et ont su faire face aux impr\u00e9vus avec promptitude rajoutant une visite, changeant un lieu d&rsquo;arr\u00eat au dernier moment, bref tout s&rsquo;est tr\u00e8s bien pass\u00e9 et dans la bonne humeur avec une bonne coh\u00e9sion du groupe, ce qui n&rsquo;est pas toujours ais\u00e9 (avons un peu d&rsquo;exp\u00e9rience sur le sujet).<\/p>\n<p lang=\"\" align=\"justify\">Nous sommes rentr\u00e9s avec des images plein la t\u00eate, des souvenirs plein le c\u0153ur, et l&rsquo;impression que le prochain voyage sera dans une \u00e9ternit\u00e9.<\/p>\n<p lang=\"\" align=\"justify\">Nous avions d\u00e9j\u00e0 \u00e9t\u00e9 fortement impressionn\u00e9s par l&rsquo;organisation de l&rsquo;AG avec un nombre de personnes participantes d\u00e9passant la centaine.<\/p>\n<p lang=\"\" align=\"justify\">Robert et Martine MARLIN<\/p>\n<p>&#8211; <strong>Le compte-rendu d&rsquo;un second couple de nouveaux voyageurs<br \/>\n<\/strong><\/p>\n<p lang=\"\" align=\"justify\">Par le \u00ab\u00a0bouche \u00e0 oreille\u00a0\u00bb, nous avons connu l\u2019association. Le fonctionnement nous a plu. Donc, nous avons adh\u00e9r\u00e9. Par chance, nous avons pu faire notre 1er voyage la 1\u00e8re ann\u00e9e\u00a0: l\u2019Italie avec le c\u00f4t\u00e9 solidaire \u00e0 Rocca Di Papa. Le but \u00e9tait de livrer des ordinateurs dans une \u00e9cole priv\u00e9e, tenue par des s\u0153urs\u00a0; ainsi que du mat\u00e9riel scolaire dans un centre qui accueille des r\u00e9fugi\u00e9s.<\/p>\n<p lang=\"\" align=\"justify\"><img loading=\"lazy\" decoding=\"async\" class=\"wp-image-1205 alignleft\" src=\"http:\/\/www.voyagesutilesencampingcar.fr\/wp-content\/uploads\/2019\/11\/italie7-300x200.jpg\" alt=\"\" width=\"176\" height=\"117\" srcset=\"http:\/\/www.voyagesutilesencampingcar.fr\/wp-content\/uploads\/2019\/11\/italie7-300x200.jpg 300w, http:\/\/www.voyagesutilesencampingcar.fr\/wp-content\/uploads\/2019\/11\/italie7-83x55.jpg 83w, http:\/\/www.voyagesutilesencampingcar.fr\/wp-content\/uploads\/2019\/11\/italie7-120x80.jpg 120w, http:\/\/www.voyagesutilesencampingcar.fr\/wp-content\/uploads\/2019\/11\/italie7.jpg 535w\" sizes=\"auto, (max-width: 176px) 100vw, 176px\" \/>Chaque \u00e9quipage s\u2019est investi pour r\u00e9cup\u00e9rer tout ce mat\u00e9riel. Chose qui n\u2019a pas \u00e9t\u00e9 facile, car des grandes enseignes nous ont laiss\u00e9 esp\u00e9rer.\u2026 pour rien. Mais le r\u00e9seau d\u2019amis ou d\u2019association a bien fonctionn\u00e9.<\/p>\n<p lang=\"\" align=\"justify\">Personnellement, nous remercions tr\u00e8s sinc\u00e8rement nos amis ainsi que Bureau Vall\u00e9e pour leur don.<\/p>\n<p lang=\"\" align=\"justify\">Nous nous sommes retrouv\u00e9s \u00e0 Riez le 28 Ao\u00fbt chez Brigitte et Alain autour d\u2019un savoureux repas pr\u00e9par\u00e9 par eux-m\u00eames. Notre groupe \u00e9tait compos\u00e9 de 5 \u00e9quipages (9 personnes). Nous avons r\u00e9parti le mat\u00e9riel dans les v\u00e9hicules. Et le 29, au matin, nous avons pris la route. Direction l\u2019Italie en passant par le col de Larche \u00e0 presque 2000 m\u00e8tres d\u2019altitude. L\u00e0-haut, nous avons observ\u00e9 les marmottes \u2026. Mais, il n\u2019y faisait pas chaud.<\/p>\n<p lang=\"\" align=\"justify\">Brigitte et Alain nous avaient concoct\u00e9 un circuit tr\u00e8s sympa. Les \u00e9tapes n\u2019\u00e9tant pas tr\u00e8s longues, cela nous a permis de d\u00e9couvrir de beaux villages, de magnifiques villes, de voir de belles choses\u2026 A notre demande, ils ont bien voulu rajouter Pise qui n\u2019\u00e9tait pas pr\u00e9vu au programme. Nous les remercions de tout c\u0153ur. Cela nous a fait tr\u00e8s plaisir. Rester 2 ou 3 jours dans les grandes villes a contribu\u00e9 \u00e0 approfondir les visites, et aussi \u00e0 faire de grosses lessives !!!<img loading=\"lazy\" decoding=\"async\" class=\" wp-image-1208 alignright\" src=\"http:\/\/www.voyagesutilesencampingcar.fr\/wp-content\/uploads\/2019\/11\/italie4-e1573508828750-224x300.jpg\" alt=\"\" width=\"116\" height=\"155\" srcset=\"http:\/\/www.voyagesutilesencampingcar.fr\/wp-content\/uploads\/2019\/11\/italie4-e1573508828750-224x300.jpg 224w, http:\/\/www.voyagesutilesencampingcar.fr\/wp-content\/uploads\/2019\/11\/italie4-e1573508828750-41x55.jpg 41w, http:\/\/www.voyagesutilesencampingcar.fr\/wp-content\/uploads\/2019\/11\/italie4-e1573508828750.jpg 760w\" sizes=\"auto, (max-width: 116px) 100vw, 116px\" \/><\/p>\n<p lang=\"\" align=\"justify\">Nous avons appr\u00e9ci\u00e9 la libert\u00e9 octroy\u00e9e au sein du groupe. En effet, chacun \u00e9tait libre de faire, de voir ce qui lui plaisait \u00e0 son rythme, sans \u00eatre contraint de suivre tout le groupe.<\/p>\n<p lang=\"\" align=\"justify\">Pour la partie Utile, que ce soit chez les s\u0153urs ou au centre, nous avons \u00e9t\u00e9 accueillis chaleureusement. Des boissons, des g\u00e2teaux\u2026nous ont \u00e9t\u00e9 offerts, dans une ambiance conviviale. Puis, on nous a fait visiter les lieux\u2026 Des s\u00e9ances photos ont immortalis\u00e9 ces moments.<\/p>\n<p lang=\"\" align=\"justify\"><img loading=\"lazy\" decoding=\"async\" class=\" wp-image-1204 alignleft\" src=\"http:\/\/www.voyagesutilesencampingcar.fr\/wp-content\/uploads\/2019\/11\/italie6-300x200.jpg\" alt=\"\" width=\"125\" height=\"83\" srcset=\"http:\/\/www.voyagesutilesencampingcar.fr\/wp-content\/uploads\/2019\/11\/italie6-300x200.jpg 300w, http:\/\/www.voyagesutilesencampingcar.fr\/wp-content\/uploads\/2019\/11\/italie6-83x55.jpg 83w, http:\/\/www.voyagesutilesencampingcar.fr\/wp-content\/uploads\/2019\/11\/italie6-120x80.jpg 120w, http:\/\/www.voyagesutilesencampingcar.fr\/wp-content\/uploads\/2019\/11\/italie6.jpg 489w\" sizes=\"auto, (max-width: 125px) 100vw, 125px\" \/>Quant \u00e0 Rosanna, son mari, et Rita (les correspondants de Brigitte), ce sont des gens charmants. Ils n\u2019ont pas compt\u00e9 leur temps pour nous accompagner pendant 2 jours. Ils nous ont fait d\u00e9couvrir Rocca Di Papa et ses alentours, avec une grande gentillesse. Merci \u00e0 eux.<\/p>\n<p lang=\"\" align=\"justify\">En conclusion, nous revenons enchant\u00e9s de ce voyage, avec des images et souvenirs plein la t\u00eate.<\/p>\n<p lang=\"\" align=\"justify\">Nous n\u2019oublierons pas ces moments \u00e9mouvants de la partie \u00ab\u00a0Utile\u00a0\u00bb, ni ces bons moments qu\u2019ont \u00e9t\u00e9 les briefings suivis de l\u2019ap\u00e9ro, ni ces repas pris tous ensemble.<\/p>\n<p lang=\"\" align=\"justify\">Surtout, nous n\u2019oublierons pas les d\u00e9licieux tiramisus de Brigitte.<\/p>\n<p lang=\"\" align=\"justify\">Surtout, nous n\u2019oublierons pas les exquis clafoutis de Robert, comme nous n\u2019oublierons m\u00eame pas ses fameuses pommes de terre saut\u00e9es et persill\u00e9es \u00e0 l\u2019herbe !!!<\/p>\n<p lang=\"\" align=\"justify\">Maryse et Guy<\/p>\n<p>&#8211; <strong>Le ressenti des accompagnateurs<br \/>\n<\/strong><\/p>\n<p lang=\"\" align=\"justify\"><img loading=\"lazy\" decoding=\"async\" class=\"wp-image-1207 alignleft\" src=\"http:\/\/www.voyagesutilesencampingcar.fr\/wp-content\/uploads\/2019\/11\/italie9-300x200.jpg\" alt=\"\" width=\"242\" height=\"161\" srcset=\"http:\/\/www.voyagesutilesencampingcar.fr\/wp-content\/uploads\/2019\/11\/italie9-300x200.jpg 300w, http:\/\/www.voyagesutilesencampingcar.fr\/wp-content\/uploads\/2019\/11\/italie9-82x55.jpg 82w, http:\/\/www.voyagesutilesencampingcar.fr\/wp-content\/uploads\/2019\/11\/italie9-120x80.jpg 120w, http:\/\/www.voyagesutilesencampingcar.fr\/wp-content\/uploads\/2019\/11\/italie9.jpg 640w\" sizes=\"auto, (max-width: 242px) 100vw, 242px\" \/>Nous avons eu beaucoup de plaisir \u00e0 organiser ce voyage malgr\u00e9 les grosses difficult\u00e9s \u00e0 \u00e9tablir des contacts et \u00e0 d\u00e9terminer notre partie \u00ab\u00a0Utile\u00a0\u00bb, mais une fois trouv\u00e9 tout ne fut que satisfaction.De beaux paysages, un patrimoine exceptionnel, une culture, une gastronomie et beaucoup d\u2019autres sujets ont particip\u00e9 \u00e0 l\u2019agr\u00e9ment de ce p\u00e9riple.<\/p>\n<p lang=\"\" align=\"justify\">Nous avons eu beaucoup de plaisir \u00e0 faire partager ce pays que nous connaissions et appr\u00e9cions de plus en plus, loin de tous les clich\u00e9s.<\/p>\n<p lang=\"\" align=\"justify\">Certes, les Italiens sont des latins et comme nous ils sont (un peu) indisciplin\u00e9s sur la route ! Mais jamais sans agressivit\u00e9 comme on le voit h\u00e9las trop souvent chez nous. Les Italiens ont su nous recevoir, faire appr\u00e9cier leur pays et sa richesse, toujours dans la gentillesse et la pr\u00e9venance.<\/p>\n<p lang=\"\" align=\"justify\">Rosanna, son mari et Rita ont d\u00e9pens\u00e9 une grande \u00e9nergie pour nous recevoir et nous faire partager de grands et beaux moments \u00e0 Rocca di Papa. Que ce soit \u00e0 l\u2019\u00e9cole des s\u0153urs ou pour la visite du centre de r\u00e9fugi\u00e9s nous avons tiss\u00e9s de solides liens d\u2019amiti\u00e9s.<\/p>\n<p lang=\"\" align=\"justify\">Plus que les quelques ordinateurs et affaires scolaires amen\u00e9s, c\u2019est surtout cet \u00e9change culturel qui fut appr\u00e9ci\u00e9 !<\/p>\n<p lang=\"\" align=\"justify\">Des \u00e9tapes courtes, un d\u00e9part pas trop matinal et ainsi tout le temps n\u00e9cessaire \u00e0 tout un chacun de profiter ou pas des visites, \u00e0 son rythme, ont permis de cr\u00e9er une ambiance saine et conviviale tout au long du voyage.<\/p>\n<p>En tant qu\u2019accompagnateur nous avons appris \u00e0 connaitre et \u00e0 appr\u00e9cier notre groupe puisque c\u2019\u00e9tait la premi\u00e8re fois que nous voyagions ensemble.<\/p>\n<p lang=\"\" align=\"justify\">Une r\u00e9elle convivialit\u00e9 et des soir\u00e9es de discussion intense mais toujours dans la bonne humeur et le respect de chacun.<\/p>\n<p lang=\"\" align=\"justify\">Ce voyage restera pour nous un beau souvenir avec de tr\u00e8s belles rencontres et de tr\u00e8s bons moments pass\u00e9s ensemble.<\/p>\n<p>Brigitte et Alain Clerc<\/p>\n<p>Un article relatif \u00e0 ce voyage, et notamment \u00e0 sa partie \u00ab\u00a0utile\u00a0\u00bb, est paru dans la presse locale, donc en italien ! <a href=\"https:\/\/www.castellinotizie.it\/2019\/09\/13\/rocca-di-papa-un-giro-in-camper-dalla-francia-per-portare-doni-e-sorrisi\/\" target=\"_blank\" rel=\"noopener noreferrer\">suivez ce lien pour le lire<\/a><\/p>\n<p>__________________________________________________________________________________________________________________<\/p>\n<h4 class=\"wp-block-heading\"><span style=\"color: #008000;\"><strong>\u2248&gt; <\/strong><\/span><a href=\"http:\/\/www.voyagesutilesencampingcar.fr\/?page_id=2097\">Souvenirs 2024<\/a><strong>\u00a0\u00a0 <\/strong><span style=\"color: #008000;\"><strong> \u2248&gt; <\/strong><\/span><a href=\"http:\/\/www.voyagesutilesencampingcar.fr\/?page_id=1972\">Souvenirs 2023<\/a><strong>\u00a0\u00a0 <\/strong><span style=\"color: #008000;\"><strong>\u2248&gt; <\/strong><\/span><a href=\"http:\/\/www.voyagesutilesencampingcar.fr\/?page_id=1807\">Souvenirs 2019<\/a><strong>\u00a0\u00a0 <\/strong><span style=\"color: #008000;\"><strong>\u2248&gt; <\/strong><\/span><a href=\"http:\/\/www.voyagesutilesencampingcar.fr\/?page_id=1155\">Souvenirs 2018<\/a><\/h4>\n<h4 class=\"wp-block-heading\"><span style=\"color: #008000;\"><strong>\u00a0\u00a0\u00a0\u00a0\u00a0\u00a0\u2248&gt; <\/strong><\/span><a href=\"http:\/\/www.voyagesutilesencampingcar.fr\/?page_id=886\">Souvenirs 2017 \u00a0<\/a><span style=\"color: #008000;\"><strong>\u2248&gt; <\/strong><\/span><a href=\"http:\/\/www.voyagesutilesencampingcar.fr\/?page_id=892\">Souvenirs 2016<\/a><strong>\u00a0\u00a0 <\/strong><span style=\"color: #008000;\"><strong>\u2248&gt; <\/strong><\/span><a href=\"http:\/\/www.voyagesutilesencampingcar.fr\/?page_id=894\">Souvenirs 2015<\/a><strong>\u00a0\u00a0 <\/strong><span style=\"color: #008000;\"><strong>\u2248&gt; <\/strong><\/span><a href=\"http:\/\/www.voyagesutilesencampingcar.fr\/?page_id=896\">Souvenirs 2014<\/a><strong>\u00a0\u00a0 <\/strong><\/h4>\n<h4 class=\"wp-block-heading\"><span style=\"color: #008000;\"><strong>\u00a0\u00a0\u00a0\u00a0\u00a0\u00a0\u00a0\u00a0\u00a0\u2248&gt; <\/strong><\/span><a href=\"http:\/\/www.voyagesutilesencampingcar.fr\/?page_id=905\">Souvenirs 2013<\/a><strong>\u00a0\u00a0 <\/strong> <span style=\"color: #008000;\"><strong> \u2248&gt; <\/strong><\/span><a href=\"http:\/\/www.voyagesutilesencampingcar.fr\/?page_id=9108\">Souvenirs 2012<\/a><strong>\u00a0\u00a0 <\/strong><span style=\"color: #008000;\"><strong> \u2248&gt; <\/strong><\/span><a href=\"http:\/\/www.voyagesutilesencampingcar.fr\/?page_id=910\">Souvenirs 2011<\/a><strong>\u00a0\u00a0 <\/strong><span style=\"color: #008000;\"><strong> \u2248&gt; <\/strong><\/span><a href=\"http:\/\/www.voyagesutilesencampingcar.fr\/?page_id=912\">Souvenirs 2010<\/a><\/h4>\n<h4 class=\"wp-block-heading\"><span style=\"color: #008000;\"><strong>\u00a0\u00a0\u00a0\u00a0\u00a0\u00a0\u00a0\u00a0\u00a0\u00a0\u00a0\u00a0\u2248&gt; <\/strong><\/span><a href=\"http:\/\/www.voyagesutilesencampingcar.fr\/?page_id=914\">Souvenirs 2009<\/a><span style=\"color: #008000;\"><strong>\u00a0\u00a0\u00a0\u00a0\u00a0\u00a0\u2248&gt; <\/strong><\/span><a href=\"http:\/\/www.voyagesutilesencampingcar.fr\/?page_id=916\">Souvenirs 2008<\/a><\/h4>\n","protected":false},"excerpt":{"rendered":"<p>\u2248&gt; 2019 MONTENEGRO ALBANIE MACEDOINE Quelques propos des accompagnateurs. Nous avons voyag\u00e9 presque 9 semaines. C\u2019est un voyage qui se voulait \u00ab\u00a0classique des pays de l\u2019Est\u00a0\u00bb puisque d\u00e9j\u00e0 r\u00e9alis\u00e9 par de nombreux groupes VUCC\u2026. De classique dans ses destinations, ce voyage a \u00e9t\u00e9 pour tous les participants, \u00e9tonnant, surprenant, riche en paysages inattendus et en &hellip; <a href=\"http:\/\/www.voyagesutilesencampingcar.fr\/?page_id=1807\">Continue reading <span class=\"meta-nav\">&rarr;<\/span><\/a><\/p>\n","protected":false},"author":1,"featured_media":0,"parent":119,"menu_order":0,"comment_status":"closed","ping_status":"closed","template":"template-sidebar-right.php","meta":{"footnotes":""},"class_list":["post-1807","page","type-page","status-publish","hentry"],"_links":{"self":[{"href":"http:\/\/www.voyagesutilesencampingcar.fr\/index.php?rest_route=\/wp\/v2\/pages\/1807","targetHints":{"allow":["GET"]}}],"collection":[{"href":"http:\/\/www.voyagesutilesencampingcar.fr\/index.php?rest_route=\/wp\/v2\/pages"}],"about":[{"href":"http:\/\/www.voyagesutilesencampingcar.fr\/index.php?rest_route=\/wp\/v2\/types\/page"}],"author":[{"embeddable":true,"href":"http:\/\/www.voyagesutilesencampingcar.fr\/index.php?rest_route=\/wp\/v2\/users\/1"}],"replies":[{"embeddable":true,"href":"http:\/\/www.voyagesutilesencampingcar.fr\/index.php?rest_route=%2Fwp%2Fv2%2Fcomments&post=1807"}],"version-history":[{"count":5,"href":"http:\/\/www.voyagesutilesencampingcar.fr\/index.php?rest_route=\/wp\/v2\/pages\/1807\/revisions"}],"predecessor-version":[{"id":2140,"href":"http:\/\/www.voyagesutilesencampingcar.fr\/index.php?rest_route=\/wp\/v2\/pages\/1807\/revisions\/2140"}],"up":[{"embeddable":true,"href":"http:\/\/www.voyagesutilesencampingcar.fr\/index.php?rest_route=\/wp\/v2\/pages\/119"}],"wp:attachment":[{"href":"http:\/\/www.voyagesutilesencampingcar.fr\/index.php?rest_route=%2Fwp%2Fv2%2Fmedia&parent=1807"}],"curies":[{"name":"wp","href":"https:\/\/api.w.org\/{rel}","templated":true}]}}