{"id":1715,"date":"2023-03-27T17:09:53","date_gmt":"2023-03-27T16:09:53","guid":{"rendered":"http:\/\/www.voyagesutilesencampingcar.fr\/?page_id=1715"},"modified":"2023-03-27T19:34:12","modified_gmt":"2023-03-27T18:34:12","slug":"escapades-2022","status":"publish","type":"page","link":"http:\/\/www.voyagesutilesencampingcar.fr\/?page_id=1715","title":{"rendered":"Escapades 2022"},"content":{"rendered":"<h4><span style=\"color: #008000;\"><strong>\u2248&gt; 2022<\/strong><\/span><\/h4>\n<h2 style=\"text-align: center;\"><strong>De la mer \u00e0 la montagne en Pyr\u00e9n\u00e9es Orientales<\/strong><br \/>\n<strong>par la vall\u00e9e de la T\u00eat<\/strong><\/h2>\n<p align=\"justify\">Nous nous retrouvons \u00e0 8 \u00e9quipages \u00e0 Sainte Marie La Mer, sous un soleil de plomb pour une escapade en pays catalan, propos\u00e9e par Mich\u00e8le, Marie-France, Alain et Georges pour:<\/p>\n<p align=\"justify\"><a href=\"http:\/\/www.voyagesutilesencampingcar.fr\/wp-content\/uploads\/2022\/08\/photo-1.jpg\"><img loading=\"lazy\" decoding=\"async\" class=\"alignleft wp-image-1604\" src=\"http:\/\/www.voyagesutilesencampingcar.fr\/wp-content\/uploads\/2022\/08\/photo-1-246x300.jpg\" alt=\"\" width=\"150\" height=\"183\" srcset=\"http:\/\/www.voyagesutilesencampingcar.fr\/wp-content\/uploads\/2022\/08\/photo-1-246x300.jpg 246w, http:\/\/www.voyagesutilesencampingcar.fr\/wp-content\/uploads\/2022\/08\/photo-1-45x55.jpg 45w, http:\/\/www.voyagesutilesencampingcar.fr\/wp-content\/uploads\/2022\/08\/photo-1.jpg 293w\" sizes=\"auto, (max-width: 150px) 100vw, 150px\" \/><\/a> &#8211; Se promener dans la belle ville de Perpignan travers\u00e9e par La T\u00eat et ses abords bien entretenus et fleuris, avec son incontournable Castillet, sa cath\u00e9drale Saint Jean, le singulier H\u00f4tel Pams, l&rsquo;imposant Ch\u00e2teau des Rois de Majorque.<\/p>\n<p align=\"justify\">&#8211; Se rem\u00e9morer au Mus\u00e9e M\u00e9morial du Camp de Rivesaltes, toutes les nombreuses populations de r\u00e9fugi\u00e9s et prisonniers, catalogu\u00e9es d&rsquo; \u00ab\u00a0Ind\u00e9sirables\u00a0\u00bb (r\u00e9publicains espagnols, juifs, tziganes, prisonniers de guerre, harkis, tirailleurs guin\u00e9ens, malgaches, migrants sans papiers), camp cr\u00e9\u00e9 en 1939, tour \u00e0 tour lieu de \u00ab\u00a0concentration\u00a0\u00bb et d&rsquo; \u00ab\u00a0internement\u00a0\u00bb en activit\u00e9 jusqu&rsquo;en 1977, aux conditions pr\u00e9caires et insalubres.<\/p>\n<p align=\"justify\">&#8211; D\u00e9couvrir le savoir-faire unique en France des artisans d&rsquo;Art de la Manufacture du Grenat \u00e0 Prades qui r\u00e9alisent des bijoux en grenat et or, gr\u00e2ce \u00e0 une technique sp\u00e9cifique de taille et de montage remontant \u00e0 l&rsquo;Antiquit\u00e9.<\/p>\n<p align=\"justify\">&#8211; Monter depuis Villefranche de Conflent au Fort Lib\u00e9ria pour une visite sous la chaleur avant de redescendre par les \u00ab\u00a01000 marches\u00a0\u00bb de ses souterrains, puis d\u00e9guster les \u00ab\u00a0Boles de Picolat\u00a0\u00bb et la cr\u00e8me catalane et enfin se rafra\u00eechir l&rsquo;apr\u00e8s-midi \u00e0 la grotte \u00ab\u00a0La Cova Bastera\u00a0\u00bb fortifi\u00e9e de Vauban en passant de 40\u00b0C \u00e0 14\u00b0C.<\/p>\n<p align=\"justify\"><a href=\"http:\/\/www.voyagesutilesencampingcar.fr\/wp-content\/uploads\/2022\/08\/photo-2.jpg\"><img loading=\"lazy\" decoding=\"async\" class=\"alignleft wp-image-1605\" src=\"http:\/\/www.voyagesutilesencampingcar.fr\/wp-content\/uploads\/2022\/08\/photo-2-300x225.jpg\" alt=\"\" width=\"150\" height=\"113\" srcset=\"http:\/\/www.voyagesutilesencampingcar.fr\/wp-content\/uploads\/2022\/08\/photo-2-300x225.jpg 300w, http:\/\/www.voyagesutilesencampingcar.fr\/wp-content\/uploads\/2022\/08\/photo-2-73x55.jpg 73w, http:\/\/www.voyagesutilesencampingcar.fr\/wp-content\/uploads\/2022\/08\/photo-2-60x45.jpg 60w, http:\/\/www.voyagesutilesencampingcar.fr\/wp-content\/uploads\/2022\/08\/photo-2.jpg 345w\" sizes=\"auto, (max-width: 150px) 100vw, 150px\" \/><\/a>&#8211; Voyager \u00e0 bord du \u00ab\u00a0Train Jaune\u00a0\u00bb, petit train mythique de Cerdagne, en profitant de magnifiques panoramas jusqu&rsquo;\u00e0 Mont Louis et sa Citadelle Vauban<\/p>\n<p align=\"justify\">\n<p align=\"justify\"><a href=\"http:\/\/www.voyagesutilesencampingcar.fr\/wp-content\/uploads\/2022\/08\/photo-3.jpg\"><img loading=\"lazy\" decoding=\"async\" class=\"alignleft wp-image-1606\" src=\"http:\/\/www.voyagesutilesencampingcar.fr\/wp-content\/uploads\/2022\/08\/photo-3-300x246.jpg\" alt=\"\" width=\"150\" height=\"123\" srcset=\"http:\/\/www.voyagesutilesencampingcar.fr\/wp-content\/uploads\/2022\/08\/photo-3-300x246.jpg 300w, http:\/\/www.voyagesutilesencampingcar.fr\/wp-content\/uploads\/2022\/08\/photo-3-67x55.jpg 67w, http:\/\/www.voyagesutilesencampingcar.fr\/wp-content\/uploads\/2022\/08\/photo-3.jpg 347w\" sizes=\"auto, (max-width: 150px) 100vw, 150px\" \/><\/a>&#8211; Visiter le four solaire permettant de concentrer les rayons solaires pour atteindre des temp\u00e9ratures de plus de 2000\u00b0C, embrasant instantan\u00e9ment un morceau de bois.<\/p>\n<p align=\"justify\">\n<p align=\"justify\"><a href=\"http:\/\/www.voyagesutilesencampingcar.fr\/wp-content\/uploads\/2022\/08\/photo-4.jpg\"><img loading=\"lazy\" decoding=\"async\" class=\"alignleft wp-image-1607\" src=\"http:\/\/www.voyagesutilesencampingcar.fr\/wp-content\/uploads\/2022\/08\/photo-4-300x225.jpg\" alt=\"\" width=\"150\" height=\"112\" srcset=\"http:\/\/www.voyagesutilesencampingcar.fr\/wp-content\/uploads\/2022\/08\/photo-4-300x225.jpg 300w, http:\/\/www.voyagesutilesencampingcar.fr\/wp-content\/uploads\/2022\/08\/photo-4-73x55.jpg 73w, http:\/\/www.voyagesutilesencampingcar.fr\/wp-content\/uploads\/2022\/08\/photo-4-75x55.jpg 75w, http:\/\/www.voyagesutilesencampingcar.fr\/wp-content\/uploads\/2022\/08\/photo-4-60x45.jpg 60w, http:\/\/www.voyagesutilesencampingcar.fr\/wp-content\/uploads\/2022\/08\/photo-4.jpg 346w\" sizes=\"auto, (max-width: 150px) 100vw, 150px\" \/><\/a>&#8211; Grimper par le sentier au d\u00e9part de Casteil pour l&rsquo;Abbaye Saint Martin du Canigou, nich\u00e9e sur son promontoire rocheux, pour une agr\u00e9able visite guid\u00e9e.<\/p>\n<p align=\"justify\" data-wp-editing=\"1\">\n<p align=\"justify\" data-wp-editing=\"1\">&#8211; Prendre le d\u00e9part pour Les Angles et se retrouver autour du lac de Matemale pour un dernier pique-nique, le Covid s&rsquo;\u00e9tant invit\u00e9 chez plusieurs d&rsquo;entre nous.<\/p>\n<p align=\"center\"><a href=\"http:\/\/www.voyagesutilesencampingcar.fr\/wp-content\/uploads\/2022\/08\/photo-5.jpg\"><img loading=\"lazy\" decoding=\"async\" class=\"alignleft wp-image-1608\" src=\"http:\/\/www.voyagesutilesencampingcar.fr\/wp-content\/uploads\/2022\/08\/photo-5-225x300.jpg\" alt=\"\" width=\"200\" height=\"267\" srcset=\"http:\/\/www.voyagesutilesencampingcar.fr\/wp-content\/uploads\/2022\/08\/photo-5-225x300.jpg 225w, http:\/\/www.voyagesutilesencampingcar.fr\/wp-content\/uploads\/2022\/08\/photo-5-41x55.jpg 41w, http:\/\/www.voyagesutilesencampingcar.fr\/wp-content\/uploads\/2022\/08\/photo-5.jpg 346w\" sizes=\"auto, (max-width: 200px) 100vw, 200px\" \/><\/a>Voil\u00e0 r\u00e9sum\u00e9e cette escapade des records avec :<\/p>\n<p align=\"justify\">* le plus long souterrain du monde et ses 734 marches<\/p>\n<p align=\"justify\">* le plus haute gare de France \u00e0 Bolqu\u00e8re \u00e0 1595 m\u00e8tres<\/p>\n<p align=\"justify\">* la plus haute temp\u00e9rature atteinte au foyer du four solaire, avec plus de 2000\u00b0C<\/p>\n<p align=\"justify\">* la semaine la plus chaude de juin avec 40\u00b0C<\/p>\n<p align=\"justify\">* l&rsquo;invit\u00e9 surprise : Covid, faisant monter la temp\u00e9rature chez plusieurs d&rsquo;entre nous.<\/p>\n<p align=\"justify\">* sans oublier le super investissement de nos 4 guides que nous remercions chaleureusement.<\/p>\n<p align=\"justify\">Photos Xavier Berger<\/p>\n<p align=\"justify\">Texte H\u00e9l\u00e8ne Beaulaigue<\/p>\n<p style=\"text-align: center;\">____________________________________________________________<\/p>\n<h2 style=\"text-align: center;\"><strong>Dombes et Bresse parmi les \u00e9tangs<\/strong><\/h2>\n<p><a href=\"http:\/\/www.voyagesutilesencampingcar.fr\/wp-content\/uploads\/2022\/10\/bresse.jpg\"><img loading=\"lazy\" decoding=\"async\" class=\"wp-image-1637 alignleft\" src=\"http:\/\/www.voyagesutilesencampingcar.fr\/wp-content\/uploads\/2022\/10\/bresse.jpg\" alt=\"\" width=\"129\" height=\"97\" srcset=\"http:\/\/www.voyagesutilesencampingcar.fr\/wp-content\/uploads\/2022\/10\/bresse.jpg 267w, http:\/\/www.voyagesutilesencampingcar.fr\/wp-content\/uploads\/2022\/10\/bresse-73x55.jpg 73w, http:\/\/www.voyagesutilesencampingcar.fr\/wp-content\/uploads\/2022\/10\/bresse-75x55.jpg 75w, http:\/\/www.voyagesutilesencampingcar.fr\/wp-content\/uploads\/2022\/10\/bresse-60x45.jpg 60w\" sizes=\"auto, (max-width: 129px) 100vw, 129px\" \/><\/a> C\u2019est \u00e0 Louhans (01) que nous nous sommes retrouv\u00e9s 6 \u00e9quipages au bord de la Seille sous un beau soleil qui ne nous quittera pas durant cette escapade.<\/p>\n<p>Louhans, jolie petite ville au patrimoine architectural riche, a deux sp\u00e9cialit\u00e9s presque mondialement connues\u00a0: le march\u00e9 aux volailles et la t\u00eate de veau ch\u00e8re \u00e0 Jacques Chirac. Nous avons succomb\u00e9 aux deux pour notre plus grand plaisir.<\/p>\n<p>Monique et Robert avaient choisi de nous faire d\u00e9couvrir la Dombes et ses \u00e9tangs et la Bresse et ses volailles, mais pas seulement, car la r\u00e9gion poss\u00e8de aussi des sites remarquables dans des domaines divers.<\/p>\n<p>Nous avons appr\u00e9ci\u00e9 les sp\u00e9cialit\u00e9s culinaires, notamment le poulet de Bresse ou les cuisses de grenouilles, lors de repas et de visites dans des auberges, \u00e9levages et autres restaurants.<\/p>\n<p>Nous avons visit\u00e9\u00a0 avec beaucoup d\u2019int\u00e9r\u00eat<\/p>\n<p>&#8211; un grand moulin \u00e0 farine ancien encore en bel \u00e9tat de fonctionnement, o\u00f9 l\u2019on peut voir la complexit\u00e9 et le grand nombre d\u2019op\u00e9rations qui conduisent du grain de bl\u00e9 \u00e0 la farine<\/p>\n<p>&#8211; un \u00e9co-mus\u00e9e qui t\u00e9moigne de la vie en Bresse autrefois et qui est port\u00e9 par une association de b\u00e9n\u00e9voles d\u00e9vou\u00e9s<\/p>\n<p><a href=\"http:\/\/www.voyagesutilesencampingcar.fr\/wp-content\/uploads\/2022\/10\/abbaye.jpg\"><img loading=\"lazy\" decoding=\"async\" class=\"wp-image-1636 alignleft\" src=\"http:\/\/www.voyagesutilesencampingcar.fr\/wp-content\/uploads\/2022\/10\/abbaye-300x169.jpg\" alt=\"\" width=\"114\" height=\"64\" srcset=\"http:\/\/www.voyagesutilesencampingcar.fr\/wp-content\/uploads\/2022\/10\/abbaye-300x169.jpg 300w, http:\/\/www.voyagesutilesencampingcar.fr\/wp-content\/uploads\/2022\/10\/abbaye-98x55.jpg 98w, http:\/\/www.voyagesutilesencampingcar.fr\/wp-content\/uploads\/2022\/10\/abbaye.jpg 320w\" sizes=\"auto, (max-width: 114px) 100vw, 114px\" \/><\/a>\u00a0\u00a0\u00a0\u00a0\u00a0\u00a0\u00a0\u00a0 &#8211; l\u2019Abbaye des Dombes occup\u00e9e par une communaut\u00e9 trappiste qui allie vie spirituelle et fraternelle, travail de la terre, avec une pommeraie riche et vari\u00e9e o\u00f9 il est possible de cueillir et acheter des pommes<a href=\"http:\/\/www.voyagesutilesencampingcar.fr\/wp-content\/uploads\/2022\/10\/brou.jpg\"><img loading=\"lazy\" decoding=\"async\" class=\"wp-image-1638 aligncenter\" src=\"http:\/\/www.voyagesutilesencampingcar.fr\/wp-content\/uploads\/2022\/10\/brou.jpg\" alt=\"\" width=\"116\" height=\"84\" srcset=\"http:\/\/www.voyagesutilesencampingcar.fr\/wp-content\/uploads\/2022\/10\/brou.jpg 277w, http:\/\/www.voyagesutilesencampingcar.fr\/wp-content\/uploads\/2022\/10\/brou-76x55.jpg 76w, http:\/\/www.voyagesutilesencampingcar.fr\/wp-content\/uploads\/2022\/10\/brou-75x55.jpg 75w\" sizes=\"auto, (max-width: 116px) 100vw, 116px\" \/><\/a> &#8211; le superbe Monast\u00e8re Royal de Brou \u00e0 Bourg en Bresse, chef d\u2019\u0153uvre de l\u2019art gothique flamboyant du XVIe\u00a0si\u00e8cle. Erig\u00e9 \u00e0 la demande de Marguerite d\u2019Autriche alors veuve du Duc de Savoie \u00e0 l\u2019\u00e9poque o\u00f9 Bourg en Bresse \u00e9tait une des capitales du Duch\u00e9 de Savoie<\/p>\n<p>&#8211; et bien s\u00fbr l\u2019incontournable village de Vonnas si\u00e8ge de la dynastie Blanc et de la gastronomie, nous n\u2019avons que lu la proposition de menu \u00e0 500\u20ac mais avec le vin\u2026.<\/p>\n<p>Nous avons profit\u00e9 de la nature sauvage et reposante lors de petites randonn\u00e9es autour des \u00e9tangs.<\/p>\n<p><a href=\"http:\/\/www.voyagesutilesencampingcar.fr\/wp-content\/uploads\/2022\/10\/chatillon.jpg\"><img loading=\"lazy\" decoding=\"async\" class=\"wp-image-1639 alignright\" src=\"http:\/\/www.voyagesutilesencampingcar.fr\/wp-content\/uploads\/2022\/10\/chatillon.jpg\" alt=\"\" width=\"123\" height=\"92\" srcset=\"http:\/\/www.voyagesutilesencampingcar.fr\/wp-content\/uploads\/2022\/10\/chatillon.jpg 267w, http:\/\/www.voyagesutilesencampingcar.fr\/wp-content\/uploads\/2022\/10\/chatillon-73x55.jpg 73w, http:\/\/www.voyagesutilesencampingcar.fr\/wp-content\/uploads\/2022\/10\/chatillon-75x55.jpg 75w, http:\/\/www.voyagesutilesencampingcar.fr\/wp-content\/uploads\/2022\/10\/chatillon-60x45.jpg 60w\" sizes=\"auto, (max-width: 123px) 100vw, 123px\" \/><\/a>C\u2019est \u00e0 Ch\u00e2tillon-sur-Chalaronne (01) que nous nous sommes s\u00e9par\u00e9s apr\u00e8s avoir l\u00e0 aussi parcouru un beau march\u00e9 sous de magnifiques halles du XVe\u00a0si\u00e8cle et reconstruite au XVIIe\u00a0si\u00e8cle.<\/p>\n<p>Un grand merci \u00e0 Monique et Robert de nous avoir fait parcourir et d\u00e9couvrir cette belle r\u00e9gion. Merci aussi \u00e0 tout le groupe pour sa convivialit\u00e9, sa participation et sa bonne humeur.<\/p>\n<p>Nicole &amp; G\u00e9rard<\/p>\n<p style=\"text-align: center;\">____________________________________________________________<\/p>\n<h2 style=\"text-align: center;\"><strong>L&rsquo;Alsace<br \/>\n<\/strong><\/h2>\n<p><a href=\"http:\/\/www.voyagesutilesencampingcar.fr\/wp-content\/uploads\/2022\/10\/Alsace.jpg\"><img loading=\"lazy\" decoding=\"async\" class=\" wp-image-1645 alignleft\" src=\"http:\/\/www.voyagesutilesencampingcar.fr\/wp-content\/uploads\/2022\/10\/Alsace.jpg\" alt=\"\" width=\"227\" height=\"170\" srcset=\"http:\/\/www.voyagesutilesencampingcar.fr\/wp-content\/uploads\/2022\/10\/Alsace.jpg 267w, http:\/\/www.voyagesutilesencampingcar.fr\/wp-content\/uploads\/2022\/10\/Alsace-73x55.jpg 73w, http:\/\/www.voyagesutilesencampingcar.fr\/wp-content\/uploads\/2022\/10\/Alsace-75x55.jpg 75w, http:\/\/www.voyagesutilesencampingcar.fr\/wp-content\/uploads\/2022\/10\/Alsace-60x45.jpg 60w\" sizes=\"auto, (max-width: 227px) 100vw, 227px\" \/><\/a>Le parking de l&rsquo;\u00e9comus\u00e9e d&rsquo;Alsace a accueilli nos six \u00e9quipages pour notre premi\u00e8re soir\u00e9e.<\/p>\n<p>L&rsquo;ap\u00e9ritif a permis \u00e0 chacun de se retrouver ou de faire connaissance.<\/p>\n<p>Georges nous a concoct\u00e9 un programme \u00e9tendu du sud au nord de l&rsquo;Alsace avec des visites et activit\u00e9s diversifi\u00e9es.<\/p>\n<p>L&rsquo;\u00e9comus\u00e9e, avec ses maisons, commerces, ateliers reconstitu\u00e9s nous a retrac\u00e9 la vie quotidienne des Alsaciens et leur habitat.<\/p>\n<p>Apr\u00e8s avoir observ\u00e9 le dur labeur des anciens, le bivouac chez un viticulteur et l&rsquo;ouverture de quelques flacons furent appr\u00e9ci\u00e9s.<\/p>\n<p>Que se soit \u00e0 Kaysersberg, Colmar, Hunspach, ou Strasbourg, nous avons d\u00e9couvert la belle architecture locale.<\/p>\n<p>La grande f\u00eate Alsacienne des M\u00e9n\u00e9triers \u00e0 Ribeauvill\u00e9 n&rsquo;a pas eu le m\u00eame succ\u00e8s pour tous les \u00e9quipages, certains n&rsquo;ayant pas bien pris connaissance du sc\u00e9nario de la parade.<\/p>\n<p>Le massif ch\u00e2teau de Haut Koenigsbourg en gr\u00e8s\u00a0 rose nous rappelle que l&rsquo;Alsace fut longtemps sous domination Allemande.<\/p>\n<p>Lors de la visite de la mine d&rsquo;argent de Telliure, nous n&rsquo;avons pas trouv\u00e9 de filon &#8230;<\/p>\n<p>La visite, un peu fraiche, guid\u00e9e par un jeune sympathique, passionn\u00e9, nous a \u00e9clair\u00e9 sur le dur travail des mineurs, de leur corporation avant-gardiste notamment, au niveau de la protection sociale.<\/p>\n<p>La balade du Mont Saint Odile nous a permis de profiter d&rsquo;un panorama exceptionnel.<\/p>\n<p>Chacun a pu se promener au gr\u00e9 de ses envies dans le sanctuaire, vers la source ou admirer le chemin de croix.<\/p>\n<p>Malgr\u00e9 les incidents techniques des hommes ou des machines, l&rsquo;ambiance est toujours rest\u00e9e chaleureuse et sympathique. Chacun nous a sembl\u00e9 trouver sa place.<\/p>\n<p>La m\u00e9t\u00e9o nous a g\u00e2t\u00e9 malgr\u00e9 les pr\u00e9visions de \u00ab\u00a0radio m\u00e9t\u00e9o pessimiste\u00a0\u00bb de certains.<\/p>\n<p>Cette escapade nous a permis de renouer ou de d\u00e9couvrir le voyage en groupe. Il ne nous reste plus qu&rsquo;\u00e0 esp\u00e9rer que les conditions futures permettront de se retrouver sur des voyages plus lointains.<\/p>\n<p>Yvette et Marc<\/p>\n<p>____________________________________________________________<\/p>\n<h2 style=\"text-align: center;\"><strong>Le Beaujolais \u00e0 l&rsquo;occasion du beaujolais nouveau !<br \/>\n<\/strong><\/h2>\n<p><a href=\"http:\/\/www.voyagesutilesencampingcar.fr\/wp-content\/uploads\/2022\/12\/Beauj-1.jpg\"><img loading=\"lazy\" decoding=\"async\" class=\"size-medium wp-image-1654 aligncenter\" src=\"http:\/\/www.voyagesutilesencampingcar.fr\/wp-content\/uploads\/2022\/12\/Beauj-1-300x169.jpg\" alt=\"\" width=\"300\" height=\"169\" srcset=\"http:\/\/www.voyagesutilesencampingcar.fr\/wp-content\/uploads\/2022\/12\/Beauj-1-300x169.jpg 300w, http:\/\/www.voyagesutilesencampingcar.fr\/wp-content\/uploads\/2022\/12\/Beauj-1-1024x576.jpg 1024w, http:\/\/www.voyagesutilesencampingcar.fr\/wp-content\/uploads\/2022\/12\/Beauj-1-768x432.jpg 768w, http:\/\/www.voyagesutilesencampingcar.fr\/wp-content\/uploads\/2022\/12\/Beauj-1-98x55.jpg 98w, http:\/\/www.voyagesutilesencampingcar.fr\/wp-content\/uploads\/2022\/12\/Beauj-1.jpg 1080w\" sizes=\"auto, (max-width: 300px) 100vw, 300px\" \/><\/a>Mi novembre les vendanges sont termin\u00e9es et le beaujolais nouveau est pr\u00eat \u00e0 \u00eatre d\u00e9gust\u00e9.<\/p>\n<p align=\"justify\">Nous nous sommes donc retrouv\u00e9s onze \u00e9quipages le 16 novembre \u00e0 Beaujeu sous le soleil pour f\u00eater l&rsquo;\u00e9v\u00e9nement.<\/p>\n<p align=\"justify\">D\u00e8s le mercredi soir, nous avons commenc\u00e9 \u00e0 d\u00e9guster les diff\u00e9rents crus. En soir\u00e9e nous avons accompagn\u00e9 le d\u00e9fil\u00e9 aux flambeaux et assist\u00e9 \u00e0 la mise en perce sous un feu d&rsquo;artifice.<\/p>\n<p><a href=\"http:\/\/www.voyagesutilesencampingcar.fr\/wp-content\/uploads\/2022\/12\/Beauj-3.jpg\"><img loading=\"lazy\" decoding=\"async\" class=\"wp-image-1656 alignleft\" src=\"http:\/\/www.voyagesutilesencampingcar.fr\/wp-content\/uploads\/2022\/12\/Beauj-3-300x225.jpg\" alt=\"\" width=\"123\" height=\"92\" srcset=\"http:\/\/www.voyagesutilesencampingcar.fr\/wp-content\/uploads\/2022\/12\/Beauj-3-300x225.jpg 300w, http:\/\/www.voyagesutilesencampingcar.fr\/wp-content\/uploads\/2022\/12\/Beauj-3-768x576.jpg 768w, http:\/\/www.voyagesutilesencampingcar.fr\/wp-content\/uploads\/2022\/12\/Beauj-3-73x55.jpg 73w, http:\/\/www.voyagesutilesencampingcar.fr\/wp-content\/uploads\/2022\/12\/Beauj-3-75x55.jpg 75w, http:\/\/www.voyagesutilesencampingcar.fr\/wp-content\/uploads\/2022\/12\/Beauj-3-60x45.jpg 60w, http:\/\/www.voyagesutilesencampingcar.fr\/wp-content\/uploads\/2022\/12\/Beauj-3.jpg 987w\" sizes=\"auto, (max-width: 123px) 100vw, 123px\" \/><\/a>Les jours suivants nous avons pu appr\u00e9cier les beaux paysages d&rsquo;automne au cours de petites randonn\u00e9es et lors de nos d\u00e9placements en camping-car. Nous avons \u00e9galement visit\u00e9 le ch\u00e2teau de Jarnioux, l&rsquo;\u00e9glise et l&rsquo;h\u00f4tel-dieu de Belleville-sur-Sa\u00f4ne ainsi que le Hameau du vin \u00e0 Roman\u00e8ches-Thorins.<\/p>\n<p align=\"justify\">\u00c0 Villefranche-sur-Sa\u00f4ne nous sommes partis \u00e0 la d\u00e9couverte des cours int\u00e9rieures, des maisons anciennes tout en encourageant les courageux marathoniens. Entre les diff\u00e9rentes visites nous avons pris le temps de d\u00e9couvrir les vins de la r\u00e9gion chez des viticulteurs passionn\u00e9s par leur m\u00e9tier.<a href=\"http:\/\/www.voyagesutilesencampingcar.fr\/wp-content\/uploads\/2022\/12\/Beauj-2.jpg\"><img loading=\"lazy\" decoding=\"async\" class=\"wp-image-1655 alignright\" src=\"http:\/\/www.voyagesutilesencampingcar.fr\/wp-content\/uploads\/2022\/12\/Beauj-2-300x225.jpg\" alt=\"\" width=\"131\" height=\"98\" srcset=\"http:\/\/www.voyagesutilesencampingcar.fr\/wp-content\/uploads\/2022\/12\/Beauj-2-300x225.jpg 300w, http:\/\/www.voyagesutilesencampingcar.fr\/wp-content\/uploads\/2022\/12\/Beauj-2-768x576.jpg 768w, http:\/\/www.voyagesutilesencampingcar.fr\/wp-content\/uploads\/2022\/12\/Beauj-2-73x55.jpg 73w, http:\/\/www.voyagesutilesencampingcar.fr\/wp-content\/uploads\/2022\/12\/Beauj-2-75x55.jpg 75w, http:\/\/www.voyagesutilesencampingcar.fr\/wp-content\/uploads\/2022\/12\/Beauj-2-60x45.jpg 60w, http:\/\/www.voyagesutilesencampingcar.fr\/wp-content\/uploads\/2022\/12\/Beauj-2.jpg 987w\" sizes=\"auto, (max-width: 131px) 100vw, 131px\" \/><\/a><\/p>\n<p align=\"justify\">Un grand merci \u00e0 Jean-Claude et Mireille pour l&rsquo;organisation, \u00e0 toutes les cuisini\u00e8res pour avoir concoct\u00e9 un bon saucisson au g\u00eane et \u00e0 tous les participants pour nous avoir fait pass\u00e9 d&rsquo;agr\u00e9ables moments.<\/p>\n<p>Marie-claude et Jean-Michel<\/p>\n","protected":false},"excerpt":{"rendered":"<p>\u2248&gt; 2022 De la mer \u00e0 la montagne en Pyr\u00e9n\u00e9es Orientales par la vall\u00e9e de la T\u00eat Nous nous retrouvons \u00e0 8 \u00e9quipages \u00e0 Sainte Marie La Mer, sous un soleil de plomb pour une escapade en pays catalan, propos\u00e9e par Mich\u00e8le, Marie-France, Alain et Georges pour: &#8211; Se promener dans la belle ville de &hellip; <a href=\"http:\/\/www.voyagesutilesencampingcar.fr\/?page_id=1715\">Continue reading <span class=\"meta-nav\">&rarr;<\/span><\/a><\/p>\n","protected":false},"author":1,"featured_media":0,"parent":0,"menu_order":0,"comment_status":"closed","ping_status":"closed","template":"template-sidebar-right.php","meta":{"footnotes":""},"class_list":["post-1715","page","type-page","status-publish","hentry"],"_links":{"self":[{"href":"http:\/\/www.voyagesutilesencampingcar.fr\/index.php?rest_route=\/wp\/v2\/pages\/1715","targetHints":{"allow":["GET"]}}],"collection":[{"href":"http:\/\/www.voyagesutilesencampingcar.fr\/index.php?rest_route=\/wp\/v2\/pages"}],"about":[{"href":"http:\/\/www.voyagesutilesencampingcar.fr\/index.php?rest_route=\/wp\/v2\/types\/page"}],"author":[{"embeddable":true,"href":"http:\/\/www.voyagesutilesencampingcar.fr\/index.php?rest_route=\/wp\/v2\/users\/1"}],"replies":[{"embeddable":true,"href":"http:\/\/www.voyagesutilesencampingcar.fr\/index.php?rest_route=%2Fwp%2Fv2%2Fcomments&post=1715"}],"version-history":[{"count":4,"href":"http:\/\/www.voyagesutilesencampingcar.fr\/index.php?rest_route=\/wp\/v2\/pages\/1715\/revisions"}],"predecessor-version":[{"id":1719,"href":"http:\/\/www.voyagesutilesencampingcar.fr\/index.php?rest_route=\/wp\/v2\/pages\/1715\/revisions\/1719"}],"wp:attachment":[{"href":"http:\/\/www.voyagesutilesencampingcar.fr\/index.php?rest_route=%2Fwp%2Fv2%2Fmedia&parent=1715"}],"curies":[{"name":"wp","href":"https:\/\/api.w.org\/{rel}","templated":true}]}}