{"id":1531,"date":"2022-04-09T09:19:06","date_gmt":"2022-04-09T08:19:06","guid":{"rendered":"http:\/\/www.voyagesutilesencampingcar.fr\/?page_id=1531"},"modified":"2023-03-27T19:38:20","modified_gmt":"2023-03-27T18:38:20","slug":"escapades-2","status":"publish","type":"page","link":"http:\/\/www.voyagesutilesencampingcar.fr\/?page_id=1531","title":{"rendered":"Escapades 2021"},"content":{"rendered":"\n<h4 class=\"wp-block-heading\"><span style=\"color: #008000;\"><strong>\u2248&gt; 2021<\/strong><\/span><\/h4>\n\n\n\n<ul class=\"wp-block-list\">\n<li><strong>La Vall\u00e9e du LOT de La Canourgue \u00e0 Cahors<\/strong><\/li>\n<\/ul>\n\n\n<div class=\"wp-block-image\">\n<figure class=\"alignleft\"><img loading=\"lazy\" decoding=\"async\" width=\"300\" height=\"225\" src=\"http:\/\/www.voyagesutilesencampingcar.fr\/wp-content\/uploads\/2021\/04\/photo_2-300x225.jpg\" alt=\"\" class=\"wp-image-1378\" srcset=\"http:\/\/www.voyagesutilesencampingcar.fr\/wp-content\/uploads\/2021\/04\/photo_2-300x225.jpg 300w, http:\/\/www.voyagesutilesencampingcar.fr\/wp-content\/uploads\/2021\/04\/photo_2-768x576.jpg 768w, http:\/\/www.voyagesutilesencampingcar.fr\/wp-content\/uploads\/2021\/04\/photo_2-73x55.jpg 73w, http:\/\/www.voyagesutilesencampingcar.fr\/wp-content\/uploads\/2021\/04\/photo_2-75x55.jpg 75w, http:\/\/www.voyagesutilesencampingcar.fr\/wp-content\/uploads\/2021\/04\/photo_2-60x45.jpg 60w, http:\/\/www.voyagesutilesencampingcar.fr\/wp-content\/uploads\/2021\/04\/photo_2.jpg 960w\" sizes=\"auto, (max-width: 300px) 100vw, 300px\" \/><\/figure>\n<\/div>\n\n\n<p><strong>Genevi\u00e8ve et Jean Bernard<\/strong> vous proposent de d\u00e9couvrir des villages pittoresques : Saint-Geniez et Sainte-Eulalie-d&rsquo;Olt.<\/p>\n\n\n\n<p>Une curiosit\u00e9 g\u00e9ologique : le \u00ab trou \u00bb de Bozoul.<\/p>\n\n\n\n<p>Conques et son abbatiale, nous d\u00e9gusterons une sp\u00e9cialit\u00e9 Aveyronnaise apr\u00e8s avoir visit\u00e9 le deuxi\u00e8me march\u00e9 aux bestiaux de France.<\/p>\n\n\n\n<p>Decazeville et son pass\u00e9 minier nous accueillera avant de changer de d\u00e9partement et de paysages.<\/p>\n\n\n\n<p>Le Lot et ses terrains rocailleux, ses causses, ses vall\u00e9es, sa rivi\u00e8re, ses bateaux promenade, ses grottes, ses excavations et ses ch\u00e2teaux ; C\u00e8nevi\u00e8res, les phosphati\u00e8res du Cloup d&rsquo;Aural, Pech Merle, Bouzi\u00e8s et son chemin de halage, sans oublier St Cirq Lapopie.<\/p>\n\n\n<div class=\"wp-block-image\">\n<figure class=\"alignleft\"><img loading=\"lazy\" decoding=\"async\" width=\"300\" height=\"225\" src=\"http:\/\/www.voyagesutilesencampingcar.fr\/wp-content\/uploads\/2021\/04\/photo_1-300x225.jpg\" alt=\"\" class=\"wp-image-1377\" srcset=\"http:\/\/www.voyagesutilesencampingcar.fr\/wp-content\/uploads\/2021\/04\/photo_1-300x225.jpg 300w, http:\/\/www.voyagesutilesencampingcar.fr\/wp-content\/uploads\/2021\/04\/photo_1-768x576.jpg 768w, http:\/\/www.voyagesutilesencampingcar.fr\/wp-content\/uploads\/2021\/04\/photo_1-73x55.jpg 73w, http:\/\/www.voyagesutilesencampingcar.fr\/wp-content\/uploads\/2021\/04\/photo_1-75x55.jpg 75w, http:\/\/www.voyagesutilesencampingcar.fr\/wp-content\/uploads\/2021\/04\/photo_1-60x45.jpg 60w, http:\/\/www.voyagesutilesencampingcar.fr\/wp-content\/uploads\/2021\/04\/photo_1.jpg 780w\" sizes=\"auto, (max-width: 300px) 100vw, 300px\" \/><\/figure>\n<\/div>\n\n\n<p>Nous terminerons \u00e0 Cahors par une visite originale et une fl\u00e2nerie dans la vielle ville avant de partager (autant que possible) un repas, des options restent ouvertes sur la ville et ses environs.<\/p>\n\n\n\n<p><em>L&rsquo;accueil aura lieu \u00e0 La Canourgue (48), le dimanche 20 juin apr\u00e8s-midi sur l&rsquo;aire Camping-car \u00e0 partir de 17 H<\/em><\/p>\n\n\n\n<p>Coordonn\u00e9es GPS :&nbsp; 44.43 33 99 &nbsp;&nbsp;&nbsp;&nbsp;&nbsp;&nbsp;&nbsp; 17-19 Avenue du Lot<br>3.21 174<\/p>\n\n\n\n<p>Nombre de places : 7 camping-cars<\/p>\n\n\n<div class=\"wp-block-image\">\n<figure class=\"alignright\"><img loading=\"lazy\" decoding=\"async\" width=\"236\" height=\"300\" src=\"http:\/\/www.voyagesutilesencampingcar.fr\/wp-content\/uploads\/2021\/04\/photo_3-236x300.jpg\" alt=\"\" class=\"wp-image-1379\" srcset=\"http:\/\/www.voyagesutilesencampingcar.fr\/wp-content\/uploads\/2021\/04\/photo_3-236x300.jpg 236w, http:\/\/www.voyagesutilesencampingcar.fr\/wp-content\/uploads\/2021\/04\/photo_3-804x1024.jpg 804w, http:\/\/www.voyagesutilesencampingcar.fr\/wp-content\/uploads\/2021\/04\/photo_3-768x978.jpg 768w, http:\/\/www.voyagesutilesencampingcar.fr\/wp-content\/uploads\/2021\/04\/photo_3-1207x1536.jpg 1207w, http:\/\/www.voyagesutilesencampingcar.fr\/wp-content\/uploads\/2021\/04\/photo_3-1609x2048.jpg 1609w, http:\/\/www.voyagesutilesencampingcar.fr\/wp-content\/uploads\/2021\/04\/photo_3-43x55.jpg 43w, http:\/\/www.voyagesutilesencampingcar.fr\/wp-content\/uploads\/2021\/04\/photo_3-scaled.jpg 2011w\" sizes=\"auto, (max-width: 236px) 100vw, 236px\" \/><\/figure>\n<\/div>\n\n\n<p>Participation environ 120 \u20ac par personne. A l&rsquo;heure actuelle nous ne disposons pas des derniers tarifs 2021 compte-tenu de la situation sanitaire.<\/p>\n\n\n\n<p>Un ch\u00e8que sera le bienvenu.<\/p>\n\n\n\n<p>Adresse : BERNARD Genevi\u00e8ve &nbsp; Jean<br>le Cayrou<br>46140 Saint Vincent Rive d&rsquo;Olt<\/p>\n\n\n\n<p>Tel : 06 73 38 19 83 \/\/ 07 62 46 61 05<\/p>\n\n\n\n<p>mail : bernardg46@yahoo,fr<strong><\/strong><\/p>\n\n\n\n<p><em><strong>Il nous semble souhaitable que les participants soient vaccin\u00e9s ou en cours de vaccination<\/strong><\/em><\/p>\n\n\n\n<p><strong>_________________________________________________________<\/strong><\/p>\n\n\n\n<ul class=\"wp-block-list\">\n<li><strong>Les Gorges de l&rsquo;Allier<\/strong><\/li>\n<\/ul>\n\n\n\n<p><strong>Jeannot et Simone BASSET<\/strong> vous proposent une escapade dans la France profonde : les gorges de l\u2019Allier.<\/p>\n\n\n\n<p>Ce fleuve, un des principaux affluents de la Loire, prend sa source \u00e0 l\u2019Est de Mende, pr\u00e9fecture de la Loz\u00e8re. Ces contreforts du Massif central abritent de jolis villages et des sites naturels int\u00e9ressants.<\/p>\n\n\n\n<p>Le d\u00e9partement de la Haute-Loire fait partie de la r\u00e9gion Auvergne (maintenant Auvergne Rh\u00f4ne-Alpes) et est riche en patrimoine rural.<\/p>\n\n\n\n<p><strong>Le regroupement aura lieu le 18 juillet<\/strong> dans l\u2019apr\u00e8s-midi \u00e0 Retournac au bord de la Loire et le lendemain direction le ch\u00e2teau de \u00ab&nbsp;Chavaniac Lafayette&nbsp;\u00bb ensuite&nbsp;: Langeac, La Voute Chilhac, le Mont Mouchet (Haut lieu de la R\u00e9sistance), St Privat d\u2019Allier, Monistrol d\u2019Allier, Saugues et la m\u00e9moire de la B\u00eate du G\u00e9vaudan\u2026\u2026<strong>fin de l\u2019escapade&nbsp;: le 24 Juillet.<\/strong><\/p>\n\n\n\n<p><strong>Nous adapterons cette ballade en fonction de la m\u00e9t\u00e9o et des contraintes sanitaires impos\u00e9es.<\/strong><\/p>\n\n\n\n<p>Un petit groupe est souhait\u00e9, facilit\u00e9 de parking et de d\u00e9placement, nous pr\u00e9voirons aussi de go\u00fbter les sp\u00e9cialit\u00e9s locales, c\u2019est une r\u00e9gion appr\u00e9ci\u00e9e pour les poissons de rivi\u00e8re et bien d\u2019autres gourmandises.<\/p>\n\n\n\n<p>Distance \u00e0 pr\u00e9voir 150 \u00e0 200kms, les frais seront fonction des sites payants et des repas en auberge, les stationnements sont pr\u00e9vus en bivouac.<\/p>\n\n\n\n<p>Le vaccin ne sera pas demand\u00e9 mais chacun prendra les pr\u00e9cautions n\u00e9cessaires.<\/p>\n\n\n\n<p><strong>Compte tenu de la situation sanitaire \u00e9volutive, ce projet pourra \u00eatre annul\u00e9 jusqu\u2019\u00e0 quelques jours avant le d\u00e9part.<\/strong><\/p>\n\n\n\n<p><strong>Inscription chez Jean et Simone BASSET&nbsp; T\u00e9l&nbsp;: 0471652684<\/strong><\/p>\n\n\n\n<p><strong>_________________________________________________________<\/strong><\/p>\n\n\n\n<ul class=\"wp-block-list\">\n<li><strong>L&rsquo;Alsace en Septembre 2021<\/strong><\/li>\n<\/ul>\n\n\n\n<p><strong>Georges et Ren\u00e9e ROBIN<\/strong> vous proposent quelques jours dans cette belle r\u00e9gion entre les Ballons des Vosges et le Rhin.<\/p>\n\n\n\n<p>En fonction des obligations sanitaires nous essayerons de d\u00e9couvrir les sites, les paysages, les villages, les ch\u00e2teaux, les vignerons et leurs domaines\u2026. Mais aussi Strasbourg, Colmar, Ribeauvill\u00e9, l\u2019\u00e9comus\u00e9e d\u2019Ungersheim, le Haut Koenigsbourg, le couvent du Mont Sainte Odile, le Linge et son m\u00e9morial, et si possible la gastronomie Alsacienne, il n\u2019y a pas que la choucroute.<\/p>\n\n\n\n<p>Les contraintes actuelles et les possibilit\u00e9s de bivouac nous obligent \u00e0 voyager en petit groupe, mais nous aurons quand m\u00eame le plaisir de se retrouver apr\u00e8s cette p\u00e9riode difficile.<\/p>\n\n\n\n<p>Il y a environ 180 kms du Nord au Sud de la r\u00e9gion Alsace, ce sera le maximum de nos p\u00e9r\u00e9grinations.<\/p>\n\n\n\n<p>Les frais sont difficiles \u00e0 estimer en fonction des visites possibles, de l\u2019ouverture des auberges et il y aura sans doute quelques aires de stationnement payantes.<\/p>\n\n\n\n<p><strong>Bien entendu ce projet est tributaire de l\u2019\u00e9volution de la pand\u00e9mie et des \u00e9ventuelles restrictions de d\u00e9placement, il pourra \u00eatre annul\u00e9 jusqu&rsquo;\u00e0 quelques jours du d\u00e9part.<\/strong><\/p>\n\n\n\n<p>Il n\u2019y aura pas d\u2019obligation de vaccination mais chacun prendra les pr\u00e9cautions qu\u2019il juge n\u00e9cessaire.<\/p>\n\n\n\n<p>La p\u00e9riode&nbsp;: 29 Ao\u00fbt au 04 Septembre 2021<\/p>\n\n\n\n<p>Contact&nbsp;: Georges ROBIN par mail&nbsp; ou t\u00e9l&nbsp;: 0477528685<\/p>\n\n\n\n<p><strong>_________________________________________________________<\/strong><\/p>\n\n\n\n<ul class=\"wp-block-list\">\n<li><strong>Le massif du Vercors<\/strong><\/li>\n<\/ul>\n\n\n\n<figure class=\"wp-block-image\"><img loading=\"lazy\" decoding=\"async\" width=\"75\" height=\"95\" src=\"http:\/\/www.voyagesutilesencampingcar.fr\/wp-content\/uploads\/2021\/04\/logo.jpg\" alt=\"\" class=\"wp-image-1417\" srcset=\"http:\/\/www.voyagesutilesencampingcar.fr\/wp-content\/uploads\/2021\/04\/logo.jpg 75w, http:\/\/www.voyagesutilesencampingcar.fr\/wp-content\/uploads\/2021\/04\/logo-43x55.jpg 43w\" sizes=\"auto, (max-width: 75px) 100vw, 75px\" \/><\/figure>\n\n\n\n<figure class=\"wp-block-image\"><img loading=\"lazy\" decoding=\"async\" width=\"300\" height=\"132\" src=\"http:\/\/www.voyagesutilesencampingcar.fr\/wp-content\/uploads\/2021\/04\/aiguille-300x132.jpg\" alt=\"\" class=\"wp-image-1420\" srcset=\"http:\/\/www.voyagesutilesencampingcar.fr\/wp-content\/uploads\/2021\/04\/aiguille-300x132.jpg 300w, http:\/\/www.voyagesutilesencampingcar.fr\/wp-content\/uploads\/2021\/04\/aiguille-125x55.jpg 125w, http:\/\/www.voyagesutilesencampingcar.fr\/wp-content\/uploads\/2021\/04\/aiguille.jpg 339w\" sizes=\"auto, (max-width: 300px) 100vw, 300px\" \/><\/figure>\n\n\n\n<p><strong>Nicole et G\u00e9rard Merle<\/strong> vous proposent de d\u00e9couvrir le massif du Vercors.<\/p>\n\n\n\n<p>Le <strong>Vercors,<\/strong> class\u00e9 \u00ab <strong>Parc naturel r\u00e9gional<\/strong> \u00bb, est un vaste massif calcaire de moyenne montagne entre l&rsquo;Is\u00e8re et la Dr\u00f4me, \u00e0 l&rsquo;ouest de la capitale des Alpes Grenoble. Il s&rsquo;\u00e9tage des 1200 m de son grand plateau en partie basse jusqu&rsquo;aux 2341m du Grand Veymont, son point culminant.<\/p>\n\n\n\n<p>Nous aborderons tous les aspects caract\u00e9ristiques de cette r\u00e9gion :<\/p>\n\n\n\n<ul class=\"wp-block-list\">\n<li>la g\u00e9ologie avec les grottes (Choranche), les rivi\u00e8res, les combes (Laval) et les ravins &#8230;<\/li>\n<\/ul>\n\n\n\n<ul class=\"wp-block-list\">\n<li>l&rsquo;histoire, marqu\u00e9e par la r\u00e9sistance lors de la seconde guerre mondiale notamment \u00e0 Vassieux en Vercors, \u00e0 La Chapelle en Vercors &#8230;<\/li>\n\n\n\n<li>le patrimoine avec St Antoine l&rsquo;Abbaye, Pont en Royans &#8230;<\/li>\n\n\n\n<li>la nature et la promenade avec le col du Rousset, Fond d&rsquo;Urle, Combe Laval &#8230;<\/li>\n\n\n\n<li>la gastronomie locale, le bleu du Vercors &#8230;<\/li>\n<\/ul>\n\n\n<div class=\"wp-block-image\">\n<figure class=\"alignleft\"><img loading=\"lazy\" decoding=\"async\" width=\"275\" height=\"183\" src=\"http:\/\/www.voyagesutilesencampingcar.fr\/wp-content\/uploads\/2021\/04\/combe-laval.jpg\" alt=\"\" class=\"wp-image-1419\" srcset=\"http:\/\/www.voyagesutilesencampingcar.fr\/wp-content\/uploads\/2021\/04\/combe-laval.jpg 275w, http:\/\/www.voyagesutilesencampingcar.fr\/wp-content\/uploads\/2021\/04\/combe-laval-83x55.jpg 83w, http:\/\/www.voyagesutilesencampingcar.fr\/wp-content\/uploads\/2021\/04\/combe-laval-120x80.jpg 120w\" sizes=\"auto, (max-width: 275px) 100vw, 275px\" \/><\/figure>\n<\/div>\n\n\n<p>Limit\u00e9e \u00e0 un petit groupe, notre escapade empruntera des routes de montagne, parfois \u00e9troites, dot\u00e9es de nombreux tunnels, pour certaines \u00e0 flanc de falaise et avec des restrictions de circulation (hauteur limit\u00e9e \u00e0 3,5 m et poids limit\u00e9 \u00e0 3,5t).<\/p>\n\n\n\n<p>Pour une dizaine de jour maximum et moins de 200 km, nous vous proposons de nous retrouver le 20 septembre 2021.<\/p>\n\n\n\n<p>Tr\u00e8s largement tributaire des contraintes sanitaires du moment, le budget d\u00e9pendra des visites et des repas au restaurant qui nous seront autoris\u00e9s. Les \u00e9tapes se feront pour la plupart sur des aires de service parfois payantes.<\/p>\n\n\n\n<p>Renseignements et inscription aupr\u00e8s de Nicole et G\u00e9rard <a href=\"mailto:genimerle@laposte.net\">genimerle@laposte.net<\/a> ou 0476407471.<\/p>\n\n\n\n<p><\/p>\n\n\n\n<p><\/p>\n","protected":false},"excerpt":{"rendered":"<p>\u2248&gt; 2021 Genevi\u00e8ve et Jean Bernard vous proposent de d\u00e9couvrir des villages pittoresques : Saint-Geniez et Sainte-Eulalie-d&rsquo;Olt. Une curiosit\u00e9 g\u00e9ologique : le \u00ab trou \u00bb de Bozoul. Conques et son abbatiale, nous d\u00e9gusterons une sp\u00e9cialit\u00e9 Aveyronnaise apr\u00e8s avoir visit\u00e9 le deuxi\u00e8me march\u00e9 aux bestiaux de France. Decazeville et son pass\u00e9 minier nous accueillera avant de &hellip; <a href=\"http:\/\/www.voyagesutilesencampingcar.fr\/?page_id=1531\">Continue reading <span class=\"meta-nav\">&rarr;<\/span><\/a><\/p>\n","protected":false},"author":1,"featured_media":0,"parent":537,"menu_order":0,"comment_status":"closed","ping_status":"closed","template":"template-sidebar-right.php","meta":{"footnotes":""},"class_list":["post-1531","page","type-page","status-publish","hentry"],"_links":{"self":[{"href":"http:\/\/www.voyagesutilesencampingcar.fr\/index.php?rest_route=\/wp\/v2\/pages\/1531","targetHints":{"allow":["GET"]}}],"collection":[{"href":"http:\/\/www.voyagesutilesencampingcar.fr\/index.php?rest_route=\/wp\/v2\/pages"}],"about":[{"href":"http:\/\/www.voyagesutilesencampingcar.fr\/index.php?rest_route=\/wp\/v2\/types\/page"}],"author":[{"embeddable":true,"href":"http:\/\/www.voyagesutilesencampingcar.fr\/index.php?rest_route=\/wp\/v2\/users\/1"}],"replies":[{"embeddable":true,"href":"http:\/\/www.voyagesutilesencampingcar.fr\/index.php?rest_route=%2Fwp%2Fv2%2Fcomments&post=1531"}],"version-history":[{"count":5,"href":"http:\/\/www.voyagesutilesencampingcar.fr\/index.php?rest_route=\/wp\/v2\/pages\/1531\/revisions"}],"predecessor-version":[{"id":1779,"href":"http:\/\/www.voyagesutilesencampingcar.fr\/index.php?rest_route=\/wp\/v2\/pages\/1531\/revisions\/1779"}],"up":[{"embeddable":true,"href":"http:\/\/www.voyagesutilesencampingcar.fr\/index.php?rest_route=\/wp\/v2\/pages\/537"}],"wp:attachment":[{"href":"http:\/\/www.voyagesutilesencampingcar.fr\/index.php?rest_route=%2Fwp%2Fv2%2Fmedia&parent=1531"}],"curies":[{"name":"wp","href":"https:\/\/api.w.org\/{rel}","templated":true}]}}