{"id":15,"date":"2013-02-14T16:47:38","date_gmt":"2013-02-14T15:47:38","guid":{"rendered":"http:\/\/localhost\/VUCC\/?page_id=15"},"modified":"2023-02-17T23:17:39","modified_gmt":"2023-02-17T22:17:39","slug":"objectifs","status":"publish","type":"page","link":"http:\/\/www.voyagesutilesencampingcar.fr\/?page_id=15","title":{"rendered":"L&rsquo;association"},"content":{"rendered":"<p style=\"text-align: justify;\">Il \u00e9tait une fois un groupe de copains qui parcouraient les routes avec leurs camping-cars pour se donner du bon temps et profiter de la retraite et puis l\u2019occasion leur a \u00e9t\u00e9 donn\u00e9e de transporter du mat\u00e9riel qui soulagerait quelques mis\u00e8res dans les pays visit\u00e9s.<\/p>\n<p style=\"text-align: justify;\">Les premi\u00e8res actions ont \u00e9t\u00e9 effectu\u00e9es vers Casablanca pour le compte de \u00ab Handicap Nord-Sud \u00bb, transport de fauteuils roulants et de b\u00e9quilles, ensuite direction la Roumanie o\u00f9 les orphelins de Popricani, en Moldavie roumaine ont re\u00e7us du mat\u00e9riel m\u00e9dical et informatique ainsi que de la peinture pour r\u00e9nover un \u00e9tablissement hospitalier.<\/p>\n<p style=\"text-align: justify;\">Apr\u00e8s ces premi\u00e8res exp\u00e9riences r\u00e9ussies le groupe d\u2019amis \u00e0 l\u2019origine de ces gestes a voulu confirmer son engagement aupr\u00e8s des organisations humanitaires contact\u00e9es.<\/p>\n<p style=\"text-align: justify;\">En 2003 l\u2019association \u00ab Voyages Utiles en Camping-car \u00bb est cr\u00e9\u00e9e afin de concr\u00e9tiser cette d\u00e9marche et de pouvoir continuer \u00e0 organiser ces voyages \u00e0 travers l\u2019Europe et au-del\u00e0 \u2026.<\/p>\n<p style=\"text-align: justify;\">Un rassemblement annuel, sur l\u2019invitation de l\u2019un de nos adh\u00e9rents, permet de faire le point de nos activit\u00e9s, de nos projets et aussi de favoriser la convivialit\u00e9 entre les membres. Ce sont plusieurs journ\u00e9es \u00e0 se retrouver, \u00e9vocation de souvenirs partag\u00e9s, d\u00e9couverte d\u2019une r\u00e9gion et vie de l\u2019association.<\/p>\n<p style=\"text-align: justify;\">Des destinations sont propos\u00e9es par des membres qui se proposent d\u2019accompagner et d\u2019organiser un voyage dans une d\u00e9marche volontaire et b\u00e9n\u00e9vole. Les \u00e9quipages int\u00e9ress\u00e9s se font conna\u00eetre et le groupe est constitu\u00e9 plusieurs mois avant le d\u00e9part.<\/p>\n<p style=\"text-align: justify;\">Ainsi, les objectifs de l&rsquo;association, fondement de ses statuts, sont doubles.<\/p>\n<p style=\"text-align: justify;\">D&rsquo;une part, permettre \u00e0 des camping-caristes de se rassembler pour voyager ensemble dans le respect des sites et des populations.<\/p>\n<p style=\"text-align: justify;\">D&rsquo;autre part, rendre utiles ces voyages en assurant le transport de mat\u00e9riel ou notre participation \u00e0 des actions au nom d&rsquo;associations \u00e0 but humanitaire, les chargements peuvent comporter du mat\u00e9riel scolaire, para-m\u00e9dical, des v\u00eatements ou des denr\u00e9es alimentaires conditionn\u00e9es pour supporter le voyage.<\/p>\n<p style=\"text-align: justify;\">L&rsquo;association est ouverte \u00e0 tous les camping-caristes qui adh\u00e8rent \u00e0 ces valeurs. Il suffit de prendre <a title=\"Contact\" href=\"http:\/\/voyagesutilesencampingcar.fr\/?page_id=21\">contact<\/a>.<\/p>\n","protected":false},"excerpt":{"rendered":"<p>Il \u00e9tait une fois un groupe de copains qui parcouraient les routes avec leurs camping-cars pour se donner du bon temps et profiter de la retraite et puis l\u2019occasion leur a \u00e9t\u00e9 donn\u00e9e de transporter du mat\u00e9riel qui soulagerait quelques mis\u00e8res dans les pays visit\u00e9s. Les premi\u00e8res actions ont \u00e9t\u00e9 effectu\u00e9es vers Casablanca pour le &hellip; <a href=\"http:\/\/www.voyagesutilesencampingcar.fr\/?page_id=15\">Continue reading <span class=\"meta-nav\">&rarr;<\/span><\/a><\/p>\n","protected":false},"author":1,"featured_media":0,"parent":0,"menu_order":0,"comment_status":"closed","ping_status":"closed","template":"template-sidebar-right.php","meta":{"footnotes":""},"class_list":["post-15","page","type-page","status-publish","hentry"],"_links":{"self":[{"href":"http:\/\/www.voyagesutilesencampingcar.fr\/index.php?rest_route=\/wp\/v2\/pages\/15","targetHints":{"allow":["GET"]}}],"collection":[{"href":"http:\/\/www.voyagesutilesencampingcar.fr\/index.php?rest_route=\/wp\/v2\/pages"}],"about":[{"href":"http:\/\/www.voyagesutilesencampingcar.fr\/index.php?rest_route=\/wp\/v2\/types\/page"}],"author":[{"embeddable":true,"href":"http:\/\/www.voyagesutilesencampingcar.fr\/index.php?rest_route=\/wp\/v2\/users\/1"}],"replies":[{"embeddable":true,"href":"http:\/\/www.voyagesutilesencampingcar.fr\/index.php?rest_route=%2Fwp%2Fv2%2Fcomments&post=15"}],"version-history":[{"count":3,"href":"http:\/\/www.voyagesutilesencampingcar.fr\/index.php?rest_route=\/wp\/v2\/pages\/15\/revisions"}],"predecessor-version":[{"id":1664,"href":"http:\/\/www.voyagesutilesencampingcar.fr\/index.php?rest_route=\/wp\/v2\/pages\/15\/revisions\/1664"}],"wp:attachment":[{"href":"http:\/\/www.voyagesutilesencampingcar.fr\/index.php?rest_route=%2Fwp%2Fv2%2Fmedia&parent=15"}],"curies":[{"name":"wp","href":"https:\/\/api.w.org\/{rel}","templated":true}]}}