{"id":1357,"date":"2021-04-14T19:34:03","date_gmt":"2021-04-14T18:34:03","guid":{"rendered":"http:\/\/www.voyagesutilesencampingcar.fr\/?page_id=1357"},"modified":"2023-03-27T19:37:51","modified_gmt":"2023-03-27T18:37:51","slug":"escapades-2019","status":"publish","type":"page","link":"http:\/\/www.voyagesutilesencampingcar.fr\/?page_id=1357","title":{"rendered":"Escapades 2019"},"content":{"rendered":"\n<h4 class=\"wp-block-heading\"><span style=\"color: #008000;\"><strong>\u2248&gt; 2019<\/strong><\/span><\/h4>\n\n\n\n<ul class=\"wp-block-list\">\n<li><strong><u>Escapade en Beaujolais<\/u><\/strong><\/li>\n<\/ul>\n\n\n\n<p>Amis de VUCC,<\/p>\n\n\n\n<p>Ir\u00e8ne, Pierre, Monique, Robert, Marilou et Moi-m\u00eame vous avons permis de f\u00eater avec nous le \u201cBeaujolais nouveau\u201d, qui a \u00e9t\u00e9 d\u00e9bloqu\u00e9 \u00e0 la vente, comme le veut la tradition, le troisi\u00e8me jeudi du mois de novembre. Cette ann\u00e9e c&rsquo;\u00e9tait donc le 20 novembre \u00e0 minuit dans le monde entier.<\/p>\n\n\n\n<p>Cette escapade s&rsquo;est d\u00e9roul\u00e9e du mercredi 20 novembre 2019 \u00e0 partir de 14h sur le stade de foot de Beaujeu (69) lieu de notre premier bivouac, au dimanche 24 novembre. Avec, bien entendu, une prolongation le lundi pour les fameuses andouillettes de Bobosse.<\/p>\n\n\n\n<p>Comme lors des escapades pr\u00e9c\u00e9dentes, toutes les d\u00e9gustations ont eues lieu sur le lieu de bivouac. Nos h\u00f4tes nous ont offert des d\u00e9gustations exquises de leurs vins accompagn\u00e9e de quelques \u201cgrignotteries\u201d.<\/p>\n\n\n\n<p>Les diff\u00e9rentes festivit\u00e9s pr\u00e9vues auxquelles nous avons pu participer ont enchant\u00e9 l&rsquo;ensemble des participants.<\/p>\n\n\n\n<p>Un grand merci aux organisateurs.<\/p>\n\n\n\n<ul class=\"wp-block-list\">\n<li><strong><u>Escapade en Limousin<\/u><\/strong><\/li>\n<\/ul>\n\n\n\n<p>Du 21 au 28 juillet 2019  d\u00e9couverte du plateau de Millevaches en pays limousin.<\/p>\n\n\n\n<p>Visite d\u2019 Oradour sur Glane.<\/p>\n\n\n\n<p>Arr\u00eat au lac de Saint PARDOUX, un lac d\u2019accueil touristique au milieu de beaucoup d\u2019autres.<\/p>\n\n\n\n<p>Visite des tourbi\u00e8res.<\/p>\n\n\n\n<p>Promenade au point culminant du plateau de Millevaches, le Mont Bessou, 1.000 m et fin du parcours par la d\u00e9couverte du lac de Vassivi\u00e8re le plus grand lac du plateau.<\/p>\n\n\n\n<p>Annette RONDEAU \u2013 Guy PAJOT<br>V\u00e9ronique et Jacky GAUTHIER<\/p>\n\n\n\n<ul class=\"wp-block-list\">\n<li><strong><strong>Escapade<\/strong><\/strong> <strong>en Provence pendant la floraison des lavandes (20\/06\/2019 au 26\/06\/2019)<\/strong><\/li>\n<\/ul>\n\n\n<div class=\"wp-block-image\">\n<figure class=\"alignleft is-resized\"><img loading=\"lazy\" decoding=\"async\" src=\"http:\/\/www.voyagesutilesencampingcar.fr\/wp-content\/uploads\/2019\/07\/DSC07958-300x200.jpg\" alt=\"\" class=\"wp-image-1106\" width=\"162\" height=\"108\" srcset=\"http:\/\/www.voyagesutilesencampingcar.fr\/wp-content\/uploads\/2019\/07\/DSC07958-300x200.jpg 300w, http:\/\/www.voyagesutilesencampingcar.fr\/wp-content\/uploads\/2019\/07\/DSC07958-83x55.jpg 83w, http:\/\/www.voyagesutilesencampingcar.fr\/wp-content\/uploads\/2019\/07\/DSC07958-120x80.jpg 120w, http:\/\/www.voyagesutilesencampingcar.fr\/wp-content\/uploads\/2019\/07\/DSC07958.jpg 500w\" sizes=\"auto, (max-width: 162px) 100vw, 162px\" \/><\/figure>\n<\/div>\n\n\n<p>Nous nous retrouvons \u00e0 9 CC dans un France Passion \u00e0 Valensole.<\/p>\n\n\n\n<p>Comme pr\u00e9vu par M\u00e9t\u00e9o France nous passerons une semaine sous le cagnard (soleil).<\/p>\n\n\n\n<p>Les Riezois Marie, Brigitte et Alain nous ont concoct\u00e9 un s\u00e9jour proven\u00e7al aux \u00a0\u00bbpetits oignons\u00a0\u00bb.<\/p>\n\n\n\n<p>Nous nous laissons guider selon trois principes:<\/p>\n\n\n\n<p>1\/ <strong>Fl\u00e2ner <\/strong>dans les ruelles de Riez, Tourtour, Villecroze et Moustiers Sainte Marie.<\/p>\n\n\n\n<p>2\/ <strong>Sentir<\/strong> Sur le plateau de Valensole avec ses grands champs de lavandes, sauge, immortelles et coriandre. Paysages enivrants de couleurs, d&rsquo;odeurs et grands espaces.<\/p>\n\n\n<div class=\"wp-block-image\">\n<figure class=\"alignright is-resized\"><img loading=\"lazy\" decoding=\"async\" src=\"http:\/\/www.voyagesutilesencampingcar.fr\/wp-content\/uploads\/2019\/07\/DSC07764-300x200.jpg\" alt=\"\" class=\"wp-image-1105\" width=\"141\" height=\"94\" srcset=\"http:\/\/www.voyagesutilesencampingcar.fr\/wp-content\/uploads\/2019\/07\/DSC07764-300x200.jpg 300w, http:\/\/www.voyagesutilesencampingcar.fr\/wp-content\/uploads\/2019\/07\/DSC07764-83x55.jpg 83w, http:\/\/www.voyagesutilesencampingcar.fr\/wp-content\/uploads\/2019\/07\/DSC07764-120x80.jpg 120w, http:\/\/www.voyagesutilesencampingcar.fr\/wp-content\/uploads\/2019\/07\/DSC07764.jpg 500w\" sizes=\"auto, (max-width: 141px) 100vw, 141px\" \/><\/figure>\n<\/div>\n\n\n<p>3\/ <strong>S&rsquo;\u00e9merveiller<\/strong> \u00e0 la vue de Moustiers, v\u00e9ritable cr\u00e8che avec son \u00e9toile .<\/p>\n\n\n\n<p>Pendant cette semaine nos h\u00f4tes ont su:<\/p>\n\n\n\n<p>Aiguiser nos papilles au resto avec le gigot au miel entre autres et la pa\u00eblla d&rsquo;Alain.<\/p>\n\n\n\n<p>Attiser notre curiosit\u00e9 avec la transhumance \u00e0 Riez 1500 moutons traversant la ville.<\/p>\n\n\n\n<p>Nous faire d\u00e9couvrir avec un guide le site arch\u00e9ologique de Riez, Tourtour le village dans le ciel, site class\u00e9 un des plus beaux village de France, ainsi que les grottes troglodytes de Villecroze.<\/p>\n\n\n\n<p>Ouf un peu de fraicheur!!!!<\/p>\n\n\n<div class=\"wp-block-image\">\n<figure class=\"alignleft is-resized\"><img loading=\"lazy\" decoding=\"async\" src=\"http:\/\/www.voyagesutilesencampingcar.fr\/wp-content\/uploads\/2019\/07\/P1090483-300x224.jpg\" alt=\"\" class=\"wp-image-1107\" width=\"106\" height=\"79\" srcset=\"http:\/\/www.voyagesutilesencampingcar.fr\/wp-content\/uploads\/2019\/07\/P1090483-300x224.jpg 300w, http:\/\/www.voyagesutilesencampingcar.fr\/wp-content\/uploads\/2019\/07\/P1090483-74x55.jpg 74w, http:\/\/www.voyagesutilesencampingcar.fr\/wp-content\/uploads\/2019\/07\/P1090483-75x55.jpg 75w, http:\/\/www.voyagesutilesencampingcar.fr\/wp-content\/uploads\/2019\/07\/P1090483-60x45.jpg 60w, http:\/\/www.voyagesutilesencampingcar.fr\/wp-content\/uploads\/2019\/07\/P1090483.jpg 500w\" sizes=\"auto, (max-width: 106px) 100vw, 106px\" \/><\/figure>\n<\/div>\n\n\n<p>Une semaine riche et diversifi\u00e9e durant laquelle nous avons partag\u00e9 des verres, des repas improvis\u00e9s et toujours une bonne humeur bien qu&rsquo;assomm\u00e9s par une temp\u00e9rature accablante.<\/p>\n\n\n\n<p>Des journ\u00e9es sans nuages dans tous les sens du terme.<\/p>\n\n\n\n<p>Merci aux organisateurs Brigitte, Marie et Alain et \u00e0 tous les participants.<\/p>\n\n\n\n<p>Addessias ( au revoir)<\/p>\n\n\n\n<ul class=\"wp-block-list\">\n<li><strong><u>Escapade en Normandie et Armada 2019<\/u><\/strong><\/li>\n<\/ul>\n\n\n\n<p>Jeannine Hinard et Alain Loustalot ont r\u00e9alis\u00e9 4 diaporamas th\u00e9matiques sur cette belle escapade :<\/p>\n\n\n\n<p><a href=\".\/wp-content\/uploads\/2019\/07\/Chapitre 1.wmv\" target=\"_blank\" rel=\"noreferrer noopener\">Chapitre 1<\/a> : le p\u00e9riple de Moyaux \u00e0 Honfleur<\/p>\n\n\n\n<p><a href=\".\/wp-content\/uploads\/2019\/07\/Chapitre 2.wmv\" target=\"_blank\" rel=\"noreferrer noopener\">Chapitre 2<\/a> : l&rsquo;Armada \u00e0 quai \u00e0 Rouen<\/p>\n\n\n\n<p><a href=\".\/wp-content\/uploads\/2019\/07\/Chapitre 3.wmv\" target=\"_blank\" rel=\"noreferrer noopener\">Chapitre 3<\/a> : Rouen la ville<\/p>\n\n\n\n<p><a href=\".\/wp-content\/uploads\/2019\/07\/Chapitre 4.wmv\" target=\"_blank\" rel=\"noreferrer noopener\">Chapitre 4<\/a> : l&rsquo;Armada descente de la Seine<\/p>\n","protected":false},"excerpt":{"rendered":"<p>\u2248&gt; 2019 Amis de VUCC, Ir\u00e8ne, Pierre, Monique, Robert, Marilou et Moi-m\u00eame vous avons permis de f\u00eater avec nous le \u201cBeaujolais nouveau\u201d, qui a \u00e9t\u00e9 d\u00e9bloqu\u00e9 \u00e0 la vente, comme le veut la tradition, le troisi\u00e8me jeudi du mois de novembre. Cette ann\u00e9e c&rsquo;\u00e9tait donc le 20 novembre \u00e0 minuit dans le monde entier. Cette &hellip; <a href=\"http:\/\/www.voyagesutilesencampingcar.fr\/?page_id=1357\">Continue reading <span class=\"meta-nav\">&rarr;<\/span><\/a><\/p>\n","protected":false},"author":1,"featured_media":0,"parent":537,"menu_order":0,"comment_status":"closed","ping_status":"closed","template":"template-sidebar-right.php","meta":{"footnotes":""},"class_list":["post-1357","page","type-page","status-publish","hentry"],"_links":{"self":[{"href":"http:\/\/www.voyagesutilesencampingcar.fr\/index.php?rest_route=\/wp\/v2\/pages\/1357","targetHints":{"allow":["GET"]}}],"collection":[{"href":"http:\/\/www.voyagesutilesencampingcar.fr\/index.php?rest_route=\/wp\/v2\/pages"}],"about":[{"href":"http:\/\/www.voyagesutilesencampingcar.fr\/index.php?rest_route=\/wp\/v2\/types\/page"}],"author":[{"embeddable":true,"href":"http:\/\/www.voyagesutilesencampingcar.fr\/index.php?rest_route=\/wp\/v2\/users\/1"}],"replies":[{"embeddable":true,"href":"http:\/\/www.voyagesutilesencampingcar.fr\/index.php?rest_route=%2Fwp%2Fv2%2Fcomments&post=1357"}],"version-history":[{"count":7,"href":"http:\/\/www.voyagesutilesencampingcar.fr\/index.php?rest_route=\/wp\/v2\/pages\/1357\/revisions"}],"predecessor-version":[{"id":1778,"href":"http:\/\/www.voyagesutilesencampingcar.fr\/index.php?rest_route=\/wp\/v2\/pages\/1357\/revisions\/1778"}],"up":[{"embeddable":true,"href":"http:\/\/www.voyagesutilesencampingcar.fr\/index.php?rest_route=\/wp\/v2\/pages\/537"}],"wp:attachment":[{"href":"http:\/\/www.voyagesutilesencampingcar.fr\/index.php?rest_route=%2Fwp%2Fv2%2Fmedia&parent=1357"}],"curies":[{"name":"wp","href":"https:\/\/api.w.org\/{rel}","templated":true}]}}