{"id":119,"date":"2025-10-11T09:52:37","date_gmt":"2025-10-11T08:52:37","guid":{"rendered":"http:\/\/localhost\/VUCC\/?page_id=119"},"modified":"2025-12-11T19:03:15","modified_gmt":"2025-12-11T18:03:15","slug":"historique-2","status":"publish","type":"page","link":"http:\/\/www.voyagesutilesencampingcar.fr\/?page_id=119","title":{"rendered":"Souvenirs"},"content":{"rendered":"<p><span style=\"color: #008000;\"><strong>\u2248&gt; 2025<\/strong><\/span><\/p>\n<ul>\n<li>\n<h5><span style=\"text-decoration: underline; color: #339966;\"><strong>LA ROUMANIE<\/strong><\/span><\/h5>\n<\/li>\n<\/ul>\n<p><a href=\"http:\/\/www.voyagesutilesencampingcar.fr\/wp-content\/uploads\/2025\/12\/IMG_20250524_142120-scaled.jpg\"><img loading=\"lazy\" decoding=\"async\" class=\"wp-image-2161 alignleft\" src=\"http:\/\/www.voyagesutilesencampingcar.fr\/wp-content\/uploads\/2025\/12\/IMG_20250524_142120-225x300.jpg\" alt=\"\" width=\"134\" height=\"179\" srcset=\"http:\/\/www.voyagesutilesencampingcar.fr\/wp-content\/uploads\/2025\/12\/IMG_20250524_142120-225x300.jpg 225w, http:\/\/www.voyagesutilesencampingcar.fr\/wp-content\/uploads\/2025\/12\/IMG_20250524_142120-768x1024.jpg 768w, http:\/\/www.voyagesutilesencampingcar.fr\/wp-content\/uploads\/2025\/12\/IMG_20250524_142120-1152x1536.jpg 1152w, http:\/\/www.voyagesutilesencampingcar.fr\/wp-content\/uploads\/2025\/12\/IMG_20250524_142120-1536x2048.jpg 1536w, http:\/\/www.voyagesutilesencampingcar.fr\/wp-content\/uploads\/2025\/12\/IMG_20250524_142120-scaled.jpg 1920w\" sizes=\"auto, (max-width: 134px) 100vw, 134px\" \/><\/a>Trois \u00e9quipages ont particip\u00e9 de mi-mai \u00e0 d\u00e9but juillet \u00e0 un beau voyage vers la Roumanie.<\/p>\n<p>Pour commencer par le geste \u00ab\u00a0utile\u00a0\u00bb, il a \u00e9t\u00e9 r\u00e9alis\u00e9 en collaboration avec une association grenobloise, Grenoble Is\u00e8re Roumanie (GIR) qui intervient en Roumanie depuis plus de 30 ans. Bas\u00e9e sur une forte base universitaire elle supporte aujourd&rsquo;hui une association install\u00e9e \u00e0 Satu Mare, une ville du nord de la Roumanie dans la r\u00e9gion du Maramures, STEA qui a pour mission d&rsquo;aider \u00e0 la socialisation et \u00e0 la scolarisation des enfants ROM.<\/p>\n<p>Nous avons transport\u00e9 essentiellement des jeux et du mat\u00e9riel scolaire et p\u00e9ri-scolaire. L&rsquo;\u00e9change, qui a dur\u00e9 2 jours, a \u00e9t\u00e9 d&rsquo;une chaleur humaine remarquable, support\u00e9e par une \u00e9quipe administrative et \u00e9ducative d\u00e9vou\u00e9e et impliqu\u00e9e malgr\u00e9 les difficult\u00e9s. VUCC a aussi particip\u00e9, avec le budget allou\u00e9 aux groupes de voyages, \u00e0 la fournitures de fournitures de bureau n\u00e9cessaires.<a href=\"http:\/\/www.voyagesutilesencampingcar.fr\/wp-content\/uploads\/2025\/12\/IMG_20250523_134643-scaled.jpg\"><img loading=\"lazy\" decoding=\"async\" class=\" wp-image-2162 aligncenter\" src=\"http:\/\/www.voyagesutilesencampingcar.fr\/wp-content\/uploads\/2025\/12\/IMG_20250523_134643-225x300.jpg\" alt=\"\" width=\"127\" height=\"169\" srcset=\"http:\/\/www.voyagesutilesencampingcar.fr\/wp-content\/uploads\/2025\/12\/IMG_20250523_134643-225x300.jpg 225w, http:\/\/www.voyagesutilesencampingcar.fr\/wp-content\/uploads\/2025\/12\/IMG_20250523_134643-768x1024.jpg 768w, http:\/\/www.voyagesutilesencampingcar.fr\/wp-content\/uploads\/2025\/12\/IMG_20250523_134643-1152x1536.jpg 1152w, http:\/\/www.voyagesutilesencampingcar.fr\/wp-content\/uploads\/2025\/12\/IMG_20250523_134643-1536x2048.jpg 1536w, http:\/\/www.voyagesutilesencampingcar.fr\/wp-content\/uploads\/2025\/12\/IMG_20250523_134643-scaled.jpg 1920w\" sizes=\"auto, (max-width: 127px) 100vw, 127px\" \/><\/a><\/p>\n<p>Les diff\u00e9rentes r\u00e9gions de la Roumanie ont, chacune, une notable sp\u00e9cificit\u00e9. Nous avons d\u00e9but\u00e9 notre p\u00e9riple par la r\u00e9gion du Maramures o\u00f9 pullulent les \u00e9glises en bois. Huit d&rsquo;entre-elles sont class\u00e9es au patrimoine mondiale de l&rsquo;UNESCO et montrent la sp\u00e9cificit\u00e9 de cette architecture religieuse et vernaculaire qui a perdur\u00e9 du 16\u00e8me au 19\u00e8m\u00e8 si\u00e8cle.<\/p>\n<p>La Bucovine et la Moldavie sont caract\u00e9ris\u00e9es par la pr\u00e9sence, tr\u00e8s nombreuse aussi, de monast\u00e8res peints (\u00e0 l&rsquo;ext\u00e9rieur) des 15\u00e8me et 16\u00e8me si\u00e8cles. Plusieurs, dans un \u00e9tat de conservation remarquable ou sujets \u00e0 de s\u00e9rieuses r\u00e9novations sont class\u00e9s au patrimoine mondial de l&rsquo;UNESCO.<\/p>\n<p>Une autre r\u00e9gion, plus au sud, est constitu\u00e9e principalement de la zone du delta du Danube. Une promenade en bateau au petit matin est source d&rsquo;\u00e9merveillement.<\/p>\n<p>Plusieurs zones montagneuses, dont le massif des Carpates, nous ont offert des paysages magnifiques, de routes impressionnantes et des ours assez peu farouches mais dont il vaut mieux se m\u00e9fier.<\/p>\n<p>La capitale, Bucarest, est \u00e0 visiter mais le palais pr\u00e9sidentiel disproportionn\u00e9, voulu et construit par Ceausescu, ne donne pas envie !<\/p>\n<p>Bien s\u00fbr de multiples autres aspects de la Roumanie justifient ce voyage, les mus\u00e9e et autres b\u00e2timents qui retracent la p\u00e9riode communiste, ses outrances, ses d\u00e9g\u00e2ts, ses \u00e9purations, ses ravages pour tout dire.<\/p>\n<p>Par l&rsquo;interm\u00e9diaire de l&rsquo;association GIR nous avons eu la grande chance, le plaisir et l&rsquo;immense b\u00e9n\u00e9fice de rencontrer des personnes roumaines parlant parfaitement fran\u00e7ais et qui nous ont permis de d\u00e9couvrir ce pays directement de l&rsquo;int\u00e9rieur par ses protagonistes. Un grand merci et une profonde reconnaissance \u00e0 eux pour leur gentillesse, leur bienveillance et leur accueil.<a href=\"http:\/\/www.voyagesutilesencampingcar.fr\/wp-content\/uploads\/2025\/12\/IMG_20250602_152415-scaled.jpg\"><img loading=\"lazy\" decoding=\"async\" class=\"wp-image-2163 aligncenter\" src=\"http:\/\/www.voyagesutilesencampingcar.fr\/wp-content\/uploads\/2025\/12\/IMG_20250602_152415-300x225.jpg\" alt=\"\" width=\"216\" height=\"162\" srcset=\"http:\/\/www.voyagesutilesencampingcar.fr\/wp-content\/uploads\/2025\/12\/IMG_20250602_152415-300x225.jpg 300w, http:\/\/www.voyagesutilesencampingcar.fr\/wp-content\/uploads\/2025\/12\/IMG_20250602_152415-1024x768.jpg 1024w, http:\/\/www.voyagesutilesencampingcar.fr\/wp-content\/uploads\/2025\/12\/IMG_20250602_152415-768x576.jpg 768w, http:\/\/www.voyagesutilesencampingcar.fr\/wp-content\/uploads\/2025\/12\/IMG_20250602_152415-1536x1152.jpg 1536w, http:\/\/www.voyagesutilesencampingcar.fr\/wp-content\/uploads\/2025\/12\/IMG_20250602_152415-2048x1536.jpg 2048w\" sizes=\"auto, (max-width: 216px) 100vw, 216px\" \/><\/a><\/p>\n<p>Ce voyage nous a permis de d\u00e9couvrir un pays dont nous n&rsquo;avions peut \u00eatre pas une id\u00e9e juste, un pays moderne, dynamique, jeune notamment par sa population \u00e9tudiante et non pas un pays anciennement communiste et scl\u00e9ros\u00e9 dans cet h\u00e9ritage.<\/p>\n<ul>\n<li>\n<h5><span style=\"text-decoration: underline; color: #339966;\"><strong>LA NORVEGE, LES PAYS SCANDINAVES JUSQU\u2019AU CERCLE POLAIRE<\/strong><\/span><\/h5>\n<\/li>\n<\/ul>\n<p><span style=\"text-decoration: underline; color: #339966;\"><strong><img loading=\"lazy\" decoding=\"async\" class=\"wp-image-2146 alignleft\" src=\"http:\/\/www.voyagesutilesencampingcar.fr\/wp-content\/uploads\/2025\/12\/AurBor-300x137.jpg\" alt=\"\" width=\"252\" height=\"115\" srcset=\"http:\/\/www.voyagesutilesencampingcar.fr\/wp-content\/uploads\/2025\/12\/AurBor-300x137.jpg 300w, http:\/\/www.voyagesutilesencampingcar.fr\/wp-content\/uploads\/2025\/12\/AurBor-1024x466.jpg 1024w, http:\/\/www.voyagesutilesencampingcar.fr\/wp-content\/uploads\/2025\/12\/AurBor-768x349.jpg 768w, http:\/\/www.voyagesutilesencampingcar.fr\/wp-content\/uploads\/2025\/12\/AurBor-1536x699.jpg 1536w, http:\/\/www.voyagesutilesencampingcar.fr\/wp-content\/uploads\/2025\/12\/AurBor.jpg 1600w\" sizes=\"auto, (max-width: 252px) 100vw, 252px\" \/><img loading=\"lazy\" decoding=\"async\" class=\"wp-image-2148 alignleft\" src=\"http:\/\/www.voyagesutilesencampingcar.fr\/wp-content\/uploads\/2025\/12\/IMG_2-300x136.jpg\" alt=\"\" width=\"251\" height=\"114\" srcset=\"http:\/\/www.voyagesutilesencampingcar.fr\/wp-content\/uploads\/2025\/12\/IMG_2-300x136.jpg 300w, http:\/\/www.voyagesutilesencampingcar.fr\/wp-content\/uploads\/2025\/12\/IMG_2-1024x465.jpg 1024w, http:\/\/www.voyagesutilesencampingcar.fr\/wp-content\/uploads\/2025\/12\/IMG_2-768x349.jpg 768w, http:\/\/www.voyagesutilesencampingcar.fr\/wp-content\/uploads\/2025\/12\/IMG_2-1536x697.jpg 1536w, http:\/\/www.voyagesutilesencampingcar.fr\/wp-content\/uploads\/2025\/12\/IMG_2.jpg 1599w\" sizes=\"auto, (max-width: 251px) 100vw, 251px\" \/><img loading=\"lazy\" decoding=\"async\" class=\"wp-image-2149 alignleft\" src=\"http:\/\/www.voyagesutilesencampingcar.fr\/wp-content\/uploads\/2025\/12\/IMG_3-300x137.jpg\" alt=\"\" width=\"248\" height=\"113\" srcset=\"http:\/\/www.voyagesutilesencampingcar.fr\/wp-content\/uploads\/2025\/12\/IMG_3-300x137.jpg 300w, http:\/\/www.voyagesutilesencampingcar.fr\/wp-content\/uploads\/2025\/12\/IMG_3-1024x466.jpg 1024w, http:\/\/www.voyagesutilesencampingcar.fr\/wp-content\/uploads\/2025\/12\/IMG_3-768x349.jpg 768w, http:\/\/www.voyagesutilesencampingcar.fr\/wp-content\/uploads\/2025\/12\/IMG_3-1536x699.jpg 1536w, http:\/\/www.voyagesutilesencampingcar.fr\/wp-content\/uploads\/2025\/12\/IMG_3.jpg 1600w\" sizes=\"auto, (max-width: 248px) 100vw, 248px\" \/><\/strong><\/span><\/p>\n<p>&nbsp;<\/p>\n<p>&nbsp;<\/p>\n<p>&nbsp;<\/p>\n<p>Contrairement \u00e0 nos habitudes, nous avons commenc\u00e9 ce voyage par la livraison de mat\u00e9riel \u00e0 l&rsquo;antenne de la Croix Rouge d&rsquo;ALBERT.<br \/>\n(Il faut se r\u00e9soudre \u00e0 l&rsquo;id\u00e9e que la France n&rsquo;est pas que ce grand pays qui peut venir en aide \u00e0 des endroits moins d\u00e9velopp\u00e9s, il y a aussi beaucoup de pauvres chez nous)<br \/>\nNotre voyage s&rsquo;est d\u00e9roul\u00e9 dans la contemplation des paysages : gigantesques montagnes de granit ruisselantes de cascades, magnifiques fjords ou lacs glaciaires ou se lovent de petites maisons <a href=\"http:\/\/www.voyagesutilesencampingcar.fr\/wp-content\/uploads\/2025\/12\/IMG_7.jpg\"><img loading=\"lazy\" decoding=\"async\" class=\" wp-image-2153 alignleft\" src=\"http:\/\/www.voyagesutilesencampingcar.fr\/wp-content\/uploads\/2025\/12\/IMG_7-300x135.jpg\" alt=\"\" width=\"181\" height=\"82\" srcset=\"http:\/\/www.voyagesutilesencampingcar.fr\/wp-content\/uploads\/2025\/12\/IMG_7-300x135.jpg 300w, http:\/\/www.voyagesutilesencampingcar.fr\/wp-content\/uploads\/2025\/12\/IMG_7-1024x461.jpg 1024w, http:\/\/www.voyagesutilesencampingcar.fr\/wp-content\/uploads\/2025\/12\/IMG_7-768x346.jpg 768w, http:\/\/www.voyagesutilesencampingcar.fr\/wp-content\/uploads\/2025\/12\/IMG_7-1536x691.jpg 1536w, http:\/\/www.voyagesutilesencampingcar.fr\/wp-content\/uploads\/2025\/12\/IMG_7.jpg 1600w\" sizes=\"auto, (max-width: 181px) 100vw, 181px\" \/><\/a>au toit v\u00e9g\u00e9talis\u00e9, petites \u00e9glises en bois, glaciers et tout au nord \u00e0 Tromso un feu d&rsquo;artifice d&rsquo;aurores bor\u00e9ales.<br \/>\nLe long de notre route de retour, en Finlande et en Su\u00e8de, des for\u00eats aux couleurs chatoyantes et des troupeaux de rennes en libert\u00e9. Nous avons pass\u00e9 deux mois magnifiques dans une ambiance tr\u00e8s conviviale,ou nous pouvions nous retrouver le soir dehors, autour de l&rsquo;ap\u00e9ro, l&rsquo;air \u00e9tait quand m\u00eame un peu frais, nous avions pr\u00e9vu le grand froid et ne l&rsquo;avons pas trouv\u00e9 !!<a href=\"http:\/\/www.voyagesutilesencampingcar.fr\/wp-content\/uploads\/2025\/12\/IMG_6.jpg\"><img loading=\"lazy\" decoding=\"async\" class=\"wp-image-2152 alignright\" src=\"http:\/\/www.voyagesutilesencampingcar.fr\/wp-content\/uploads\/2025\/12\/IMG_6-300x135.jpg\" alt=\"\" width=\"224\" height=\"101\" srcset=\"http:\/\/www.voyagesutilesencampingcar.fr\/wp-content\/uploads\/2025\/12\/IMG_6-300x135.jpg 300w, http:\/\/www.voyagesutilesencampingcar.fr\/wp-content\/uploads\/2025\/12\/IMG_6-1024x461.jpg 1024w, http:\/\/www.voyagesutilesencampingcar.fr\/wp-content\/uploads\/2025\/12\/IMG_6-768x346.jpg 768w, http:\/\/www.voyagesutilesencampingcar.fr\/wp-content\/uploads\/2025\/12\/IMG_6-1536x692.jpg 1536w, http:\/\/www.voyagesutilesencampingcar.fr\/wp-content\/uploads\/2025\/12\/IMG_6.jpg 1600w\" sizes=\"auto, (max-width: 224px) 100vw, 224px\" \/><\/a><br \/>\nApr\u00e8s ce voyage et la moisson de photos que nous avons prises il est difficile de trier..je vous en propose quelques unes pour illustrer mon propos.<\/p>\n<ul>\n<li>\n<h5><span style=\"text-decoration: underline; color: #339966;\"><strong>LES BALKANS<\/strong><\/span><\/h5>\n<\/li>\n<\/ul>\n<p>Bon puisque sur quatre \u00e9quipages de ce voyage nous \u00e9tions les seuls \u00e0 ne pas \u00eatre du bureau et Bretons en plus. Bref \u00e0 nous la r\u00e9daction du compte rendu.<br \/>\nDonc nou<a href=\"http:\/\/www.voyagesutilesencampingcar.fr\/wp-content\/uploads\/2025\/12\/bal_2-scaled.jpg\"><img loading=\"lazy\" decoding=\"async\" class=\"wp-image-2157 alignleft\" src=\"http:\/\/www.voyagesutilesencampingcar.fr\/wp-content\/uploads\/2025\/12\/bal_2-300x135.jpg\" alt=\"\" width=\"156\" height=\"70\" srcset=\"http:\/\/www.voyagesutilesencampingcar.fr\/wp-content\/uploads\/2025\/12\/bal_2-300x135.jpg 300w, http:\/\/www.voyagesutilesencampingcar.fr\/wp-content\/uploads\/2025\/12\/bal_2-1024x461.jpg 1024w, http:\/\/www.voyagesutilesencampingcar.fr\/wp-content\/uploads\/2025\/12\/bal_2-768x345.jpg 768w, http:\/\/www.voyagesutilesencampingcar.fr\/wp-content\/uploads\/2025\/12\/bal_2-1536x691.jpg 1536w, http:\/\/www.voyagesutilesencampingcar.fr\/wp-content\/uploads\/2025\/12\/bal_2-2048x921.jpg 2048w\" sizes=\"auto, (max-width: 156px) 100vw, 156px\" \/><\/a>s avons laiss\u00e9 derri\u00e8re nous le Finist\u00e8re le 15 ao\u00fbt pour charger le 17 ao\u00fbt \u00e0 Pouilly Le Monial chez Mireille et Jean Claude les \u00e9quipements param\u00e9dicaux \u00e0 destination de la Serbie \u00e0 Maldenovo, Puis regroupement des quatre \u00e9quipages au col du mont Cenis.<br \/>\nLa livraison \u00e9tant attendue le 27 ao\u00fbt nous avons pris le chemin des \u00e9coliers pour visiter Ljubljana (march\u00e9), Zagreb, Osijeck. L&rsquo;accueil \u00e0 Maldenovo de l&rsquo;\u00e9quipe de l&rsquo;association \u00ab\u00a0France Serbie\u00a0\u00bb venue de Toulon, et des responsables Locaux (Le maire et quelques notables) a \u00e9t\u00e9 tr\u00e8s chaleureux.<br \/>\nLe cochon Grill\u00e9 \u00e9tait fameux ! La seconde livraison (PC) pr\u00e9vue le 9 septembre \u00e0 L&rsquo;\u00e9cole de Lin (Albanie) nous a permis de faire auparavant du tourisme et de visiter Nis, Skopje, Canyon de Metka, Ohrid (petit st Tropez).<a href=\"http:\/\/www.voyagesutilesencampingcar.fr\/wp-content\/uploads\/2025\/12\/IMG_20250827_135013-scaled.jpg\"><img loading=\"lazy\" decoding=\"async\" class=\"wp-image-2158 alignright\" src=\"http:\/\/www.voyagesutilesencampingcar.fr\/wp-content\/uploads\/2025\/12\/IMG_20250827_135013-300x169.jpg\" alt=\"\" width=\"213\" height=\"120\" srcset=\"http:\/\/www.voyagesutilesencampingcar.fr\/wp-content\/uploads\/2025\/12\/IMG_20250827_135013-300x169.jpg 300w, http:\/\/www.voyagesutilesencampingcar.fr\/wp-content\/uploads\/2025\/12\/IMG_20250827_135013-1024x578.jpg 1024w, http:\/\/www.voyagesutilesencampingcar.fr\/wp-content\/uploads\/2025\/12\/IMG_20250827_135013-768x433.jpg 768w, http:\/\/www.voyagesutilesencampingcar.fr\/wp-content\/uploads\/2025\/12\/IMG_20250827_135013-1536x866.jpg 1536w, http:\/\/www.voyagesutilesencampingcar.fr\/wp-content\/uploads\/2025\/12\/IMG_20250827_135013-2048x1155.jpg 2048w\" sizes=\"auto, (max-width: 213px) 100vw, 213px\" \/><\/a><br \/>\nL&rsquo;Accueil \u00e0 l&rsquo;\u00e9cole de Lin a \u00e9t\u00e9 tr\u00e8s agr\u00e9able \u00e9galement, notamment par le professeur de Fran\u00e7ais et quelques jeunes filles qui ont dans\u00e9 pour nous en costume local.<br \/>\nA Lin le repas au bord du lac d\u2019Ohrid chez Rosa \u00e9tait pittoresque. Le reste du voyage avec la \u00ab\u00a0route serpentine\u00a0\u00bb Sarajevo (tunnel) route c\u00f4ti\u00e8re de Croatie, sont inoubliables.<\/p>\n<p>&#8211; Pour ce qui concerne les peu de points n\u00e9gatifs, on peut noter le \u00ab\u00a0parking-terrain vague\u00a0\u00bb de Kotor \u00e0 un prix exorbitant, l\u2019accueil froid dans les commerces serbes, quelques stationnements programm\u00e9s remplac\u00e9s par des immeubles neufs, et \u00e9videmment quelques soucis m\u00e9caniques notamment de la part de notre valeureux CC sauv\u00e9 par un bouchon de li\u00e8ge&#8230;<\/p>\n<p>&#8211; Pour ce qui concerne l&rsquo;ambiance du groupe, un accord coll\u00e9gial, une tr\u00e8s bonne ambiance et une entraide parfaite ont fait de ce voyage un tr\u00e8s agr\u00e9able moment de partage.<a href=\"http:\/\/www.voyagesutilesencampingcar.fr\/wp-content\/uploads\/2025\/12\/IMG_20250909_113838-scaled.jpg\"><img loading=\"lazy\" decoding=\"async\" class=\"size-medium wp-image-2159 aligncenter\" src=\"http:\/\/www.voyagesutilesencampingcar.fr\/wp-content\/uploads\/2025\/12\/IMG_20250909_113838-300x172.jpg\" alt=\"\" width=\"300\" height=\"172\" srcset=\"http:\/\/www.voyagesutilesencampingcar.fr\/wp-content\/uploads\/2025\/12\/IMG_20250909_113838-300x172.jpg 300w, http:\/\/www.voyagesutilesencampingcar.fr\/wp-content\/uploads\/2025\/12\/IMG_20250909_113838-1024x588.jpg 1024w, http:\/\/www.voyagesutilesencampingcar.fr\/wp-content\/uploads\/2025\/12\/IMG_20250909_113838-768x441.jpg 768w, http:\/\/www.voyagesutilesencampingcar.fr\/wp-content\/uploads\/2025\/12\/IMG_20250909_113838-1536x881.jpg 1536w, http:\/\/www.voyagesutilesencampingcar.fr\/wp-content\/uploads\/2025\/12\/IMG_20250909_113838-2048x1175.jpg 2048w\" sizes=\"auto, (max-width: 300px) 100vw, 300px\" \/><\/a><\/p>\n<p>__________________________________________________________________________________________________________________<\/p>\n<h4 class=\"wp-block-heading\"><span style=\"color: #008000;\"><strong>\u2248&gt; <\/strong><\/span><a href=\"http:\/\/www.voyagesutilesencampingcar.fr\/?page_id=2097\">Souvenirs 2024<\/a><strong>\u00a0\u00a0 <\/strong><span style=\"color: #008000;\"><strong> \u2248&gt; <\/strong><\/span><a href=\"http:\/\/www.voyagesutilesencampingcar.fr\/?page_id=1972\">Souvenirs 2023<\/a><strong>\u00a0\u00a0 <\/strong><span style=\"color: #008000;\"><strong>\u2248&gt; <\/strong><\/span><a href=\"http:\/\/www.voyagesutilesencampingcar.fr\/?page_id=1807\">Souvenirs 2019<\/a><strong>\u00a0\u00a0 <\/strong><span style=\"color: #008000;\"><strong>\u2248&gt; <\/strong><\/span><a href=\"http:\/\/www.voyagesutilesencampingcar.fr\/?page_id=1155\">Souvenirs 2018<\/a><\/h4>\n<h4 class=\"wp-block-heading\"><span style=\"color: #008000;\"><strong>\u00a0\u00a0\u00a0\u00a0\u00a0\u00a0\u2248&gt; <\/strong><\/span><a href=\"http:\/\/www.voyagesutilesencampingcar.fr\/?page_id=886\">Souvenirs 2017 \u00a0<\/a><span style=\"color: #008000;\"><strong>\u2248&gt; <\/strong><\/span><a href=\"http:\/\/www.voyagesutilesencampingcar.fr\/?page_id=892\">Souvenirs 2016<\/a><strong>\u00a0\u00a0 <\/strong><span style=\"color: #008000;\"><strong>\u2248&gt; <\/strong><\/span><a href=\"http:\/\/www.voyagesutilesencampingcar.fr\/?page_id=894\">Souvenirs 2015<\/a><strong>\u00a0\u00a0 <\/strong><span style=\"color: #008000;\"><strong>\u2248&gt; <\/strong><\/span><a href=\"http:\/\/www.voyagesutilesencampingcar.fr\/?page_id=896\">Souvenirs 2014<\/a><strong>\u00a0\u00a0 <\/strong><\/h4>\n<h4 class=\"wp-block-heading\"><span style=\"color: #008000;\"><strong>\u00a0\u00a0\u00a0\u00a0\u00a0\u00a0\u00a0\u00a0\u00a0\u2248&gt; <\/strong><\/span><a href=\"http:\/\/www.voyagesutilesencampingcar.fr\/?page_id=905\">Souvenirs 2013<\/a><strong>\u00a0\u00a0 <\/strong> <span style=\"color: #008000;\"><strong> \u2248&gt; <\/strong><\/span><a href=\"http:\/\/www.voyagesutilesencampingcar.fr\/?page_id=9108\">Souvenirs 2012<\/a><strong>\u00a0\u00a0 <\/strong><span style=\"color: #008000;\"><strong> \u2248&gt; <\/strong><\/span><a href=\"http:\/\/www.voyagesutilesencampingcar.fr\/?page_id=910\">Souvenirs 2011<\/a><strong>\u00a0\u00a0 <\/strong><span style=\"color: #008000;\"><strong> \u2248&gt; <\/strong><\/span><a href=\"http:\/\/www.voyagesutilesencampingcar.fr\/?page_id=912\">Souvenirs 2010<\/a><\/h4>\n<h4 class=\"wp-block-heading\"><span style=\"color: #008000;\"><strong>\u00a0\u00a0\u00a0\u00a0\u00a0\u00a0\u00a0\u00a0\u00a0\u00a0\u00a0\u00a0\u2248&gt; <\/strong><\/span><a href=\"http:\/\/www.voyagesutilesencampingcar.fr\/?page_id=914\">Souvenirs 2009<\/a><span style=\"color: #008000;\"><strong>\u00a0\u00a0\u00a0\u00a0\u00a0\u00a0\u2248&gt; <\/strong><\/span><a href=\"http:\/\/www.voyagesutilesencampingcar.fr\/?page_id=916\">Souvenirs 2008<\/a><\/h4>\n","protected":false},"excerpt":{"rendered":"<p>\u2248&gt; 2025 LA ROUMANIE Trois \u00e9quipages ont particip\u00e9 de mi-mai \u00e0 d\u00e9but juillet \u00e0 un beau voyage vers la Roumanie. Pour commencer par le geste \u00ab\u00a0utile\u00a0\u00bb, il a \u00e9t\u00e9 r\u00e9alis\u00e9 en collaboration avec une association grenobloise, Grenoble Is\u00e8re Roumanie (GIR) qui intervient en Roumanie depuis plus de 30 ans. Bas\u00e9e sur une forte base universitaire &hellip; <a href=\"http:\/\/www.voyagesutilesencampingcar.fr\/?page_id=119\">Continue reading <span class=\"meta-nav\">&rarr;<\/span><\/a><\/p>\n","protected":false},"author":1,"featured_media":0,"parent":8,"menu_order":0,"comment_status":"closed","ping_status":"closed","template":"template-sidebar-right.php","meta":{"footnotes":""},"class_list":["post-119","page","type-page","status-publish","hentry"],"_links":{"self":[{"href":"http:\/\/www.voyagesutilesencampingcar.fr\/index.php?rest_route=\/wp\/v2\/pages\/119","targetHints":{"allow":["GET"]}}],"collection":[{"href":"http:\/\/www.voyagesutilesencampingcar.fr\/index.php?rest_route=\/wp\/v2\/pages"}],"about":[{"href":"http:\/\/www.voyagesutilesencampingcar.fr\/index.php?rest_route=\/wp\/v2\/types\/page"}],"author":[{"embeddable":true,"href":"http:\/\/www.voyagesutilesencampingcar.fr\/index.php?rest_route=\/wp\/v2\/users\/1"}],"replies":[{"embeddable":true,"href":"http:\/\/www.voyagesutilesencampingcar.fr\/index.php?rest_route=%2Fwp%2Fv2%2Fcomments&post=119"}],"version-history":[{"count":237,"href":"http:\/\/www.voyagesutilesencampingcar.fr\/index.php?rest_route=\/wp\/v2\/pages\/119\/revisions"}],"predecessor-version":[{"id":2164,"href":"http:\/\/www.voyagesutilesencampingcar.fr\/index.php?rest_route=\/wp\/v2\/pages\/119\/revisions\/2164"}],"up":[{"embeddable":true,"href":"http:\/\/www.voyagesutilesencampingcar.fr\/index.php?rest_route=\/wp\/v2\/pages\/8"}],"wp:attachment":[{"href":"http:\/\/www.voyagesutilesencampingcar.fr\/index.php?rest_route=%2Fwp%2Fv2%2Fmedia&parent=119"}],"curies":[{"name":"wp","href":"https:\/\/api.w.org\/{rel}","templated":true}]}}